{"id":286305,"date":"2024-09-11T11:44:06","date_gmt":"2024-09-11T09:44:06","guid":{"rendered":"https:\/\/www.huntersfriend.eu\/product\/final-approach-texas-rigg-med-belagt-stal\/"},"modified":"2025-08-26T11:27:53","modified_gmt":"2025-08-26T09:27:53","slug":"final-approach-texas-rigg-med-belagt-stal","status":"publish","type":"product","link":"https:\/\/www.huntersfriend.eu\/sv\/produkt\/final-approach-texas-rigg-med-belagt-stal\/","title":{"rendered":"Final Approach Texas-rigg med belagt st\u00e5l"},"content":{"rendered":"<p>FA har gjort Texas Rig-ankare f\u00f6r beten \u00e4nnu b\u00e4ttre! Den belagda vajerlinan har en tjockare bel\u00e4ggning som g\u00f6r den l\u00e4ttare att hantera i kalla f\u00f6rh\u00e5llanden och h\u00e5ller t\u00e4tt i sn\u00f6rl\u00e5sen p\u00e5 beten. Belagda vikter skyddar dina beten fr\u00e5n o\u00f6nskat slitage. Stora \u00f6glor p\u00e5 riggens ovansida g\u00f6r det enkelt att plocka upp. Linans bruna f\u00e4rg kamouflerar den i vattnet. Slut p\u00e5 att sl\u00f6sa tid p\u00e5 att reda ut dina beten n\u00e4r du s\u00e4tter upp dem. Den belagda vajern har inget minne, vilket g\u00f6r knutar och trassel till ett minne blott.      <\/p>\n<h2>Funktioner<\/h2>\n<ul>\n<li>Belagd vajerlina<\/li>\n<li>Matt finish<\/li>\n<li>Brunf\u00e4rgad lina<\/li>\n<li>Belagda vikter<\/li>\n<li>Stora \u00f6glor<\/li>\n<li>Skjutbart bete-l\u00e5s<\/li>\n<li>4-tums flytande karbinhake<\/li>\n<\/ul>\n","protected":false},"excerpt":{"rendered":"<p>3 storlekar att v\u00e4lja mellan<\/p>\n","protected":false},"featured_media":272939,"comment_status":"open","ping_status":"closed","template":"","meta":[],"product_brand":[],"product_cat":[2527,2830,2803],"product_tag":[],"class_list":{"0":"post-286305","1":"product","2":"type-product","3":"status-publish","4":"has-post-thumbnail","6":"product_cat-andbeten","7":"product_cat-gasbeten","8":"product_cat-tillbehor-for-beten","10":"first","11":"instock","12":"taxable","13":"shipping-taxable","14":"purchasable","15":"product-type-variable"},"composite_virtual":false,"composite_layout":"","composite_add_to_cart_form_location":"","composite_editable_in_cart":false,"composite_sold_individually_context":"","composite_shop_price_calc":"","composite_components":[],"composite_scenarios":[],"group_of_quantity":0,"min_quantity":0,"max_quantity":"","exclude_order_quantity_value_rules":"no","exclude_category_quantity_rules":"no","combine_variations":"no","exclude_global_add_ons":[],"addons":[],"_links":{"self":[{"href":"https:\/\/www.huntersfriend.eu\/sv\/wp-json\/wp\/v2\/product\/286305","targetHints":{"allow":["GET"]}}],"collection":[{"href":"https:\/\/www.huntersfriend.eu\/sv\/wp-json\/wp\/v2\/product"}],"about":[{"href":"https:\/\/www.huntersfriend.eu\/sv\/wp-json\/wp\/v2\/types\/product"}],"replies":[{"embeddable":true,"href":"https:\/\/www.huntersfriend.eu\/sv\/wp-json\/wp\/v2\/comments?post=286305"}],"wp:featuredmedia":[{"embeddable":true,"href":"https:\/\/www.huntersfriend.eu\/sv\/wp-json\/wp\/v2\/media\/272939"}],"wp:attachment":[{"href":"https:\/\/www.huntersfriend.eu\/sv\/wp-json\/wp\/v2\/media?parent=286305"}],"wp:term":[{"taxonomy":"product_brand","embeddable":true,"href":"https:\/\/www.huntersfriend.eu\/sv\/wp-json\/wp\/v2\/product_brand?post=286305"},{"taxonomy":"product_cat","embeddable":true,"href":"https:\/\/www.huntersfriend.eu\/sv\/wp-json\/wp\/v2\/product_cat?post=286305"},{"taxonomy":"product_tag","embeddable":true,"href":"https:\/\/www.huntersfriend.eu\/sv\/wp-json\/wp\/v2\/product_tag?post=286305"}],"curies":[{"name":"wp","href":"https:\/\/api.w.org\/{rel}","templated":true}]}}