{"id":286301,"date":"2024-09-11T14:14:58","date_gmt":"2024-09-11T12:14:58","guid":{"rendered":"https:\/\/www.huntersfriend.eu\/product\/pard-nv007v2-morkerkikare-clip-on\/"},"modified":"2025-12-17T14:55:17","modified_gmt":"2025-12-17T12:55:17","slug":"pard-nv007v2-morkerkikare-clip-on","status":"publish","type":"product","link":"https:\/\/www.huntersfriend.eu\/sv\/produkt\/pard-nv007v2-morkerkikare-clip-on\/","title":{"rendered":"Pard NV007V2 m\u00f6rkerkikare clip on"},"content":{"rendered":"<p><span class=\"jCAhz ChMk0b\"><span class=\"ryNqvb\">Pard NV007V2 \u00e4r en kompakt och m\u00e5ngsidig IR-m\u00f6rkerkikare som kan f\u00e4stas direkt p\u00e5 kikarsiktets okular, vilket f\u00f6rvandlar det till ett kraftfullt system f\u00f6r dag och natt.<\/span><\/span> <span class=\"jCAhz ChMk0b\"><span class=\"ryNqvb\">Denna l\u00e4tta enhet erbjuder en exakt och tydlig bild b\u00e5de under dagen och i m\u00f6rker tack vare den infrar\u00f6da belysningen.<\/span><\/span> <span class=\"jCAhz ChMk0b\"><span class=\"ryNqvb\">NV007V2 \u00e4r enkel att installera och ta bort, vilket m\u00f6jligg\u00f6r dess m\u00e5ngsidighet och anv\u00e4ndning med olika kikarsikten.<\/span><\/span> <span class=\"jCAhz ChMk0b\"><span class=\"ryNqvb\">Ett utm\u00e4rkt val f\u00f6r jakt och \u00f6vervakning, som erbjuder skarp bildkvalitet och toppmodern infrar\u00f6d funktionalitet. <\/span><\/span><\/p>\n<p><span class=\"jCAhz ChMk0b\"><span class=\"ryNqvb\">Dag- och m\u00f6rkerseende l\u00e4ge: L\u00e4mplig f\u00f6r anv\u00e4ndning i b\u00e5de dagsljus och m\u00f6rker, vilket g\u00f6r det till en m\u00e5ngsidig l\u00f6sning f\u00f6r olika f\u00f6rh\u00e5llanden. <\/span><\/span><\/p>\n<p><span class=\"jCAhz ChMk0b\"><span class=\"ryNqvb\">Integrerat infrar\u00f6tt ljus: Ger tydlig sikt i m\u00f6rker, upp till 200 meters avst\u00e5nd. <\/span><\/span><\/p>\n<p><span class=\"jCAhz ChMk0b\"><span class=\"ryNqvb\">L\u00e4tt att f\u00e4sta p\u00e5 kikarsiktet: NV007V2 \u00e4r utformad f\u00f6r att f\u00e4stas direkt p\u00e5 baksidan av kikarsiktet med hj\u00e4lp av den medf\u00f6ljande adaptern. <\/span><\/span><\/p>\n<p><span class=\"jCAhz ChMk0b\"><span class=\"ryNqvb\">Kompakt och l\u00e4tt design: V\u00e4ger endast cirka 250 gram, vilket m\u00f6jligg\u00f6r enkel anv\u00e4ndning utan att \u00f6ka vapnets vikt n\u00e4mnv\u00e4rt. <\/span><\/span><\/p>\n<p><span class=\"jCAhz ChMk0b\"><span class=\"ryNqvb\">HD-videoinspelning: Enheten l\u00e5ter dig spela in HD-videor p\u00e5 ett minneskort, s\u00e5 att du kan spela in dina jakt\u00f6gonblick eller \u00f6vervakningssituationer. <\/span><\/span><\/p>\n<p><span class=\"jCAhz ChMk0b\"><span class=\"ryNqvb\">L\u00e5ng batteritid: det utbytbara 18650 litiumbatteriet garanterar en l\u00e5ng driftstid, s\u00e5 enheten r\u00e4cker l\u00e4ngre utan att beh\u00f6va laddas konstant. <\/span><\/span><\/p>\n<p><span class=\"jCAhz\"><span class=\"ryNqvb\">Pard NV007V2 \u00e4r det perfekta valet f\u00f6r j\u00e4gare och \u00f6vervakningsanv\u00e4ndare som vill uppgradera sitt nuvarande gev\u00e4rssikte och f\u00e5 kraftfull prestanda i alla ljusf\u00f6rh\u00e5llanden.<\/span><\/span><\/p>\n","protected":false},"excerpt":{"rendered":"<p>850nm eller 940nm<\/p>\n","protected":false},"featured_media":273055,"comment_status":"open","ping_status":"closed","template":"","meta":[],"product_brand":[],"product_cat":[2756],"product_tag":[],"class_list":{"0":"post-286301","1":"product","2":"type-product","3":"status-publish","4":"has-post-thumbnail","6":"product_cat-morkerseende","8":"first","9":"instock","10":"taxable","11":"shipping-taxable","12":"purchasable","13":"product-type-variable"},"composite_virtual":false,"composite_layout":"","composite_add_to_cart_form_location":"","composite_editable_in_cart":false,"composite_sold_individually_context":"","composite_shop_price_calc":"","composite_components":[],"composite_scenarios":[],"group_of_quantity":0,"min_quantity":0,"max_quantity":"","exclude_order_quantity_value_rules":"no","exclude_category_quantity_rules":"no","combine_variations":"no","exclude_global_add_ons":[],"addons":[],"_links":{"self":[{"href":"https:\/\/www.huntersfriend.eu\/sv\/wp-json\/wp\/v2\/product\/286301","targetHints":{"allow":["GET"]}}],"collection":[{"href":"https:\/\/www.huntersfriend.eu\/sv\/wp-json\/wp\/v2\/product"}],"about":[{"href":"https:\/\/www.huntersfriend.eu\/sv\/wp-json\/wp\/v2\/types\/product"}],"replies":[{"embeddable":true,"href":"https:\/\/www.huntersfriend.eu\/sv\/wp-json\/wp\/v2\/comments?post=286301"}],"wp:featuredmedia":[{"embeddable":true,"href":"https:\/\/www.huntersfriend.eu\/sv\/wp-json\/wp\/v2\/media\/273055"}],"wp:attachment":[{"href":"https:\/\/www.huntersfriend.eu\/sv\/wp-json\/wp\/v2\/media?parent=286301"}],"wp:term":[{"taxonomy":"product_brand","embeddable":true,"href":"https:\/\/www.huntersfriend.eu\/sv\/wp-json\/wp\/v2\/product_brand?post=286301"},{"taxonomy":"product_cat","embeddable":true,"href":"https:\/\/www.huntersfriend.eu\/sv\/wp-json\/wp\/v2\/product_cat?post=286301"},{"taxonomy":"product_tag","embeddable":true,"href":"https:\/\/www.huntersfriend.eu\/sv\/wp-json\/wp\/v2\/product_tag?post=286301"}],"curies":[{"name":"wp","href":"https:\/\/api.w.org\/{rel}","templated":true}]}}