{"id":286300,"date":"2024-09-10T06:56:07","date_gmt":"2024-09-10T04:56:07","guid":{"rendered":"https:\/\/www.huntersfriend.eu\/product\/gpo-rangetracker-1800\/"},"modified":"2025-10-15T11:33:40","modified_gmt":"2025-10-15T09:33:40","slug":"gpo-rangetracker-1800","status":"publish","type":"product","link":"https:\/\/www.huntersfriend.eu\/sv\/produkt\/gpo-rangetracker-1800\/","title":{"rendered":"GPO rangetracker 1800"},"content":{"rendered":"<p>Tysk precisionsoptik<\/p>\n<p>Den nya RANGETRACKER 1800 uppfyller alla dina behov av laseravst\u00e5ndsm\u00e4tare med smart teknik och ett intuitivt anv\u00e4ndargr\u00e4nssnitt och ergonomisk design. Den integrerade visuella Target Finder-funktionen och SLOPE-tekniken kombineras med en av de snabbaste laseravst\u00e5ndsm\u00e4tarna p\u00e5 marknaden. <\/p>\n<p>Med en maximal r\u00e4ckvidd p\u00e5 v\u00e4lreflekterande m\u00e5l p\u00e5 1 800 meter, det integrerade Hyperscan-l\u00e4get som g\u00f6r att lasern kan arbeta med 3 m\u00e4tningar per sekund och d\u00e4rmed m\u00f6jligg\u00f6r extremt snabba m\u00e4tningar i skanningsl\u00e4ge, BEST, LAST-tekniken, temperatursensorn och SLOPE- och TRUE RANGE-ber\u00e4kningen, f\u00e5r du en produkt som har utvecklats f\u00f6r alla eventualiteter och utan kompromisser. Ergonomiskt har produkten en enhandsman\u00f6vrering som inkluderar dioptrijusteringen. Dessutom finns produkten i tv\u00e5 f\u00e4rgvarianter. Allt som allt en produkt d\u00e4r inga kompromisser har gjorts.   <\/p>\n<table>\n<tbody>\n<tr>\n<td>F\u00f6rstoring<\/td>\n<td>6x<\/td>\n<\/tr>\n<tr>\n<td>Objektivdiameter<\/td>\n<td>20 mm<\/td>\n<\/tr>\n<tr>\n<td>Utg\u00e5ngspupill<\/td>\n<td>16 mm<\/td>\n<\/tr>\n<tr>\n<td>\u00d6gonavst\u00e5nd<\/td>\n<td>3,33 mm<\/td>\n<\/tr>\n<tr>\n<td>Dioptrijustering<\/td>\n<td>+3<\/td>\n<\/tr>\n<tr>\n<td>Synf\u00e4lt p\u00e5 1000 meter<\/td>\n<td>7,5\u00b0<\/td>\n<\/tr>\n<tr>\n<td>Laserresponstid<\/td>\n<td>0,33 sek<\/td>\n<\/tr>\n<tr>\n<td>Skanningsl\u00e4ge<\/td>\n<td>Ja<\/td>\n<\/tr>\n<tr>\n<td>L\u00e4ngd<\/td>\n<td>94 mm<\/td>\n<\/tr>\n<tr>\n<td>Bredd<\/td>\n<td>33 mm<\/td>\n<\/tr>\n<tr>\n<td>H\u00f6jd<\/td>\n<td>76 mm<\/td>\n<\/tr>\n<tr>\n<td>Vikt<\/td>\n<td>148 g<\/td>\n<\/tr>\n<tr>\n<td>M\u00e4tningar per batteri CR2<\/td>\n<td>4 000<\/td>\n<\/tr>\n<tr>\n<td>Batterityp<\/td>\n<td>CR2 Litium<\/td>\n<\/tr>\n<tr>\n<td>Minsta r\u00e4ckvidd<\/td>\n<td>6 m<\/td>\n<\/tr>\n<tr>\n<td>Maximal r\u00e4ckvidd (reflekterande objekt)<\/td>\n<td>1 800 m<\/td>\n<\/tr>\n<tr>\n<td>R\u00e4ckvidd tr\u00e4d och gr\u00e4s<\/td>\n<td>700 m<\/td>\n<\/tr>\n<tr>\n<td>6\u20131 000 meters m\u00e4tnoggrannhet.<\/td>\n<td>+1<\/td>\n<\/tr>\n<tr>\n<td>1 000\u20131 800 meters m\u00e4tnoggrannhet.<\/td>\n<td>+2<\/td>\n<\/tr>\n<tr>\n<td>Laserklass (\u00f6gon s\u00e4ker)<\/td>\n<td>1M<\/td>\n<\/tr>\n<tr>\n<td>Vinkelsensor<\/td>\n<td>+\/-60\u00b0<\/td>\n<\/tr>\n<\/tbody>\n<\/table>\n","protected":false},"excerpt":{"rendered":"<p>Svart eller gr\u00f6n<\/p>\n","protected":false},"featured_media":228269,"comment_status":"open","ping_status":"closed","template":"","meta":[],"product_brand":[],"product_cat":[878],"product_tag":[],"class_list":{"0":"post-286300","1":"product","2":"type-product","3":"status-publish","4":"has-post-thumbnail","6":"product_cat-uncategorized-sv","8":"first","9":"outofstock","10":"taxable","11":"shipping-taxable","12":"product-type-simple"},"composite_virtual":false,"composite_layout":"","composite_add_to_cart_form_location":"","composite_editable_in_cart":false,"composite_sold_individually_context":"","composite_shop_price_calc":"","composite_components":[],"composite_scenarios":[],"group_of_quantity":0,"min_quantity":0,"max_quantity":"","exclude_order_quantity_value_rules":"no","exclude_category_quantity_rules":"no","combine_variations":"no","exclude_global_add_ons":[],"addons":[],"_links":{"self":[{"href":"https:\/\/www.huntersfriend.eu\/sv\/wp-json\/wp\/v2\/product\/286300","targetHints":{"allow":["GET"]}}],"collection":[{"href":"https:\/\/www.huntersfriend.eu\/sv\/wp-json\/wp\/v2\/product"}],"about":[{"href":"https:\/\/www.huntersfriend.eu\/sv\/wp-json\/wp\/v2\/types\/product"}],"replies":[{"embeddable":true,"href":"https:\/\/www.huntersfriend.eu\/sv\/wp-json\/wp\/v2\/comments?post=286300"}],"wp:featuredmedia":[{"embeddable":true,"href":"https:\/\/www.huntersfriend.eu\/sv\/wp-json\/wp\/v2\/media\/228269"}],"wp:attachment":[{"href":"https:\/\/www.huntersfriend.eu\/sv\/wp-json\/wp\/v2\/media?parent=286300"}],"wp:term":[{"taxonomy":"product_brand","embeddable":true,"href":"https:\/\/www.huntersfriend.eu\/sv\/wp-json\/wp\/v2\/product_brand?post=286300"},{"taxonomy":"product_cat","embeddable":true,"href":"https:\/\/www.huntersfriend.eu\/sv\/wp-json\/wp\/v2\/product_cat?post=286300"},{"taxonomy":"product_tag","embeddable":true,"href":"https:\/\/www.huntersfriend.eu\/sv\/wp-json\/wp\/v2\/product_tag?post=286300"}],"curies":[{"name":"wp","href":"https:\/\/api.w.org\/{rel}","templated":true}]}}