{"id":286295,"date":"2024-09-11T14:08:10","date_gmt":"2024-09-11T12:08:10","guid":{"rendered":"https:\/\/www.huntersfriend.eu\/product\/pard-nv009-ir-monokular\/"},"modified":"2026-03-18T22:00:59","modified_gmt":"2026-03-18T20:00:59","slug":"pard-nv009-ir-monokular","status":"publish","type":"product","link":"https:\/\/www.huntersfriend.eu\/sv\/produkt\/pard-nv009-ir-monokular\/","title":{"rendered":"Pard NV009 IR monokul\u00e4r"},"content":{"rendered":"<p><span class=\"jCAhz ChMk0b\"><span class=\"ryNqvb\">Pard NV009 \u00e4r en kraftfull och m\u00e5ngsidig m\u00f6rkerkikare som anv\u00e4nder IR-ljus och kombinerar h\u00f6gkvalitativ optik med avancerad teknik.<\/span><\/span> <span class=\"jCAhz\"><span class=\"ryNqvb\">Detta sikte erbjuder tydlig sikt b\u00e5de dag och natt, och dess infrar\u00f6da funktion m\u00f6jligg\u00f6r exakt m\u00e5lidentifiering \u00e4ven i fullst\u00e4ndigt m\u00f6rker.<\/span><\/span> <span class=\"jCAhz ChMk0b\"><span class=\"ryNqvb\">Den kompakta och l\u00e4tta designen g\u00f6r den enkel att installera och anv\u00e4nda, och m\u00e5ngsidiga f\u00e4stm\u00f6jligheter passar de flesta vapensystem.<\/span><\/span> <span class=\"jCAhz ChMk0b\"><span class=\"ryNqvb\">Pard NV009 \u00e4r ett utm\u00e4rkt val f\u00f6r jakt och \u00f6vervakning och erbjuder p\u00e5litlig prestanda under alla f\u00f6rh\u00e5llanden. <\/span><\/span><\/p>\n<p><span class=\"jCAhz ChMk0b\"><span class=\"ryNqvb\">Funktioner f\u00f6r dag- och m\u00f6rkerseende: L\u00e4mplig f\u00f6r b\u00e5de dagsljus och m\u00f6rker, vilket m\u00f6jligg\u00f6r m\u00e5lobserveration under alla ljusf\u00f6rh\u00e5llanden. <\/span><\/span><\/p>\n<p><span class=\"jCAhz ChMk0b\"><span class=\"ryNqvb\">Infrar\u00f6d belysning: Det integrerade IR-ljuset ger utm\u00e4rkt sikt \u00e4ven i fullst\u00e4ndigt m\u00f6rker. <\/span><\/span><\/p>\n<p><span class=\"jCAhz ChMk0b\"><span class=\"ryNqvb\">H\u00f6g uppl\u00f6sning: En skarp och tydlig bild som garanterar exakt siktning \u00e4ven p\u00e5 l\u00e5nga avst\u00e5nd. <\/span><\/span><\/p>\n<p><span class=\"jCAhz ChMk0b\"><span class=\"ryNqvb\">K\u00e4nslig sensor: 1920*1080 pixel CMOS med 0,001 lux k\u00e4nslighet.el)1920*1080(pixel) <\/span><\/span><\/p>\n<p><span class=\"jCAhz\"><span class=\"ryNqvb\">Kompakt och l\u00e4tt design: L\u00e4tt enhet, endast 305 gram.<\/span><\/span><\/p>\n<p><span class=\"jCAhz ChMk0b\"><span class=\"ryNqvb\">Yttre m\u00e5tt 150x70x38mm. <\/span><\/span><\/p>\n<p><span class=\"jCAhz ChMk0b\"><span class=\"ryNqvb\">L\u00e4ttanv\u00e4nt anv\u00e4ndargr\u00e4nssnitt: Snabb och intuitiv anv\u00e4ndning, \u00e4ven under utmanande f\u00f6rh\u00e5llanden. <\/span><\/span><\/p>\n<p><span class=\"jCAhz ChMk0b\"><span class=\"ryNqvb\">Finns i 850nm &amp; 940nm-modeller. <\/span><\/span><\/p>\n<p><span class=\"jCAhz ChMk0b\"><span class=\"ryNqvb\">Pard NV009 \u00e4r designad f\u00f6r aktiva j\u00e4gare och andra anv\u00e4ndare som kr\u00e4ver prestanda och tillf\u00f6rlitlighet i toppklass i m\u00f6rker till ett \u00f6verkomligt pris.<\/span><\/span><\/p>\n","protected":false},"excerpt":{"rendered":"<p>850nm eller 940nm<\/p>\n","protected":false},"featured_media":273039,"comment_status":"open","ping_status":"closed","template":"","meta":[],"product_brand":[],"product_cat":[2756],"product_tag":[],"class_list":{"0":"post-286295","1":"product","2":"type-product","3":"status-publish","4":"has-post-thumbnail","6":"product_cat-morkerseende","8":"first","9":"instock","10":"taxable","11":"shipping-taxable","12":"purchasable","13":"product-type-variable"},"composite_virtual":false,"composite_layout":"","composite_add_to_cart_form_location":"","composite_editable_in_cart":false,"composite_sold_individually_context":"","composite_shop_price_calc":"","composite_components":[],"composite_scenarios":[],"group_of_quantity":0,"min_quantity":0,"max_quantity":"","exclude_order_quantity_value_rules":"no","exclude_category_quantity_rules":"no","combine_variations":"no","exclude_global_add_ons":[],"addons":[],"_links":{"self":[{"href":"https:\/\/www.huntersfriend.eu\/sv\/wp-json\/wp\/v2\/product\/286295","targetHints":{"allow":["GET"]}}],"collection":[{"href":"https:\/\/www.huntersfriend.eu\/sv\/wp-json\/wp\/v2\/product"}],"about":[{"href":"https:\/\/www.huntersfriend.eu\/sv\/wp-json\/wp\/v2\/types\/product"}],"replies":[{"embeddable":true,"href":"https:\/\/www.huntersfriend.eu\/sv\/wp-json\/wp\/v2\/comments?post=286295"}],"wp:featuredmedia":[{"embeddable":true,"href":"https:\/\/www.huntersfriend.eu\/sv\/wp-json\/wp\/v2\/media\/273039"}],"wp:attachment":[{"href":"https:\/\/www.huntersfriend.eu\/sv\/wp-json\/wp\/v2\/media?parent=286295"}],"wp:term":[{"taxonomy":"product_brand","embeddable":true,"href":"https:\/\/www.huntersfriend.eu\/sv\/wp-json\/wp\/v2\/product_brand?post=286295"},{"taxonomy":"product_cat","embeddable":true,"href":"https:\/\/www.huntersfriend.eu\/sv\/wp-json\/wp\/v2\/product_cat?post=286295"},{"taxonomy":"product_tag","embeddable":true,"href":"https:\/\/www.huntersfriend.eu\/sv\/wp-json\/wp\/v2\/product_tag?post=286295"}],"curies":[{"name":"wp","href":"https:\/\/api.w.org\/{rel}","templated":true}]}}