{"id":286287,"date":"2024-09-11T13:12:39","date_gmt":"2024-09-11T11:12:39","guid":{"rendered":"https:\/\/www.huntersfriend.eu\/product\/pard-fd1-clip-on-940-nm\/"},"modified":"2026-03-18T22:00:51","modified_gmt":"2026-03-18T20:00:51","slug":"pard-fd1-clip-on-940-nm","status":"publish","type":"product","link":"https:\/\/www.huntersfriend.eu\/sv\/produkt\/pard-fd1-clip-on-940-nm\/","title":{"rendered":"Pard FD1 clip on, 940 nm"},"content":{"rendered":"<p><span class=\"jCAhz ChMk0b\"><span class=\"ryNqvb\">Pard FD1 LRF Clip On kombinerar banbrytande teknik och praktisk anv\u00e4ndning och erbjuder utm\u00e4rkt m\u00f6rkerseende direkt i ditt sikte.<\/span><\/span> <span class=\"jCAhz ChMk0b\"><span class=\"ryNqvb\">Denna innovativa digitala m\u00f6rkerseendeenhet kan utrustas med en inbyggd laseravst\u00e5ndsm\u00e4tare (LRF) som m\u00f6jligg\u00f6r exakt avst\u00e5ndsm\u00e4tning upp till 600 meter.<\/span><\/span> <span class=\"jCAhz ChMk0b\"><span class=\"ryNqvb\">FD1 Clip On \u00e4r utformad f\u00f6r att f\u00f6rb\u00e4ttra din jaktupplevelse i alla ljusf\u00f6rh\u00e5llanden. <\/span><\/span><\/p>\n<p><span class=\"jCAhz ChMk0b\"><span class=\"ryNqvb\">Funktioner f\u00f6r dag- och m\u00f6rkerseende: Ger ljus och skarp sikt i b\u00e5de dag- och nattf\u00f6rh\u00e5llanden och omvandlar ett dagsikte till ett effektivt system f\u00f6r nattprestanda.<\/span><\/span><\/p>\n<p><span class=\"jCAhz ChMk0b\"><span class=\"ryNqvb\">Inbyggd laseravst\u00e5ndsm\u00e4tare <strong>(endast LRF-modell<\/strong>!): \u00d6vervakar m\u00e5lavst\u00e5nd upp till 600 meter, vilket f\u00f6rb\u00e4ttrar noggrannheten och m\u00e5lbed\u00f6mningen.<\/span><\/span><span class=\"jCAhz ChMk0b\"><span class=\"ryNqvb\">Integrerat infrar\u00f6tt ljus: Ger utm\u00e4rkt sikt i m\u00f6rker p\u00e5 ett avst\u00e5nd av upp till 300 meter, vilket m\u00f6jligg\u00f6r effektiv m\u00e5lidentifiering.<\/span><\/span> <\/p>\n<p><span class=\"jCAhz ChMk0b\"><span class=\"ryNqvb\">Kompakt och l\u00e4tt design: V\u00e4ger endast cirka 320 gram, vilket m\u00f6jligg\u00f6r enkel fasts\u00e4ttning och anv\u00e4ndning utan betydande extra vikt p\u00e5 vapnet.<\/span><\/span><\/p>\n<p>Integrerat infrar\u00f6tt ljus: Ger utm\u00e4rkt sikt i m\u00f6rker p\u00e5 ett avst\u00e5nd av upp till 300 meter, vilket f\u00f6rb\u00e4ttrar m\u00e5lidentifieringen.<\/p>\n<p>L\u00e4ttanv\u00e4nt f\u00e4stsystem: Snabb och enkel fasts\u00e4ttning p\u00e5 siktet med en separat (s\u00e4ljs separat) adapter 53 mm och 63 mm.<\/p>\n<p><span class=\"jCAhz ChMk0b\"><span class=\"ryNqvb\">HD-bildkvalitet: H\u00f6g uppl\u00f6sning garanterar en tydlig och detaljerad bild i alla ljusf\u00f6rh\u00e5llanden. <\/span><\/span><\/p>\n<p><span class=\"jCAhz ChMk0b\"><span class=\"ryNqvb\">L\u00e4ttanv\u00e4nt f\u00e4stsystem: Snabb och enkel fasts\u00e4ttning p\u00e5 siktet utan behov av separata justeringar eller modifieringar. <\/span><\/span><\/p>\n<p><span class=\"jCAhz ChMk0b\"><span class=\"ryNqvb\">L\u00e5ng batteritid: Batteriet med h\u00f6g kapacitet m\u00f6jligg\u00f6r l\u00e5ngvarig anv\u00e4ndning, s\u00e5 du kan lita p\u00e5 enhetens funktion \u00e4ven under l\u00e5nga perioder. <\/span><\/span><\/p>\n<p><span class=\"jCAhz\"><span class=\"ryNqvb\">Pard FD1 Clip On \u00e4r det perfekta valet f\u00f6r j\u00e4gare och \u00f6vervakningsanv\u00e4ndare som beh\u00f6ver en kombination av synlighet p\u00e5 h\u00f6gsta niv\u00e5 och exakt avst\u00e5ndsm\u00e4tning (<strong>endast LRF-modell!<\/strong>) i en praktisk enhet.<\/span><\/span><\/p>\n<p>Inkluderar 43 mm clip-on adapter<\/p>\n","protected":false},"excerpt":{"rendered":"<p>Pard FD1 LRF Clip On kombinerar banbrytande teknik och praktisk anv\u00e4ndning och erbjuder utm\u00e4rkt m\u00f6rkerseende direkt i ditt sikte. Denna innovativa digitala m\u00f6rkerseendeenhet kan utrustas med en inbyggd laseravst\u00e5ndsm\u00e4tare (LRF) som m\u00f6jligg\u00f6r exakt avst\u00e5ndsm\u00e4tning upp till 600 meter. FD1 Clip On \u00e4r utformad f\u00f6r att f\u00f6rb\u00e4ttra din jaktupplevelse i alla ljusf\u00f6rh\u00e5llanden. Funktioner f\u00f6r dag- och [&#8230;]\n","protected":false},"featured_media":273015,"comment_status":"open","ping_status":"closed","template":"","meta":[],"product_brand":[],"product_cat":[2756],"product_tag":[],"class_list":{"0":"post-286287","1":"product","2":"type-product","3":"status-publish","4":"has-post-thumbnail","6":"product_cat-morkerseende","8":"first","9":"instock","10":"taxable","11":"shipping-taxable","12":"purchasable","13":"product-type-variable"},"composite_virtual":false,"composite_layout":"","composite_add_to_cart_form_location":"","composite_editable_in_cart":false,"composite_sold_individually_context":"","composite_shop_price_calc":"","composite_components":[],"composite_scenarios":[],"group_of_quantity":0,"min_quantity":0,"max_quantity":"","exclude_order_quantity_value_rules":"no","exclude_category_quantity_rules":"no","combine_variations":"no","exclude_global_add_ons":[],"addons":[],"_links":{"self":[{"href":"https:\/\/www.huntersfriend.eu\/sv\/wp-json\/wp\/v2\/product\/286287","targetHints":{"allow":["GET"]}}],"collection":[{"href":"https:\/\/www.huntersfriend.eu\/sv\/wp-json\/wp\/v2\/product"}],"about":[{"href":"https:\/\/www.huntersfriend.eu\/sv\/wp-json\/wp\/v2\/types\/product"}],"replies":[{"embeddable":true,"href":"https:\/\/www.huntersfriend.eu\/sv\/wp-json\/wp\/v2\/comments?post=286287"}],"wp:featuredmedia":[{"embeddable":true,"href":"https:\/\/www.huntersfriend.eu\/sv\/wp-json\/wp\/v2\/media\/273015"}],"wp:attachment":[{"href":"https:\/\/www.huntersfriend.eu\/sv\/wp-json\/wp\/v2\/media?parent=286287"}],"wp:term":[{"taxonomy":"product_brand","embeddable":true,"href":"https:\/\/www.huntersfriend.eu\/sv\/wp-json\/wp\/v2\/product_brand?post=286287"},{"taxonomy":"product_cat","embeddable":true,"href":"https:\/\/www.huntersfriend.eu\/sv\/wp-json\/wp\/v2\/product_cat?post=286287"},{"taxonomy":"product_tag","embeddable":true,"href":"https:\/\/www.huntersfriend.eu\/sv\/wp-json\/wp\/v2\/product_tag?post=286287"}],"curies":[{"name":"wp","href":"https:\/\/api.w.org\/{rel}","templated":true}]}}