{"id":286282,"date":"2024-09-11T12:49:12","date_gmt":"2024-09-11T10:49:12","guid":{"rendered":"https:\/\/www.huntersfriend.eu\/product\/pard-fd1-adapter\/"},"modified":"2026-03-18T22:00:59","modified_gmt":"2026-03-18T20:00:59","slug":"pard-fd1-adapter","status":"publish","type":"product","link":"https:\/\/www.huntersfriend.eu\/sv\/produkt\/pard-fd1-adapter\/","title":{"rendered":"Pard FD1-adapter"},"content":{"rendered":"<p><span class=\"jCAhz\"><span class=\"ryNqvb\">Pard FD1 &amp; FT-adapter, med vilken du enkelt och snabbt f\u00e4ster IR-\/v\u00e4rmeenheten p\u00e5 framsidan av kikarsiktet.<\/span><\/span><\/p>\n<p><span class=\"jCAhz ChMk0b\"><span class=\"ryNqvb\">M\u00e4t ytterdiametern p\u00e5 framsidan av ditt kikarsikte och v\u00e4lj produkten d\u00e4refter.<\/span><\/span><\/p>\n<p><span class=\"jCAhz ChMk0b\"><span class=\"ryNqvb\">V<\/span><\/span><span class=\"jCAhz ChMk0b\"><span class=\"ryNqvb\">\u00e4lj en adapter som \u00e4r st\u00f6rre \u00e4n diametern p\u00e5 framsidan.<\/span><\/span> <\/p>\n<p><span class=\"jCAhz ChMk0b\"><span class=\"ryNqvb\">Den h\u00e4r produkten \u00e4r l\u00e4mplig f\u00f6r Pard FD1 &amp; FT-modeller.<\/span><\/span><\/p>\n","protected":false},"excerpt":{"rendered":"<p>Pard FD1 &amp; FT-adapter, med vilken du enkelt och snabbt f\u00e4ster IR-\/v\u00e4rmeenheten p\u00e5 framsidan av kikarsiktet. M\u00e4t ytterdiametern p\u00e5 framsidan av ditt kikarsikte och v\u00e4lj produkten d\u00e4refter. V\u00e4lj en adapter som \u00e4r st\u00f6rre \u00e4n diametern p\u00e5 framsidan. Den h\u00e4r produkten \u00e4r l\u00e4mplig f\u00f6r Pard FD1 &amp; FT-modeller.<\/p>\n","protected":false},"featured_media":273006,"comment_status":"open","ping_status":"closed","template":"","meta":[],"product_brand":[],"product_cat":[2524,2529],"product_tag":[],"class_list":{"0":"post-286282","1":"product","2":"type-product","3":"status-publish","4":"has-post-thumbnail","6":"product_cat-optiktillbehor","7":"product_cat-varmebilder","9":"first","10":"instock","11":"taxable","12":"shipping-taxable","13":"purchasable","14":"product-type-variable"},"composite_virtual":false,"composite_layout":"","composite_add_to_cart_form_location":"","composite_editable_in_cart":false,"composite_sold_individually_context":"","composite_shop_price_calc":"","composite_components":[],"composite_scenarios":[],"group_of_quantity":0,"min_quantity":0,"max_quantity":"","exclude_order_quantity_value_rules":"no","exclude_category_quantity_rules":"no","combine_variations":"no","exclude_global_add_ons":[],"addons":[],"_links":{"self":[{"href":"https:\/\/www.huntersfriend.eu\/sv\/wp-json\/wp\/v2\/product\/286282","targetHints":{"allow":["GET"]}}],"collection":[{"href":"https:\/\/www.huntersfriend.eu\/sv\/wp-json\/wp\/v2\/product"}],"about":[{"href":"https:\/\/www.huntersfriend.eu\/sv\/wp-json\/wp\/v2\/types\/product"}],"replies":[{"embeddable":true,"href":"https:\/\/www.huntersfriend.eu\/sv\/wp-json\/wp\/v2\/comments?post=286282"}],"wp:featuredmedia":[{"embeddable":true,"href":"https:\/\/www.huntersfriend.eu\/sv\/wp-json\/wp\/v2\/media\/273006"}],"wp:attachment":[{"href":"https:\/\/www.huntersfriend.eu\/sv\/wp-json\/wp\/v2\/media?parent=286282"}],"wp:term":[{"taxonomy":"product_brand","embeddable":true,"href":"https:\/\/www.huntersfriend.eu\/sv\/wp-json\/wp\/v2\/product_brand?post=286282"},{"taxonomy":"product_cat","embeddable":true,"href":"https:\/\/www.huntersfriend.eu\/sv\/wp-json\/wp\/v2\/product_cat?post=286282"},{"taxonomy":"product_tag","embeddable":true,"href":"https:\/\/www.huntersfriend.eu\/sv\/wp-json\/wp\/v2\/product_tag?post=286282"}],"curies":[{"name":"wp","href":"https:\/\/api.w.org\/{rel}","templated":true}]}}