{"id":286281,"date":"2024-09-03T11:21:32","date_gmt":"2024-09-03T09:21:32","guid":{"rendered":"https:\/\/www.huntersfriend.eu\/product\/sitka-flash-optics-sele-med-faste\/"},"modified":"2025-09-17T13:10:48","modified_gmt":"2025-09-17T11:10:48","slug":"sitka-flash-optics-sele-med-faste","status":"publish","type":"product","link":"https:\/\/www.huntersfriend.eu\/sv\/produkt\/sitka-flash-optics-sele-med-faste\/","title":{"rendered":"SITKA flash optics sele med f\u00e4ste"},"content":{"rendered":"<p>Varf\u00f6r vi skapade detta&#8230;<br \/>\nVi best\u00e4mde oss f\u00f6r att konstruera en modul\u00e4r sele som fungerade s\u00f6ml\u00f6st med utrustningen hos j\u00e4gare som sl\u00e5r l\u00e4ger i tr\u00e4den. Med en flyttbar avst\u00e5ndsm\u00e4tarficka, MOLLE-paneler och enhandsman\u00f6vrering f\u00f6r b\u00e5de v\u00e4nster- och h\u00f6gerh\u00e4nta, levererar Flash Optics-selen en smidig integration med alla upps\u00e4ttningar.<br \/>\nMed utg\u00e5ngspunkt i arvet fr\u00e5n v\u00e5r Mountain Optics Harness har vi designat Flash Optics Harness f\u00f6r fullst\u00e4ndig modularitet och integration med din utrustning. Denna anpassningsbara kikare- och avst\u00e5ndsm\u00e4tarsele sitter som en v\u00e4st och kan tas p\u00e5 och av i ett nafs n\u00e4r du b\u00e4r en tr\u00e4dkojessele, en huva eller jagar fr\u00e5n en sadel. Med begr\u00e4nsade remmar, tysta st\u00e4ngningar och magnetiska lock som stuvas undan f\u00f6r f\u00f6rb\u00e4ttrad \u00e5tkomst, \u00e4r detta den mest smygande selen som n\u00e5gonsin tillverkats.   <\/p>\n<p>Enkel p\u00e5- och avtagning med en enda f\u00e4stpunkt m\u00f6jligg\u00f6r enhandsman\u00f6vrering<\/p>\n<p>Strukturerad ryggpanel f\u00f6r v\u00e4stliknande passform<\/p>\n<p>Laserskurna h\u00e5l f\u00e4sta p\u00e5 airmesh skapar optimal andningsf\u00f6rm\u00e5ga i hela selen<\/p>\n<p>Designad f\u00f6r 8x och 10x kikare upp till 17 cm h\u00f6ga<\/p>\n<p>Inkluderar avst\u00e5ndsm\u00e4tarficka f\u00f6r b\u00e5de v\u00e4nster- och h\u00f6gerh\u00e4nta med spirallina<\/p>\n<p>Magnetiskt topplock p\u00e5 kikarfodral och avst\u00e5ndsm\u00e4tarficka f\u00f6r tyst anv\u00e4ndning och enkel \u00e5tkomst till optik<\/p>\n<p>Hypalon MOLLE-v\u00e4v f\u00f6r tillbeh\u00f6rsf\u00e4sten p\u00e5 b\u00e5da sidor av optikfodralet, samt under selen<\/p>\n<p>En snabbkopplingslina f\u00f6r kikare, f\u00e4stbar p\u00e5 b\u00e4rarens v\u00e4nstra eller h\u00f6gra sida<\/p>\n<p>F\u00e4stpunkt f\u00f6r Jetstream Insulated WS Muff under optikh\u00e5llaren<\/p>\n<p>Sidofickor och bakfickor i stretchmesh h\u00e5ller vindindikator och andra verktyg n\u00e4ra till hands<\/p>\n<p>Bakficka med dragkedja<\/p>\n<p>Justerbar f\u00f6r optimal passform<\/p>\n<p>Patents\u00f6kta clips g\u00f6r kikarfodralet enkelt avtagbart fr\u00e5n selen<\/p>\n<p>Intern linsduk<\/p>\n","protected":false},"excerpt":{"rendered":"<p>Varf\u00f6r vi skapade detta&#8230; Vi best\u00e4mde oss f\u00f6r att konstruera en modul\u00e4r sele som fungerade s\u00f6ml\u00f6st med utrustningen hos j\u00e4gare som sl\u00e5r l\u00e4ger i tr\u00e4den. Med en flyttbar avst\u00e5ndsm\u00e4tarficka, MOLLE-paneler och enhandsman\u00f6vrering f\u00f6r b\u00e5de v\u00e4nster- och h\u00f6gerh\u00e4nta, levererar Flash Optics-selen en smidig integration med alla upps\u00e4ttningar. Med utg\u00e5ngspunkt i arvet fr\u00e5n v\u00e5r Mountain Optics Harness [&#8230;]\n","protected":false},"featured_media":272449,"comment_status":"open","ping_status":"closed","template":"","meta":[],"product_brand":[],"product_cat":[2820],"product_tag":[],"class_list":{"0":"post-286281","1":"product","2":"type-product","3":"status-publish","4":"has-post-thumbnail","6":"product_cat-kikarselesar","8":"first","9":"instock","10":"taxable","11":"shipping-taxable","12":"purchasable","13":"product-type-variable"},"composite_virtual":false,"composite_layout":"","composite_add_to_cart_form_location":"","composite_editable_in_cart":false,"composite_sold_individually_context":"","composite_shop_price_calc":"","composite_components":[],"composite_scenarios":[],"group_of_quantity":0,"min_quantity":0,"max_quantity":"","exclude_order_quantity_value_rules":"no","exclude_category_quantity_rules":"no","combine_variations":"no","exclude_global_add_ons":[],"addons":[],"_links":{"self":[{"href":"https:\/\/www.huntersfriend.eu\/sv\/wp-json\/wp\/v2\/product\/286281","targetHints":{"allow":["GET"]}}],"collection":[{"href":"https:\/\/www.huntersfriend.eu\/sv\/wp-json\/wp\/v2\/product"}],"about":[{"href":"https:\/\/www.huntersfriend.eu\/sv\/wp-json\/wp\/v2\/types\/product"}],"replies":[{"embeddable":true,"href":"https:\/\/www.huntersfriend.eu\/sv\/wp-json\/wp\/v2\/comments?post=286281"}],"wp:featuredmedia":[{"embeddable":true,"href":"https:\/\/www.huntersfriend.eu\/sv\/wp-json\/wp\/v2\/media\/272449"}],"wp:attachment":[{"href":"https:\/\/www.huntersfriend.eu\/sv\/wp-json\/wp\/v2\/media?parent=286281"}],"wp:term":[{"taxonomy":"product_brand","embeddable":true,"href":"https:\/\/www.huntersfriend.eu\/sv\/wp-json\/wp\/v2\/product_brand?post=286281"},{"taxonomy":"product_cat","embeddable":true,"href":"https:\/\/www.huntersfriend.eu\/sv\/wp-json\/wp\/v2\/product_cat?post=286281"},{"taxonomy":"product_tag","embeddable":true,"href":"https:\/\/www.huntersfriend.eu\/sv\/wp-json\/wp\/v2\/product_tag?post=286281"}],"curies":[{"name":"wp","href":"https:\/\/api.w.org\/{rel}","templated":true}]}}