{"id":286279,"date":"2024-08-31T00:22:12","date_gmt":"2024-08-30T22:22:12","guid":{"rendered":"https:\/\/www.huntersfriend.eu\/product\/swarovski-kikarselesar\/"},"modified":"2025-08-26T11:27:44","modified_gmt":"2025-08-26T09:27:44","slug":"swarovski-kikarselesar","status":"publish","type":"product","link":"https:\/\/www.huntersfriend.eu\/sv\/produkt\/swarovski-kikarselesar\/","title":{"rendered":"Swarovski kikarselesar"},"content":{"rendered":"<p>Selen ger optimalt skydd f\u00f6r din kikare och \u00e4r exceptionellt bekv\u00e4m vid observation av vilda djur eller jakt. Det inneb\u00e4r ocks\u00e5 att du alltid har din kikare till hands n\u00e4r du beh\u00f6ver den. Den kompakta selen \u00e4r l\u00e4tt att ta p\u00e5 tack vare de praktiska magnetf\u00e4stena, och din kikare sitter alltid t\u00e4tt mot br\u00f6stet n\u00e4r du r\u00f6r dig. Men den \u00e4r inte bara praktisk. Selen imponerar ocks\u00e5 med sin SWAROVSKI OPTIK-design och sina h\u00f6gkvalitativa material.    <\/p>\n<p><span class=\"swo-css-bmqmpb\">Produktbeskrivning<\/span><\/p>\n<div class=\"swo-css-1kfpjwd\">\n<div class=\"swo-css-1dr91l7-DescriptionRichText eyzq37t0\">\n<p><b>Kompakt sele f\u00f6r din kikare<\/b><br \/>\nOavsett om du sprintar, kryper eller hukar dig h\u00e5ller selen din kikare s\u00e4kert p\u00e5 plats. Det finns ocks\u00e5 en extra rem p\u00e5 varje sida f\u00f6r att s\u00e4kerst\u00e4lla att din kikare sitter helt s\u00e4kert. Mindre f\u00f6rem\u00e5l kan ocks\u00e5 f\u00f6rvaras snabbt och s\u00e4kert i de tv\u00e5 sidofacken.  <\/p>\n<p><b>Maximalt skydd f\u00f6r din kikare<\/b><br \/>\nSkydda din kikare fr\u00e5n fukt, pl\u00f6tsliga st\u00f6tar och mer. \u00c4ven om du kryper eller hukar dig n\u00e4ra marken skyddar selen din kikare fr\u00e5n smuts och stenar. Det inneb\u00e4r ocks\u00e5 att du alltid har din kikare till hands n\u00e4r du beh\u00f6ver den.  <\/p>\n<p><b>Komfort hela v\u00e4gen<\/b><br \/>\nDe ergonomiskt formade, robusta remmarna, den strategiskt placerade vadderingen och X-designen p\u00e5 baksidan avlastar nacken och ser till att du knappt m\u00e4rker att du b\u00e4r selen. Den platta designen p\u00e5 baksidan inneb\u00e4r att du \u00e4ven kan b\u00e4ra en ryggs\u00e4ck om du vill. <\/p>\n<p><b>Ta tag i din kikare n\u00e4r du \u00e4n beh\u00f6ver den<\/b><br \/>\nF\u00f6r att ta tag i din kikare \u00f6ppnar du bara den fr\u00e4mre luckan med hj\u00e4lp av magnetf\u00e4stet ovanp\u00e5 selen och f\u00e4ller ner den. Det \u00e4r till och med l\u00e4tt att g\u00f6ra detta med en hand. F\u00f6r att s\u00e4kerst\u00e4lla att luckan sitter fast f\u00e4ster du den helt enkelt p\u00e5 botten av selen med ett magnetf\u00e4ste.  <\/p>\n<p><b>SWAROVSKI OPTIK design och kvalitet<\/b><br \/>\nNjut av f\u00f6rdelen med h\u00f6gkvalitativa material och f\u00e4sten. De \u00e4r robusta och h\u00e5llbara s\u00e5 att du kan njuta av att anv\u00e4nda din sele s\u00e5 l\u00e4nge som m\u00f6jligt under varje aktivitet. Selen har utformats f\u00f6r att passa din SWAROVSKI OPTIK-kikare perfekt och det m\u00f6rkgr\u00f6na tyget \u00e4r diskret i naturen.  <\/p>\n<p><b>L\u00e4mplig f\u00f6r:<\/b><\/p>\n<ul>\n<li>AX visio<\/li>\n<li>EL 42 \/ EL 32<\/li>\n<li>EL range 42 \/ EL range 32<\/li>\n<li>NL pure 42 \/ NL pure 32 \/ NL pure 52<\/li>\n<li>SLC 56<\/li>\n<\/ul>\n<\/div>\n<\/div>\n","protected":false},"excerpt":{"rendered":"<p>Selen ger optimalt skydd f\u00f6r din kikare och \u00e4r exceptionellt bekv\u00e4m vid observation av vilda djur eller jakt. Det inneb\u00e4r ocks\u00e5 att du alltid har din kikare till hands n\u00e4r du beh\u00f6ver den. Den kompakta selen \u00e4r l\u00e4tt att ta p\u00e5 tack vare de praktiska magnetf\u00e4stena, och din kikare sitter alltid t\u00e4tt mot br\u00f6stet n\u00e4r [&#8230;]\n","protected":false},"featured_media":272343,"comment_status":"open","ping_status":"closed","template":"","meta":[],"product_brand":[],"product_cat":[2820],"product_tag":[],"class_list":{"0":"post-286279","1":"product","2":"type-product","3":"status-publish","4":"has-post-thumbnail","6":"product_cat-kikarselesar","8":"first","9":"outofstock","10":"taxable","11":"shipping-taxable","12":"purchasable","13":"product-type-simple"},"composite_virtual":false,"composite_layout":"","composite_add_to_cart_form_location":"","composite_editable_in_cart":false,"composite_sold_individually_context":"","composite_shop_price_calc":"","composite_components":[],"composite_scenarios":[],"group_of_quantity":0,"min_quantity":0,"max_quantity":"","exclude_order_quantity_value_rules":"no","exclude_category_quantity_rules":"no","combine_variations":"no","exclude_global_add_ons":[],"addons":[],"_links":{"self":[{"href":"https:\/\/www.huntersfriend.eu\/sv\/wp-json\/wp\/v2\/product\/286279","targetHints":{"allow":["GET"]}}],"collection":[{"href":"https:\/\/www.huntersfriend.eu\/sv\/wp-json\/wp\/v2\/product"}],"about":[{"href":"https:\/\/www.huntersfriend.eu\/sv\/wp-json\/wp\/v2\/types\/product"}],"replies":[{"embeddable":true,"href":"https:\/\/www.huntersfriend.eu\/sv\/wp-json\/wp\/v2\/comments?post=286279"}],"wp:featuredmedia":[{"embeddable":true,"href":"https:\/\/www.huntersfriend.eu\/sv\/wp-json\/wp\/v2\/media\/272343"}],"wp:attachment":[{"href":"https:\/\/www.huntersfriend.eu\/sv\/wp-json\/wp\/v2\/media?parent=286279"}],"wp:term":[{"taxonomy":"product_brand","embeddable":true,"href":"https:\/\/www.huntersfriend.eu\/sv\/wp-json\/wp\/v2\/product_brand?post=286279"},{"taxonomy":"product_cat","embeddable":true,"href":"https:\/\/www.huntersfriend.eu\/sv\/wp-json\/wp\/v2\/product_cat?post=286279"},{"taxonomy":"product_tag","embeddable":true,"href":"https:\/\/www.huntersfriend.eu\/sv\/wp-json\/wp\/v2\/product_tag?post=286279"}],"curies":[{"name":"wp","href":"https:\/\/api.w.org\/{rel}","templated":true}]}}