{"id":286278,"date":"2024-09-02T10:49:25","date_gmt":"2024-09-02T08:49:25","guid":{"rendered":"https:\/\/www.huntersfriend.eu\/product\/swarovski-tm-35-2-clip-on-varmekamera\/"},"modified":"2025-08-26T11:27:44","modified_gmt":"2025-08-26T09:27:44","slug":"swarovski-tm-35-2-clip-on-varmekamera","status":"publish","type":"product","link":"https:\/\/www.huntersfriend.eu\/sv\/produkt\/swarovski-tm-35-2-clip-on-varmekamera\/","title":{"rendered":"Swarovski tM 35.2 clip-on v\u00e4rmekamera"},"content":{"rendered":"<p>tM 35.2 imponerar b\u00e5de som clip-on och som handh\u00e5llen observationsenhet. I skymning och m\u00f6rker kan du enkelt f\u00f6rlita dig p\u00e5 den h\u00e4r v\u00e4rmekameran som alltid \u00e4r redo att anv\u00e4ndas under hela natten tack vare den energibesparande SWAROLIGHT automatiska p\u00e5\/av-timer och intelligenta ljusstyrkejusteringen. Den intuitiva hanteringen g\u00f6r tM 35.2 till ett toppval f\u00f6r jaktentusiaster. F\u00f6rvandla omedelbart ditt SWAROVSKI OPTIK-kikarsikte fr\u00e5n serierna dS, Z8i, Z6i, Z5(i) och Z3 till ett v\u00e4rmekamera-kikarsikte med den kompatibla tMA-adaptern f\u00f6r termiska monokularer. tM 35.2 \u2013 den idealiska clip-on-v\u00e4rmekameran f\u00f6r m\u00f6rka n\u00e4tter p\u00e5 passet.    <\/p>\n<p><span class=\"swo-css-bmqmpb\">Produktbeskrivning<\/span><\/p>\n<div class=\"swo-css-1kfpjwd\">\n<div class=\"swo-css-1dr91l7-DescriptionRichText eyzq37t0\">\n<p>tM 35.2 imponerar b\u00e5de som handh\u00e5llen observationsenhet och clip-on. Den bepr\u00f6vade, energibesparande SWAROLIGHT automatiska p\u00e5\/av-timer och intelligenta ljusstyrkejusteringen s\u00e4kerst\u00e4ller att den alltid \u00e4r redo att anv\u00e4ndas. Beroende p\u00e5 jaktsituationen kan detaljigenk\u00e4nningen f\u00f6rb\u00e4ttras genom att v\u00e4xla mellan l\u00e4gena White Hot och Black Hot.  <\/p>\n<p>tM 35.2 kan anv\u00e4ndas intuitivt i m\u00f6rker och \u00e4r kompatibel med SWAROVSKI OPTIK-kikarsikten fr\u00e5n serierna dS, Z8i, Z6i, Z5(i) och Z3.<\/p>\n<p><b>NATTJAKT OCH PRECISION<\/b><br \/>\nN\u00e4r jakten forts\u00e4tter in p\u00e5 natten f\u00f6rlitar sig j\u00e4gare p\u00e5 v\u00e4rmekameran tM 35.2. Som clip-on-enhet passar den perfekt p\u00e5 ditt SWAROVSKI OPTIK-kikarsikte och garanterar en 100 % tillf\u00f6rlitlig tr\u00e4ffpunkt utan behov av inskjutning. <\/p>\n<p><b>L\u00c4TT ATT ANV\u00c4NDA<\/b><br \/>\nEn viktig f\u00f6rdel p\u00e5 natten: Tack vare automatisk p\u00e5\/av-funktion, intelligent ljusstyrkejustering och l\u00e5ng batteritid \u00e4r tM 35.2 omedelbart redo att anv\u00e4ndas n\u00e4r som helst.<\/p>\n<p><b>Obs:<\/b><br \/>\nLagstiftningen om skjutvapen och jakt fastst\u00e4ller s\u00e4rskilda villkor f\u00f6r k\u00f6p, innehav och anv\u00e4ndning av v\u00e4rmekameror. Kontrollera alltid nationella best\u00e4mmelser och f\u00f6reskrifter f\u00f6re k\u00f6p eller anv\u00e4ndning. <\/p>\n<p><span class=\"swo-css-bmqmpb\">Ing\u00e5r:<\/span><\/p>\n<ul>\n<li class=\"swo-css-1a0tqat\">RB tM 35 uppladdningsbart batteri<\/li>\n<li class=\"swo-css-1a0tqat\">RBC batteriladdare<\/li>\n<li class=\"swo-css-1a0tqat\">Micro-USB-laddningskabel<\/li>\n<li class=\"swo-css-1a0tqat\">F\u00e4ltv\u00e4ska<\/li>\n<li class=\"swo-css-1a0tqat\">Vingformad \u00f6gonmussla<\/li>\n<li class=\"swo-css-1a0tqat\">B\u00e4rrem<\/li>\n<li class=\"swo-css-1a0tqat\">Handrem<\/li>\n<li class=\"swo-css-1a0tqat\">Okularskydd<\/li>\n<li class=\"swo-css-1a0tqat\">Integrerat objektivlock<\/li>\n<\/ul>\n<div class=\"selected swo-css-1cs9xox\"><span class=\"swo-css-1i89qxk\">Storlek &amp; vikt<\/span><\/p>\n<div><\/div>\n<\/div>\n<div class=\"is-selected swo-css-3uk7ts\">\n<div class=\"swo-css-1fn4ol2\">\n<div class=\"swo-css-wvbtny\">\n<div class=\"swo-css-1kfpjwd\">\n<div class=\"swo-css-1fttcpj\"><span class=\"swo-css-okagfm\">170 mm \u2013 <\/span>L\u00e4ngd i mm.<\/div>\n<\/div>\n<\/div>\n<div class=\"swo-css-wvbtny\">\n<div class=\"swo-css-1kfpjwd\">\n<div class=\"swo-css-1fttcpj\"><span class=\"swo-css-okagfm\">54 mm \u2013 <\/span>Bredd i mm.<\/div>\n<\/div>\n<\/div>\n<div class=\"swo-css-wvbtny\">\n<div class=\"swo-css-1kfpjwd\">\n<div class=\"swo-css-1fttcpj\"><span class=\"swo-css-okagfm\">80 mm \u2013 <\/span>H\u00f6jd i mm.<\/div>\n<\/div>\n<\/div>\n<div class=\"swo-css-wvbtny\">\n<div class=\"swo-css-1kfpjwd\">\n<div class=\"swo-css-1fttcpj\"><span class=\"swo-css-okagfm\">495 g \u2013 <\/span>Vikt<\/div>\n<\/div>\n<\/div>\n<div class=\"swo-css-wvbtny\">\n<div>\n<div class=\"swo-css-1kfpjwd\">\n<div class=\"swo-css-1fttcpj\"><span class=\"swo-css-okagfm\">M44x0.75 \u2013 <\/span>Anslutningsg\u00e4nga<\/div>\n<\/div>\n<\/div>\n<div>\n<div><\/div>\n<div class=\"selected swo-css-1cs9xox\"><span class=\"swo-css-1i89qxk\">Digital<\/span><\/p>\n<div><\/div>\n<\/div>\n<div class=\"is-selected swo-css-3uk7ts\">\n<div class=\"swo-css-1fn4ol2\">\n<div class=\"swo-css-wvbtny\">\n<div class=\"swo-css-1kfpjwd\">\n<div class=\"swo-css-1fttcpj\"><span class=\"swo-css-okagfm\">60 Hz \u2013 <\/span>Uppdateringsfrekvens (Hz)<\/div>\n<\/div>\n<\/div>\n<div class=\"swo-css-wvbtny\">\n<div class=\"swo-css-1kfpjwd\">\n<div class=\"swo-css-1fttcpj\"><span class=\"swo-css-okagfm\">AMOLED \u2013 <\/span>Sk\u00e4rmtyp<\/div>\n<\/div>\n<\/div>\n<div class=\"swo-css-wvbtny\">\n<div class=\"swo-css-1kfpjwd\">\n<div class=\"swo-css-1fttcpj\"><span class=\"swo-css-okagfm\">2560&#215;2048 \u2013 <\/span>Sk\u00e4rmuppl\u00f6sning (pixlar)<\/div>\n<\/div>\n<\/div>\n<div class=\"swo-css-wvbtny\">\n<div class=\"swo-css-1kfpjwd\">\n<div class=\"swo-css-1fttcpj\"><span class=\"swo-css-okagfm\">Okyld VOx mikrobolometer \u2013 <\/span>Sensortyp<\/div>\n<\/div>\n<\/div>\n<div class=\"swo-css-wvbtny\">\n<div class=\"swo-css-1kfpjwd\">\n<div class=\"swo-css-1fttcpj\"><span class=\"swo-css-okagfm\">320&#215;256 \u2013 <\/span>Sensoruppl\u00f6sning (pixlar)<\/div>\n<\/div>\n<\/div>\n<div class=\"swo-css-wvbtny\">\n<div class=\"swo-css-1kfpjwd\">\n<div class=\"swo-css-1fttcpj\"><span class=\"swo-css-okagfm\">12 \u2013 <\/span>Pixelstorlek (\u00b5m)<\/div>\n<\/div>\n<\/div>\n<div class=\"swo-css-wvbtny\">\n<div class=\"swo-css-1kfpjwd\">\n<div class=\"swo-css-1fttcpj\"><span class=\"swo-css-okagfm\">2,5 s \u2013 <\/span>Starttid (s)<\/div>\n<\/div>\n<\/div>\n<\/div>\n<\/div>\n<\/div>\n<\/div>\n<\/div>\n<\/div>\n<\/div>\n<\/div>\n","protected":false},"excerpt":{"rendered":"<p>tM 35.2 imponerar b\u00e5de som clip-on och som handh\u00e5llen observationsenhet. I skymning och m\u00f6rker kan du enkelt f\u00f6rlita dig p\u00e5 den h\u00e4r v\u00e4rmekameran som alltid \u00e4r redo att anv\u00e4ndas under hela natten tack vare den energibesparande SWAROLIGHT automatiska p\u00e5\/av-timer och intelligenta ljusstyrkejusteringen. Den intuitiva hanteringen g\u00f6r tM 35.2 till ett toppval f\u00f6r jaktentusiaster. F\u00f6rvandla omedelbart [&#8230;]\n","protected":false},"featured_media":272379,"comment_status":"open","ping_status":"closed","template":"","meta":[],"product_brand":[],"product_cat":[878],"product_tag":[],"class_list":{"0":"post-286278","1":"product","2":"type-product","3":"status-publish","4":"has-post-thumbnail","6":"product_cat-uncategorized-sv","8":"first","9":"outofstock","10":"taxable","11":"shipping-taxable","12":"purchasable","13":"product-type-simple"},"composite_virtual":false,"composite_layout":"","composite_add_to_cart_form_location":"","composite_editable_in_cart":false,"composite_sold_individually_context":"","composite_shop_price_calc":"","composite_components":[],"composite_scenarios":[],"group_of_quantity":0,"min_quantity":0,"max_quantity":"","exclude_order_quantity_value_rules":"no","exclude_category_quantity_rules":"no","combine_variations":"no","exclude_global_add_ons":[],"addons":[],"_links":{"self":[{"href":"https:\/\/www.huntersfriend.eu\/sv\/wp-json\/wp\/v2\/product\/286278","targetHints":{"allow":["GET"]}}],"collection":[{"href":"https:\/\/www.huntersfriend.eu\/sv\/wp-json\/wp\/v2\/product"}],"about":[{"href":"https:\/\/www.huntersfriend.eu\/sv\/wp-json\/wp\/v2\/types\/product"}],"replies":[{"embeddable":true,"href":"https:\/\/www.huntersfriend.eu\/sv\/wp-json\/wp\/v2\/comments?post=286278"}],"wp:featuredmedia":[{"embeddable":true,"href":"https:\/\/www.huntersfriend.eu\/sv\/wp-json\/wp\/v2\/media\/272379"}],"wp:attachment":[{"href":"https:\/\/www.huntersfriend.eu\/sv\/wp-json\/wp\/v2\/media?parent=286278"}],"wp:term":[{"taxonomy":"product_brand","embeddable":true,"href":"https:\/\/www.huntersfriend.eu\/sv\/wp-json\/wp\/v2\/product_brand?post=286278"},{"taxonomy":"product_cat","embeddable":true,"href":"https:\/\/www.huntersfriend.eu\/sv\/wp-json\/wp\/v2\/product_cat?post=286278"},{"taxonomy":"product_tag","embeddable":true,"href":"https:\/\/www.huntersfriend.eu\/sv\/wp-json\/wp\/v2\/product_tag?post=286278"}],"curies":[{"name":"wp","href":"https:\/\/api.w.org\/{rel}","templated":true}]}}