{"id":286277,"date":"2024-08-31T00:22:11","date_gmt":"2024-08-30T22:22:11","guid":{"rendered":"https:\/\/www.huntersfriend.eu\/product\/swarovski-z6i-25-15x44-p-bt-l-4a-i\/"},"modified":"2025-08-26T11:27:43","modified_gmt":"2025-08-26T09:27:43","slug":"swarovski-z6i-25-15x44-p-bt-l-4a-i","status":"publish","type":"product","link":"https:\/\/www.huntersfriend.eu\/sv\/produkt\/swarovski-z6i-25-15x44-p-bt-l-4a-i\/","title":{"rendered":"Swarovski Z6i 2,5-15&#215;44 p BT l 4A-i"},"content":{"rendered":"<p>Den l\u00e4tta designen och den h\u00f6ga f\u00f6rstoringen med en liten objektivdiameter g\u00f6r den belysta Z6i 2.5-15&#215;44 P BT L till den perfekta f\u00f6ljeslagaren vid jakt i ol\u00e4ndig terr\u00e4ng. HD-optik och lateral parallaxjustering garanterar en felfri bild. Ballistiktornet kan justeras separat efter dina personliga behov, vilket g\u00f6r att du kan h\u00e5lla m\u00e5let p\u00e5 olika avst\u00e5nd.  <\/p>\n<p><span class=\"swo-css-bmqmpb\">Produktbeskrivning<\/span><\/p>\n<div class=\"swo-css-1kfpjwd\">\n<div class=\"swo-css-1dr91l7-DescriptionRichText eyzq37t0\">\n<p>Den l\u00e4tta designen och den h\u00f6ga f\u00f6rstoringen med en liten objektivdiameter g\u00f6r den belysta Z6i 2.5-15&#215;44 P BT L till den perfekta f\u00f6ljeslagaren vid jakt i ol\u00e4ndig terr\u00e4ng. HD-optik och lateral parallaxjustering garanterar en felfri bild. Ballistiktornet kan justeras separat efter dina personliga behov, vilket g\u00f6r att du kan h\u00e5lla m\u00e5let p\u00e5 olika avst\u00e5nd.  <\/p>\n<p><span class=\"swo-css-bmqmpb\">Ing\u00e5r:<\/span><\/p>\n<ul>\n<li class=\"swo-css-1a0tqat\">Transparenta linsskydd<\/li>\n<li class=\"swo-css-1a0tqat\">BT-verktyg<\/li>\n<li class=\"swo-css-1a0tqat\">Ers\u00e4ttningsbatteri i ers\u00e4ttningsbatterih\u00e5llare<\/li>\n<li class=\"swo-css-1a0tqat\">SWAROVSKI OPTIK-skenskydd (endast f\u00f6r modeller med SR)<\/li>\n<li class=\"swo-css-1a0tqat\">Mikrofiberduk<\/li>\n<\/ul>\n<\/div>\n<\/div>\n","protected":false},"excerpt":{"rendered":"<p>Riktmedel 4A-1, ringmontage, ballistiktorn<\/p>\n","protected":false},"featured_media":272394,"comment_status":"open","ping_status":"closed","template":"","meta":[],"product_brand":[],"product_cat":[2526],"product_tag":[],"class_list":{"0":"post-286277","1":"product","2":"type-product","3":"status-publish","4":"has-post-thumbnail","6":"product_cat-kikarsikten-och-optik","8":"first","9":"outofstock","10":"taxable","11":"shipping-taxable","12":"purchasable","13":"product-type-simple"},"composite_virtual":false,"composite_layout":"","composite_add_to_cart_form_location":"","composite_editable_in_cart":false,"composite_sold_individually_context":"","composite_shop_price_calc":"","composite_components":[],"composite_scenarios":[],"group_of_quantity":0,"min_quantity":0,"max_quantity":"","exclude_order_quantity_value_rules":"no","exclude_category_quantity_rules":"no","combine_variations":"no","exclude_global_add_ons":[],"addons":[],"_links":{"self":[{"href":"https:\/\/www.huntersfriend.eu\/sv\/wp-json\/wp\/v2\/product\/286277","targetHints":{"allow":["GET"]}}],"collection":[{"href":"https:\/\/www.huntersfriend.eu\/sv\/wp-json\/wp\/v2\/product"}],"about":[{"href":"https:\/\/www.huntersfriend.eu\/sv\/wp-json\/wp\/v2\/types\/product"}],"replies":[{"embeddable":true,"href":"https:\/\/www.huntersfriend.eu\/sv\/wp-json\/wp\/v2\/comments?post=286277"}],"wp:featuredmedia":[{"embeddable":true,"href":"https:\/\/www.huntersfriend.eu\/sv\/wp-json\/wp\/v2\/media\/272394"}],"wp:attachment":[{"href":"https:\/\/www.huntersfriend.eu\/sv\/wp-json\/wp\/v2\/media?parent=286277"}],"wp:term":[{"taxonomy":"product_brand","embeddable":true,"href":"https:\/\/www.huntersfriend.eu\/sv\/wp-json\/wp\/v2\/product_brand?post=286277"},{"taxonomy":"product_cat","embeddable":true,"href":"https:\/\/www.huntersfriend.eu\/sv\/wp-json\/wp\/v2\/product_cat?post=286277"},{"taxonomy":"product_tag","embeddable":true,"href":"https:\/\/www.huntersfriend.eu\/sv\/wp-json\/wp\/v2\/product_tag?post=286277"}],"curies":[{"name":"wp","href":"https:\/\/api.w.org\/{rel}","templated":true}]}}