{"id":286269,"date":"2024-09-02T10:48:49","date_gmt":"2024-09-02T08:48:49","guid":{"rendered":"https:\/\/www.huntersfriend.eu\/product\/sitka-dew-point-byxor\/"},"modified":"2025-08-26T11:27:43","modified_gmt":"2025-08-26T09:27:43","slug":"sitka-dew-point-byxor","status":"publish","type":"product","link":"https:\/\/www.huntersfriend.eu\/sv\/produkt\/sitka-dew-point-byxor\/","title":{"rendered":"SITKA Dew Point-byxor"},"content":{"rendered":"<p>V\u00e5ra 3-lagers GORE-TEX Dew Point-byxor erbjuder vattent\u00e4tt skydd n\u00e4r du \u00e4r ute i tre dagar och molnen blir svarta. Minimalt utrustade \u2013 inklusive mikrotejpade s\u00f6mmar och inga fickor \u2013 de \u00e4r tillverkade av en 20-denier nylon ripstop-yta med GORE\u00ae C-KNIT\u00ae-baksidesteknik f\u00f6r enkel r\u00f6relse och packbarhet i bergen. Tv\u00e5v\u00e4gsdragkedjor i sidan g\u00f6r dem l\u00e4tta att ta p\u00e5 och av och ger ventilation; den ledade passformen drar inte n\u00e4r du navigerar i ol\u00e4ndig terr\u00e4ng eller vandrar i regnet.  <\/p>\n<p>GORE\u2122 OPTIFADE\u2122 Concealment Subalpine \u00e4r designad f\u00f6r att f\u00f6rf\u00f6lja och \u00f6verfalla hovdjur fr\u00e5n markniv\u00e5 i tr\u00e4dbevuxen och vegeterad terr\u00e4ng.<\/p>\n<p>GORE\u2122 OPTIFADE\u2122 Concealment Open Country \u00e4r vetenskapligt optimerad f\u00f6r avst\u00e5ndsbed\u00f6mning p\u00e5 50 yards och l\u00e4ngre p\u00e5 markniv\u00e5 i stenig terr\u00e4ng ovanf\u00f6r tr\u00e4dgr\u00e4nsen.<\/p>\n<p>GORE-TEX vattent\u00e4tt\/ventilerande tyg hj\u00e4lper dig att h\u00e5lla dig bekv\u00e4m och fokuserad.<\/p>\n<p>Material: GORE-TEX 3-lager, 20-denier tyg med ripstop nylon-yta<\/p>\n<p>Mjuk, packbar GORE\u00ae C-KNIT\u00ae-baksidesteknik ger komfort och packbarhet<\/p>\n<p>YKK\u00ae 7\/8-l\u00e5nga dragkedjor i sidan ventilerar f\u00f6r att sl\u00e4ppa ut v\u00e4rme och g\u00f6r det enkelt att ta p\u00e5 och av med st\u00f6vlar p\u00e5.<\/p>\n<p>Str\u00f6mlinjeformad design f\u00f6r l\u00e5ngvarig prestanda.<\/p>\n<p>Mikrotejpade s\u00f6mmar f\u00f6r v\u00e4derskydd med minimal bulk.<\/p>\n<p>Justerbart nylonband.<\/p>\n<p>Vikt: 297,67 gr.<\/p>\n","protected":false},"excerpt":{"rendered":"<p>V\u00e5ra 3-lagers GORE-TEX Dew Point-byxor erbjuder vattent\u00e4tt skydd n\u00e4r du \u00e4r ute i tre dagar och molnen blir svarta. Minimalt utrustade \u2013 inklusive mikrotejpade s\u00f6mmar och inga fickor \u2013 de \u00e4r tillverkade av en 20-denier nylon ripstop-yta med GORE\u00ae C-KNIT\u00ae-baksidesteknik f\u00f6r enkel r\u00f6relse och packbarhet i bergen. Tv\u00e5v\u00e4gsdragkedjor i sidan g\u00f6r dem l\u00e4tta att ta [&#8230;]\n","protected":false},"featured_media":272426,"comment_status":"open","ping_status":"closed","template":"","meta":[],"product_brand":[],"product_cat":[2779,2765],"product_tag":[],"class_list":{"0":"post-286269","1":"product","2":"type-product","3":"status-publish","4":"has-post-thumbnail","6":"product_cat-byxor","7":"product_cat-fyndlada-slutrea","9":"first","10":"instock","11":"sale","12":"taxable","13":"shipping-taxable","14":"purchasable","15":"product-type-variable"},"composite_virtual":false,"composite_layout":"","composite_add_to_cart_form_location":"","composite_editable_in_cart":false,"composite_sold_individually_context":"","composite_shop_price_calc":"","composite_components":[],"composite_scenarios":[],"group_of_quantity":0,"min_quantity":0,"max_quantity":"","exclude_order_quantity_value_rules":"no","exclude_category_quantity_rules":"no","combine_variations":"no","exclude_global_add_ons":[],"addons":[],"_links":{"self":[{"href":"https:\/\/www.huntersfriend.eu\/sv\/wp-json\/wp\/v2\/product\/286269","targetHints":{"allow":["GET"]}}],"collection":[{"href":"https:\/\/www.huntersfriend.eu\/sv\/wp-json\/wp\/v2\/product"}],"about":[{"href":"https:\/\/www.huntersfriend.eu\/sv\/wp-json\/wp\/v2\/types\/product"}],"replies":[{"embeddable":true,"href":"https:\/\/www.huntersfriend.eu\/sv\/wp-json\/wp\/v2\/comments?post=286269"}],"wp:featuredmedia":[{"embeddable":true,"href":"https:\/\/www.huntersfriend.eu\/sv\/wp-json\/wp\/v2\/media\/272426"}],"wp:attachment":[{"href":"https:\/\/www.huntersfriend.eu\/sv\/wp-json\/wp\/v2\/media?parent=286269"}],"wp:term":[{"taxonomy":"product_brand","embeddable":true,"href":"https:\/\/www.huntersfriend.eu\/sv\/wp-json\/wp\/v2\/product_brand?post=286269"},{"taxonomy":"product_cat","embeddable":true,"href":"https:\/\/www.huntersfriend.eu\/sv\/wp-json\/wp\/v2\/product_cat?post=286269"},{"taxonomy":"product_tag","embeddable":true,"href":"https:\/\/www.huntersfriend.eu\/sv\/wp-json\/wp\/v2\/product_tag?post=286269"}],"curies":[{"name":"wp","href":"https:\/\/api.w.org\/{rel}","templated":true}]}}