{"id":286267,"date":"2024-08-31T00:22:12","date_gmt":"2024-08-30T22:22:12","guid":{"rendered":"https:\/\/www.huntersfriend.eu\/product\/swarovski-nl-pure-10x52\/"},"modified":"2025-08-26T11:27:42","modified_gmt":"2025-08-26T09:27:42","slug":"swarovski-nl-pure-10x52","status":"publish","type":"product","link":"https:\/\/www.huntersfriend.eu\/sv\/produkt\/swarovski-nl-pure-10x52\/","title":{"rendered":"Swarovski NL pure 10&#215;52"},"content":{"rendered":"<p>NL Pure 10&#215;52 \u00e4r en professionell kikare f\u00f6r kr\u00e4vande observationssituationer, s\u00e4rskilt i sv\u00e5ra ljusf\u00f6rh\u00e5llanden. Med 10x f\u00f6rstoring hj\u00e4lper de dig att identifiera viktiga detaljer, medan deras synf\u00e4lt p\u00e5 130 meter h\u00e5ller allt i sikte. Detta g\u00f6r dem s\u00e4rskilt bra f\u00f6r att \u00f6verblicka \u00f6ppna landskap. Den karakteristiska NL Pure-getingmidjan s\u00e4kerst\u00e4ller att NL Pure 10&#215;52-kikaren sitter ergonomiskt i handen. Maximal f\u00e4rg\u00e5tergivning och kompromissl\u00f6s bilddefinition hela v\u00e4gen ut till kanterna garanteras av den bepr\u00f6vade SWAROVISION-tekniken.    <\/p>\n<p><span class=\"swo-css-bmqmpb\">Produktbeskrivning<\/span><\/p>\n<div class=\"swo-css-1kfpjwd\">\n<div class=\"swo-css-1dr91l7-DescriptionRichText eyzq37t0\">\n<p>Med 10x f\u00f6rstoring och en objektivdiameter p\u00e5 52 mm \u00e4r NL Pure 10&#215;52-kikaren perfekt f\u00f6r kr\u00e4vande anv\u00e4ndare som f\u00f6rlitar sig p\u00e5 utm\u00e4rkt prestanda i sv\u00e5ra ljusf\u00f6rh\u00e5llanden.<\/p>\n<p><b>NL Pure 10&#215;52-kikaren \u00e4r idealisk:<\/b><\/p>\n<ul>\n<li>f\u00f6r att \u00f6verblicka \u00f6ppna ytor<\/li>\n<li>F\u00f6r observationer i gryning och skymning<\/li>\n<li>Idealisk blandning av bra detaljigenk\u00e4nning och stort synf\u00e4lt<\/li>\n<\/ul>\n<p><b>\u00d6versikt \u00f6ver NL pure 10&#215;52:<\/b><\/p>\n<ul>\n<li>Bra detaljigenk\u00e4nning med 10x f\u00f6rstoring<\/li>\n<li>Exceptionell prestanda i skymning tack vare en objektivdiameter p\u00e5 52 mm<\/li>\n<li>Stort synf\u00e4lt p\u00e5 130 m\/1 000 m<\/li>\n<li>Bekv\u00e4m hantering tack vare NL Pure-getingmidjan<\/li>\n<li>SWAROVISION-teknik<\/li>\n<\/ul>\n<p><b>Tips f\u00f6r l\u00e5nga observationssessioner<\/b>: FRP-pannst\u00f6det, som finns tillg\u00e4ngligt separat, s\u00e4kerst\u00e4ller komfort och stabilitet. Med TAs-stativadaptern kan du f\u00e4sta din NL Pure-kikare p\u00e5 ett SWAROVSKI OPTIK-stativ \u2013 f\u00f6r timmar av stadig observation. <\/p>\n<p><b>Kompromissl\u00f6s h\u00f6g prestanda tack vare SWAROVISION-tekniken<\/b><\/p>\n<p>Den banbrytande SWAROVISION-tekniken med field flattener-linser kompenserar f\u00f6r synf\u00e4ltets kr\u00f6kning f\u00f6r att ge exceptionell sk\u00e4rpa \u00e4nda ut i kanten. Detta inneb\u00e4r att hela bilden f\u00f6rblir skarp fr\u00e5n mitten av synf\u00e4ltet hela v\u00e4gen ut till kanterna. Du beh\u00f6ver inte fokusera om om ditt \u00f6ga r\u00f6r sig i bilden, du kan omedelbart se varje detalj i absolut klarhet. Den speciella bel\u00e4ggningen p\u00e5 linserna i kombination med inertgasfyllningen s\u00e4kerst\u00e4ller f\u00e4rg\u00e5tergivning.   <\/p>\n<p><b>NL Pure-serien<\/b><\/p>\n<p>Bokst\u00e4verna NL i \u201cNL Pure\u201d s\u00e4ger allt. De st\u00e5r f\u00f6r: <i>Nature Lovers<\/i>. Kikarna i NL Pure-familjen erbjuder maximal optisk kvalitet i sin renaste form. De k\u00e4nnetecknas av sitt enorma synf\u00e4lt som str\u00e4cker sig hela v\u00e4gen ut till kanterna. Tack vare getingmidjan sitter varje NL Pure-kikare bekv\u00e4mt i handen, vilket g\u00f6r dem till p\u00e5litliga f\u00f6ljeslagare \u00e4ven under l\u00e4ngre anv\u00e4ndningsperioder. Den fantastiska kvaliteten som tillhandah\u00e5lls av SWAROVISION och field flattener-linserna garanterar exakta och knivskarpa bilder utan distorsion.     <\/p>\n<p><span class=\"swo-css-bmqmpb\">Ing\u00e5r:<\/span><\/p>\n<ul>\n<li class=\"swo-css-1a0tqat\">NL pure 52<\/li>\n<li class=\"swo-css-1a0tqat\">FSB funktionell sidov\u00e4ska<\/li>\n<li class=\"swo-css-1a0tqat\">UCS universal komfortrem<\/li>\n<li class=\"swo-css-1a0tqat\">Okularskydd<\/li>\n<li class=\"swo-css-1a0tqat\">Objektivskydd<\/li>\n<li class=\"swo-css-1a0tqat\">Mikrofiberduk<\/li>\n<li class=\"swo-css-1a0tqat\">Rem\u00f6gla<\/li>\n<li class=\"swo-css-1a0tqat\">Tv\u00e5l &amp; borste<\/li>\n<\/ul>\n<\/div>\n<\/div>\n","protected":false},"excerpt":{"rendered":"<p>Gr\u00f6n<\/p>\n","protected":false},"featured_media":272358,"comment_status":"open","ping_status":"closed","template":"","meta":[],"product_brand":[],"product_cat":[878],"product_tag":[],"class_list":{"0":"post-286267","1":"product","2":"type-product","3":"status-publish","4":"has-post-thumbnail","6":"product_cat-uncategorized-sv","8":"first","9":"outofstock","10":"taxable","11":"shipping-taxable","12":"purchasable","13":"product-type-simple"},"composite_virtual":false,"composite_layout":"","composite_add_to_cart_form_location":"","composite_editable_in_cart":false,"composite_sold_individually_context":"","composite_shop_price_calc":"","composite_components":[],"composite_scenarios":[],"group_of_quantity":0,"min_quantity":0,"max_quantity":"","exclude_order_quantity_value_rules":"no","exclude_category_quantity_rules":"no","combine_variations":"no","exclude_global_add_ons":[],"addons":[],"_links":{"self":[{"href":"https:\/\/www.huntersfriend.eu\/sv\/wp-json\/wp\/v2\/product\/286267","targetHints":{"allow":["GET"]}}],"collection":[{"href":"https:\/\/www.huntersfriend.eu\/sv\/wp-json\/wp\/v2\/product"}],"about":[{"href":"https:\/\/www.huntersfriend.eu\/sv\/wp-json\/wp\/v2\/types\/product"}],"replies":[{"embeddable":true,"href":"https:\/\/www.huntersfriend.eu\/sv\/wp-json\/wp\/v2\/comments?post=286267"}],"wp:featuredmedia":[{"embeddable":true,"href":"https:\/\/www.huntersfriend.eu\/sv\/wp-json\/wp\/v2\/media\/272358"}],"wp:attachment":[{"href":"https:\/\/www.huntersfriend.eu\/sv\/wp-json\/wp\/v2\/media?parent=286267"}],"wp:term":[{"taxonomy":"product_brand","embeddable":true,"href":"https:\/\/www.huntersfriend.eu\/sv\/wp-json\/wp\/v2\/product_brand?post=286267"},{"taxonomy":"product_cat","embeddable":true,"href":"https:\/\/www.huntersfriend.eu\/sv\/wp-json\/wp\/v2\/product_cat?post=286267"},{"taxonomy":"product_tag","embeddable":true,"href":"https:\/\/www.huntersfriend.eu\/sv\/wp-json\/wp\/v2\/product_tag?post=286267"}],"curies":[{"name":"wp","href":"https:\/\/api.w.org\/{rel}","templated":true}]}}