{"id":286266,"date":"2024-08-31T00:22:11","date_gmt":"2024-08-30T22:22:11","guid":{"rendered":"https:\/\/www.huntersfriend.eu\/product\/swarovski-z8i-1-8x24-l-4a-i\/"},"modified":"2025-08-26T11:27:42","modified_gmt":"2025-08-26T09:27:42","slug":"swarovski-z8i-1-8x24-l-4a-i","status":"publish","type":"product","link":"https:\/\/www.huntersfriend.eu\/sv\/produkt\/swarovski-z8i-1-8x24-l-4a-i\/","title":{"rendered":"Swarovski Z8i+ 1-8&#215;24 l 4A-i"},"content":{"rendered":"<p>Z8i+ 1-8&#215;24 tar dig n\u00e4rmare h\u00e4ndelserna under drevjakter och smygjakter. Den erbjuder ett imponerande synf\u00e4lt p\u00e5 50 m\/100 m med 1x f\u00f6rstoring. <\/p>\n<p><span class=\"swo-css-bmqmpb\">Produktbeskrivning<\/span><\/p>\n<div class=\"swo-css-1kfpjwd\">\n<div class=\"swo-css-1dr91l7-DescriptionRichText eyzq37t0\">\n<p>Viktiga funktioner i Z8i+:<\/p>\n<ul>\n<li>Banbrytande synf\u00e4lt<\/li>\n<li>Utm\u00e4rkt visningskomfort och snabb m\u00e5lf\u00e5ngst tack vare den stora eyeboxen<\/li>\n<li>Snabb och enkel hantering tack vare den ergonomiska TL+-kastarmen (i svart och orange)<\/li>\n<li>Kort zoomrotation p\u00e5 bara 160\u00b0<\/li>\n<\/ul>\n<p><b>SWAROLIGHT<\/b><br \/>\nDen automatiska SWAROLIGHT-p\u00e5\/av-timer med lutningssensor k\u00e4nner av om kikarsiktet \u00e4r i skjutposition. Om det inte \u00e4r det, avaktiveras det belysta riktmedlet. Detta sparar batteri och f\u00f6rl\u00e4nger dess livsl\u00e4ngd.  <\/p>\n<p><span class=\"swo-css-bmqmpb\">Ing\u00e5r:<\/span><\/p>\n<ul>\n<li class=\"swo-css-1a0tqat\">Transparenta skydd f\u00f6r kikarsiktet<\/li>\n<li class=\"swo-css-1a0tqat\">SWAROVSKI OPTIK-skydd f\u00f6r skena<\/li>\n<li class=\"swo-css-1a0tqat\">2 TL+-kastarm (svart och orange)<\/li>\n<li class=\"swo-css-1a0tqat\">Batteri \/ Ers\u00e4ttningsbatteri<\/li>\n<li class=\"swo-css-1a0tqat\">Torxnyckel<\/li>\n<li class=\"swo-css-1a0tqat\">Skruv<\/li>\n<\/ul>\n<\/div>\n<\/div>\n","protected":false},"excerpt":{"rendered":"<p>ringf\u00e4ste, 4A-1 riktmedel<\/p>\n","protected":false},"featured_media":272412,"comment_status":"open","ping_status":"closed","template":"","meta":[],"product_brand":[],"product_cat":[878],"product_tag":[],"class_list":{"0":"post-286266","1":"product","2":"type-product","3":"status-publish","4":"has-post-thumbnail","6":"product_cat-uncategorized-sv","8":"first","9":"outofstock","10":"taxable","11":"shipping-taxable","12":"purchasable","13":"product-type-simple"},"composite_virtual":false,"composite_layout":"","composite_add_to_cart_form_location":"","composite_editable_in_cart":false,"composite_sold_individually_context":"","composite_shop_price_calc":"","composite_components":[],"composite_scenarios":[],"group_of_quantity":0,"min_quantity":0,"max_quantity":"","exclude_order_quantity_value_rules":"no","exclude_category_quantity_rules":"no","combine_variations":"no","exclude_global_add_ons":[],"addons":[],"_links":{"self":[{"href":"https:\/\/www.huntersfriend.eu\/sv\/wp-json\/wp\/v2\/product\/286266","targetHints":{"allow":["GET"]}}],"collection":[{"href":"https:\/\/www.huntersfriend.eu\/sv\/wp-json\/wp\/v2\/product"}],"about":[{"href":"https:\/\/www.huntersfriend.eu\/sv\/wp-json\/wp\/v2\/types\/product"}],"replies":[{"embeddable":true,"href":"https:\/\/www.huntersfriend.eu\/sv\/wp-json\/wp\/v2\/comments?post=286266"}],"wp:featuredmedia":[{"embeddable":true,"href":"https:\/\/www.huntersfriend.eu\/sv\/wp-json\/wp\/v2\/media\/272412"}],"wp:attachment":[{"href":"https:\/\/www.huntersfriend.eu\/sv\/wp-json\/wp\/v2\/media?parent=286266"}],"wp:term":[{"taxonomy":"product_brand","embeddable":true,"href":"https:\/\/www.huntersfriend.eu\/sv\/wp-json\/wp\/v2\/product_brand?post=286266"},{"taxonomy":"product_cat","embeddable":true,"href":"https:\/\/www.huntersfriend.eu\/sv\/wp-json\/wp\/v2\/product_cat?post=286266"},{"taxonomy":"product_tag","embeddable":true,"href":"https:\/\/www.huntersfriend.eu\/sv\/wp-json\/wp\/v2\/product_tag?post=286266"}],"curies":[{"name":"wp","href":"https:\/\/api.w.org\/{rel}","templated":true}]}}