{"id":286264,"date":"2024-08-31T00:22:10","date_gmt":"2024-08-30T22:22:10","guid":{"rendered":"https:\/\/www.huntersfriend.eu\/product\/swarovski-z6i-2-12x50-l-4a-i\/"},"modified":"2025-08-26T11:27:41","modified_gmt":"2025-08-26T09:27:41","slug":"swarovski-z6i-2-12x50-l-4a-i","status":"publish","type":"product","link":"https:\/\/www.huntersfriend.eu\/sv\/produkt\/swarovski-z6i-2-12x50-l-4a-i\/","title":{"rendered":"Swarovski Z6i 2-12&#215;50 l 4A-i"},"content":{"rendered":"<p>Det belysta Z6i 2-12&#215;50-kikarsiktet har en tilltalande design och kan \u00e4ven anv\u00e4ndas i d\u00e5liga ljusf\u00f6rh\u00e5llanden. Det \u00e4r m\u00e5ngsidigt tack vare sin 12x f\u00f6rstoring och stora synf\u00e4lt, vilket g\u00f6r det perfekt f\u00f6r b\u00e5de stilla- och st\u00e5ende jakt. <\/p>\n<p><span class=\"swo-css-bmqmpb\">Ing\u00e5r:<\/span><\/p>\n<ul>\n<li class=\"swo-css-1a0tqat\">Transparenta skydd f\u00f6r kikarsiktet<\/li>\n<li class=\"swo-css-1a0tqat\"> BT-verktyg<\/li>\n<li class=\"swo-css-1a0tqat\">Ers\u00e4ttningsbatteri i ers\u00e4ttningsbatterih\u00e5llare<\/li>\n<li class=\"swo-css-1a0tqat\">SWAROVSKI OPTIK-skenskydd (endast f\u00f6r modeller med SR)<\/li>\n<li class=\"swo-css-1a0tqat\">Mikrofiberduk<\/li>\n<\/ul>\n","protected":false},"excerpt":{"rendered":"<p>ringf\u00e4ste, 4A-1 riktmedel<\/p>\n","protected":false},"featured_media":272417,"comment_status":"open","ping_status":"closed","template":"","meta":[],"product_brand":[],"product_cat":[878],"product_tag":[],"class_list":{"0":"post-286264","1":"product","2":"type-product","3":"status-publish","4":"has-post-thumbnail","6":"product_cat-uncategorized-sv","8":"first","9":"outofstock","10":"taxable","11":"shipping-taxable","12":"purchasable","13":"product-type-simple"},"composite_virtual":false,"composite_layout":"","composite_add_to_cart_form_location":"","composite_editable_in_cart":false,"composite_sold_individually_context":"","composite_shop_price_calc":"","composite_components":[],"composite_scenarios":[],"group_of_quantity":0,"min_quantity":0,"max_quantity":"","exclude_order_quantity_value_rules":"no","exclude_category_quantity_rules":"no","combine_variations":"no","exclude_global_add_ons":[],"addons":[],"_links":{"self":[{"href":"https:\/\/www.huntersfriend.eu\/sv\/wp-json\/wp\/v2\/product\/286264","targetHints":{"allow":["GET"]}}],"collection":[{"href":"https:\/\/www.huntersfriend.eu\/sv\/wp-json\/wp\/v2\/product"}],"about":[{"href":"https:\/\/www.huntersfriend.eu\/sv\/wp-json\/wp\/v2\/types\/product"}],"replies":[{"embeddable":true,"href":"https:\/\/www.huntersfriend.eu\/sv\/wp-json\/wp\/v2\/comments?post=286264"}],"wp:featuredmedia":[{"embeddable":true,"href":"https:\/\/www.huntersfriend.eu\/sv\/wp-json\/wp\/v2\/media\/272417"}],"wp:attachment":[{"href":"https:\/\/www.huntersfriend.eu\/sv\/wp-json\/wp\/v2\/media?parent=286264"}],"wp:term":[{"taxonomy":"product_brand","embeddable":true,"href":"https:\/\/www.huntersfriend.eu\/sv\/wp-json\/wp\/v2\/product_brand?post=286264"},{"taxonomy":"product_cat","embeddable":true,"href":"https:\/\/www.huntersfriend.eu\/sv\/wp-json\/wp\/v2\/product_cat?post=286264"},{"taxonomy":"product_tag","embeddable":true,"href":"https:\/\/www.huntersfriend.eu\/sv\/wp-json\/wp\/v2\/product_tag?post=286264"}],"curies":[{"name":"wp","href":"https:\/\/api.w.org\/{rel}","templated":true}]}}