{"id":286262,"date":"2024-08-31T00:22:07","date_gmt":"2024-08-30T22:22:07","guid":{"rendered":"https:\/\/www.huntersfriend.eu\/product\/swarovski-slp-e-46-zf-kikarsikte-linsskydd\/"},"modified":"2025-08-26T11:27:37","modified_gmt":"2025-08-26T09:27:37","slug":"swarovski-slp-e-46-zf-kikarsikte-linsskydd","status":"publish","type":"product","link":"https:\/\/www.huntersfriend.eu\/sv\/produkt\/swarovski-slp-e-46-zf-kikarsikte-linsskydd\/","title":{"rendered":"Swarovski SLP-e-46 ZF kikarsikte linsskydd"},"content":{"rendered":"<p>SLP-E(+) kikarsikteslinsskydd skyddar okularlinser mot p\u00e5verkan fr\u00e5n alla v\u00e4derf\u00f6rh\u00e5llanden. Aluminiumskyddet kan roteras 360\u00b0, \u00f6ppnas i valfri riktning och har ett magnetl\u00e5s. SLP-E passar alla dS-, Z8i-, Z6(i)- och X5-modeller.  <\/p>\n","protected":false},"excerpt":{"rendered":"<p>SLP-E(+) kikarsikteslinsskydd skyddar okularlinser mot p\u00e5verkan fr\u00e5n alla v\u00e4derf\u00f6rh\u00e5llanden. Aluminiumskyddet kan roteras 360\u00b0, \u00f6ppnas i valfri riktning och har ett magnetl\u00e5s. SLP-E passar alla dS-, Z8i-, Z6(i)- och X5-modeller.<\/p>\n","protected":false},"featured_media":272354,"comment_status":"open","ping_status":"closed","template":"","meta":[],"product_brand":[],"product_cat":[2524],"product_tag":[],"class_list":{"0":"post-286262","1":"product","2":"type-product","3":"status-publish","4":"has-post-thumbnail","6":"product_cat-optiktillbehor","8":"first","9":"outofstock","10":"taxable","11":"shipping-taxable","12":"purchasable","13":"product-type-simple"},"composite_virtual":false,"composite_layout":"","composite_add_to_cart_form_location":"","composite_editable_in_cart":false,"composite_sold_individually_context":"","composite_shop_price_calc":"","composite_components":[],"composite_scenarios":[],"group_of_quantity":0,"min_quantity":0,"max_quantity":"","exclude_order_quantity_value_rules":"no","exclude_category_quantity_rules":"no","combine_variations":"no","exclude_global_add_ons":[],"addons":[],"_links":{"self":[{"href":"https:\/\/www.huntersfriend.eu\/sv\/wp-json\/wp\/v2\/product\/286262","targetHints":{"allow":["GET"]}}],"collection":[{"href":"https:\/\/www.huntersfriend.eu\/sv\/wp-json\/wp\/v2\/product"}],"about":[{"href":"https:\/\/www.huntersfriend.eu\/sv\/wp-json\/wp\/v2\/types\/product"}],"replies":[{"embeddable":true,"href":"https:\/\/www.huntersfriend.eu\/sv\/wp-json\/wp\/v2\/comments?post=286262"}],"wp:featuredmedia":[{"embeddable":true,"href":"https:\/\/www.huntersfriend.eu\/sv\/wp-json\/wp\/v2\/media\/272354"}],"wp:attachment":[{"href":"https:\/\/www.huntersfriend.eu\/sv\/wp-json\/wp\/v2\/media?parent=286262"}],"wp:term":[{"taxonomy":"product_brand","embeddable":true,"href":"https:\/\/www.huntersfriend.eu\/sv\/wp-json\/wp\/v2\/product_brand?post=286262"},{"taxonomy":"product_cat","embeddable":true,"href":"https:\/\/www.huntersfriend.eu\/sv\/wp-json\/wp\/v2\/product_cat?post=286262"},{"taxonomy":"product_tag","embeddable":true,"href":"https:\/\/www.huntersfriend.eu\/sv\/wp-json\/wp\/v2\/product_tag?post=286262"}],"curies":[{"name":"wp","href":"https:\/\/api.w.org\/{rel}","templated":true}]}}