{"id":286261,"date":"2024-08-30T00:32:13","date_gmt":"2024-08-29T22:32:13","guid":{"rendered":"https:\/\/www.huntersfriend.eu\/product\/final-approach-live-floating-bluebill\/"},"modified":"2025-08-26T11:27:37","modified_gmt":"2025-08-26T09:27:37","slug":"final-approach-live-floating-bluebill","status":"publish","type":"product","link":"https:\/\/www.huntersfriend.eu\/sv\/produkt\/final-approach-live-floating-bluebill\/","title":{"rendered":"Final approach live floating bluebill"},"content":{"rendered":"<p>Vi presenterar LIVE Foam Filled Bluebill, en extraordin\u00e4r blandning av realism och funktionalitet. Med sin verklighetstrogna f\u00e4rgs\u00e4ttning och mycket detaljerade snideri kan den h\u00e4r betan till och med lura dig att tro att det \u00e4r den \u00e4kta varan! <\/p>\n<p>Den h\u00e4r betan \u00e4r inte bara ett visuellt m\u00e4sterverk, den \u00e4r konstruerad f\u00f6r prestanda ocks\u00e5. Vi fyllde dessa med ett slutet cellskum med h\u00f6g densitet f\u00f6r att s\u00e4kerst\u00e4lla att din beta motst\u00e5r att sjunka f\u00f6r att ge dig en bekymmersfri jaktupplevelse. Med fyra aktiva drakar och tv\u00e5 aktiva h\u00f6nor kommer detta paket att f\u00e5 din spridning att komma till liv.  <\/p>\n<h2>Funktioner<\/h2>\n<ul>\n<li>Verklighetstrogen f\u00e4rgs\u00e4ttning<\/li>\n<li>Slitstark plastblandning<\/li>\n<li>Skumfylld<\/li>\n<li>3 f\u00e4stpunkter<\/li>\n<li>Sladdl\u00e5s<\/li>\n<li>Snidad av Wayne Simkin, tv\u00e5faldig v\u00e4rldsm\u00e4stare i betessnideri<\/li>\n<li>6-pack inneh\u00e5ller: 4 aktiva drakar, 2 h\u00f6nor<\/li>\n<\/ul>\n<p><em>Final approach live floating bluebill duck decoys, 6-pack<\/em><\/p>\n<p><strong>Observera: Onlinebest\u00e4llningar \u00e4r begr\u00e4nsade till en l\u00e5da per best\u00e4llning. F\u00f6r st\u00f6rre m\u00e4ngder, v\u00e4nligen kontakta kundtj\u00e4nst direkt f\u00f6r att se om leveranskostnader <\/strong><\/p>\n","protected":false},"excerpt":{"rendered":"<p>6-pack<\/p>\n","protected":false},"featured_media":272916,"comment_status":"open","ping_status":"closed","template":"","meta":[],"product_brand":[],"product_cat":[2527],"product_tag":[],"class_list":{"0":"post-286261","1":"product","2":"type-product","3":"status-publish","4":"has-post-thumbnail","6":"product_cat-andbeten","7":"product_shipping_class-big-sv","9":"first","10":"instock","11":"sale","12":"taxable","13":"shipping-taxable","14":"purchasable","15":"product-type-simple"},"composite_virtual":false,"composite_layout":"","composite_add_to_cart_form_location":"","composite_editable_in_cart":false,"composite_sold_individually_context":"","composite_shop_price_calc":"","composite_components":[],"composite_scenarios":[],"group_of_quantity":0,"min_quantity":0,"max_quantity":"","exclude_order_quantity_value_rules":"no","exclude_category_quantity_rules":"no","combine_variations":"no","exclude_global_add_ons":[],"addons":[],"_links":{"self":[{"href":"https:\/\/www.huntersfriend.eu\/sv\/wp-json\/wp\/v2\/product\/286261","targetHints":{"allow":["GET"]}}],"collection":[{"href":"https:\/\/www.huntersfriend.eu\/sv\/wp-json\/wp\/v2\/product"}],"about":[{"href":"https:\/\/www.huntersfriend.eu\/sv\/wp-json\/wp\/v2\/types\/product"}],"replies":[{"embeddable":true,"href":"https:\/\/www.huntersfriend.eu\/sv\/wp-json\/wp\/v2\/comments?post=286261"}],"wp:featuredmedia":[{"embeddable":true,"href":"https:\/\/www.huntersfriend.eu\/sv\/wp-json\/wp\/v2\/media\/272916"}],"wp:attachment":[{"href":"https:\/\/www.huntersfriend.eu\/sv\/wp-json\/wp\/v2\/media?parent=286261"}],"wp:term":[{"taxonomy":"product_brand","embeddable":true,"href":"https:\/\/www.huntersfriend.eu\/sv\/wp-json\/wp\/v2\/product_brand?post=286261"},{"taxonomy":"product_cat","embeddable":true,"href":"https:\/\/www.huntersfriend.eu\/sv\/wp-json\/wp\/v2\/product_cat?post=286261"},{"taxonomy":"product_tag","embeddable":true,"href":"https:\/\/www.huntersfriend.eu\/sv\/wp-json\/wp\/v2\/product_tag?post=286261"}],"curies":[{"name":"wp","href":"https:\/\/api.w.org\/{rel}","templated":true}]}}