{"id":286257,"date":"2024-08-30T00:32:13","date_gmt":"2024-08-29T22:32:13","guid":{"rendered":"https:\/\/www.huntersfriend.eu\/product\/rogers-elite-heavy-fleece-grid-hoody-brun\/"},"modified":"2025-08-26T11:27:36","modified_gmt":"2025-08-26T09:27:36","slug":"rogers-elite-heavy-fleece-grid-hoody-brun","status":"publish","type":"product","link":"https:\/\/www.huntersfriend.eu\/sv\/produkt\/rogers-elite-heavy-fleece-grid-hoody-brun\/","title":{"rendered":"Rogers elite heavy fleece grid hoody \u2013 Brun"},"content":{"rendered":"<h1>Elite heavy grid hoodie<\/h1>\n<p>Det h\u00e4r \u00e4r det perfekta plagget f\u00f6r tidiga jakter och f\u00f6r lager-p\u00e5-lager-kl\u00e4dsel n\u00e4r kylan kommer. Grid fleece-isoleringen fungerar utm\u00e4rkt f\u00f6r att f\u00e5nga v\u00e4rme samtidigt som den transporterar bort fukt fr\u00e5n kroppen. Huvan \u00e4r utformad f\u00f6r att sitta t\u00e4tt mot huvudet utan att blockera perifera synen. Perfekt f\u00f6r alla typer av jakter och f\u00f6r vardagsbruk.   <\/p>\n<h2>Funktioner<\/h2>\n<ul>\n<li>1\/2 dragkedja<\/li>\n<li>Br\u00f6stficka med dragkedja<\/li>\n<li>Huva<\/li>\n<li>Tumh\u00e5l<\/li>\n<li>Grid fleece-isolering<\/li>\n<\/ul>\n","protected":false},"excerpt":{"rendered":"<p>Brun<\/p>\n","protected":false},"featured_media":272879,"comment_status":"open","ping_status":"closed","template":"","meta":[],"product_brand":[],"product_cat":[2813],"product_tag":[],"class_list":{"0":"post-286257","1":"product","2":"type-product","3":"status-publish","4":"has-post-thumbnail","6":"product_cat-skjortor-hoodies","8":"first","9":"instock","10":"taxable","11":"shipping-taxable","12":"purchasable","13":"product-type-variable"},"composite_virtual":false,"composite_layout":"","composite_add_to_cart_form_location":"","composite_editable_in_cart":false,"composite_sold_individually_context":"","composite_shop_price_calc":"","composite_components":[],"composite_scenarios":[],"group_of_quantity":0,"min_quantity":0,"max_quantity":"","exclude_order_quantity_value_rules":"no","exclude_category_quantity_rules":"no","combine_variations":"no","exclude_global_add_ons":[],"addons":[],"_links":{"self":[{"href":"https:\/\/www.huntersfriend.eu\/sv\/wp-json\/wp\/v2\/product\/286257","targetHints":{"allow":["GET"]}}],"collection":[{"href":"https:\/\/www.huntersfriend.eu\/sv\/wp-json\/wp\/v2\/product"}],"about":[{"href":"https:\/\/www.huntersfriend.eu\/sv\/wp-json\/wp\/v2\/types\/product"}],"replies":[{"embeddable":true,"href":"https:\/\/www.huntersfriend.eu\/sv\/wp-json\/wp\/v2\/comments?post=286257"}],"wp:featuredmedia":[{"embeddable":true,"href":"https:\/\/www.huntersfriend.eu\/sv\/wp-json\/wp\/v2\/media\/272879"}],"wp:attachment":[{"href":"https:\/\/www.huntersfriend.eu\/sv\/wp-json\/wp\/v2\/media?parent=286257"}],"wp:term":[{"taxonomy":"product_brand","embeddable":true,"href":"https:\/\/www.huntersfriend.eu\/sv\/wp-json\/wp\/v2\/product_brand?post=286257"},{"taxonomy":"product_cat","embeddable":true,"href":"https:\/\/www.huntersfriend.eu\/sv\/wp-json\/wp\/v2\/product_cat?post=286257"},{"taxonomy":"product_tag","embeddable":true,"href":"https:\/\/www.huntersfriend.eu\/sv\/wp-json\/wp\/v2\/product_tag?post=286257"}],"curies":[{"name":"wp","href":"https:\/\/api.w.org\/{rel}","templated":true}]}}