{"id":286256,"date":"2024-08-31T00:15:52","date_gmt":"2024-08-30T22:15:52","guid":{"rendered":"https:\/\/www.huntersfriend.eu\/product\/kahles-helia-1-6-8x42i-abs-4-dot\/"},"modified":"2025-08-26T11:27:36","modified_gmt":"2025-08-26T09:27:36","slug":"kahles-helia-1-6-8x42i-abs-4-dot","status":"publish","type":"product","link":"https:\/\/www.huntersfriend.eu\/sv\/produkt\/kahles-helia-1-6-8x42i-abs-4-dot\/","title":{"rendered":"Kahles helia 1.6-8x42i abs.4-Dot"},"content":{"rendered":"<p>HELIA-serien imponerar med kompromissl\u00f6st fokus p\u00e5 det v\u00e4sentliga: funktionalitet, tillf\u00f6rlitlighet, hantering och estetik. Varje modell \u00e4r ett perfekt verktyg f\u00f6r sin specifika jaktapplikation. <\/p>\n<p>Med ett stort synf\u00e4lt och ett extra starkt belyst riktmedel \u00e4r den l\u00e4tta, kompakta HELIA 1.6-8x42i ett m\u00e5ngsidigt verktyg, speciellt anpassat f\u00f6r smyg- och drevjakt. Och med m\u00f6rkerkikare (clip-ons) kan den \u00e4ven anv\u00e4ndas i m\u00f6rker. <\/p>\n<ul>\n<li>L\u00e4tt och kompakt optik f\u00f6r smyg- och drevjakt<\/li>\n<li>Idealisk f\u00f6r nattjakt i kombination med m\u00f6rkerkikare (clip-ons)<\/li>\n<li>Brett synf\u00e4lt (upp till 25 m\/100 m) med upp till 8x f\u00f6rstoring<\/li>\n<li>Kraftfullt optiksystem med exceptionell sk\u00e4rpa \u00e4nda ut i kanterna<\/li>\n<li>Extra starkt dag\/natt belyst riktmedel med intelligent automatisk avst\u00e4ngning<\/li>\n<\/ul>\n<table>\n<tbody>\n<tr>\n<td>F\u00f6rstoring:<\/td>\n<td>1,6-8<\/td>\n<\/tr>\n<tr>\n<td>Objektivlinsdiameter:<\/td>\n<td>42 mm<\/td>\n<\/tr>\n<tr>\n<td>Utg\u00e5ngspupill:<\/td>\n<td>9,6-5,1 mm<\/td>\n<\/tr>\n<tr>\n<td>\u00d6gonavst\u00e5nd:<\/td>\n<td>95 mm<\/td>\n<\/tr>\n<tr>\n<td>Synf\u00e4lt:<\/td>\n<td>25,3 &#8211; 5,1 m\/100 m<\/td>\n<\/tr>\n<tr>\n<td>Dioptrikompensation:<\/td>\n<td>+2\/-3,5 dpt<\/td>\n<\/tr>\n<tr>\n<td>Skymningsfaktor (DIN 58388):<\/td>\n<td>5,2-18,3<\/td>\n<\/tr>\n<tr>\n<td>Tr\u00e4ffl\u00e4gesjustering per klick:<\/td>\n<td>10 mm<\/td>\n<\/tr>\n<tr>\n<td>Justeringsomr\u00e5de (H\/V):<\/td>\n<td>1,5\/1,5 m\/100m<\/td>\n<\/tr>\n<tr>\n<td>Parallaxjustering:<\/td>\n<td>&#8211;<\/td>\n<\/tr>\n<tr>\n<td>Tubdiameter:<\/td>\n<td>30 mm<\/td>\n<\/tr>\n<tr>\n<td>L\u00e4ngd:<\/td>\n<td>323 mm<\/td>\n<\/tr>\n<tr>\n<td>Vikt:<\/td>\n<td>538 g<\/td>\n<\/tr>\n<tr>\n<td>Vikt (SR-Rail):<\/td>\n<td>562 g<\/td>\n<\/tr>\n<tr>\n<td>Fokalplan:<\/td>\n<td>2<\/td>\n<\/tr>\n<tr>\n<td>Belyst:<\/td>\n<td>Ja<\/td>\n<\/tr>\n<tr>\n<td>Garanti:<\/td>\n<td>10 \u00e5r (2 elektronik)<\/td>\n<\/tr>\n<\/tbody>\n<\/table>\n","protected":false},"excerpt":{"rendered":"<p>HELIA-serien imponerar med kompromissl\u00f6st fokus p\u00e5 det v\u00e4sentliga: funktionalitet, tillf\u00f6rlitlighet, hantering och estetik. Varje modell \u00e4r ett perfekt verktyg f\u00f6r sin specifika jaktapplikation. Med ett stort synf\u00e4lt och ett extra starkt belyst riktmedel \u00e4r den l\u00e4tta, kompakta HELIA 1.6-8x42i ett m\u00e5ngsidigt verktyg, speciellt anpassat f\u00f6r smyg- och drevjakt. Och med m\u00f6rkerkikare (clip-ons) kan den \u00e4ven [&#8230;]\n","protected":false},"featured_media":272421,"comment_status":"open","ping_status":"closed","template":"","meta":[],"product_brand":[],"product_cat":[2526],"product_tag":[],"class_list":{"0":"post-286256","1":"product","2":"type-product","3":"status-publish","4":"has-post-thumbnail","6":"product_cat-kikarsikten-och-optik","8":"first","9":"outofstock","10":"taxable","11":"shipping-taxable","12":"purchasable","13":"product-type-simple"},"composite_virtual":false,"composite_layout":"","composite_add_to_cart_form_location":"","composite_editable_in_cart":false,"composite_sold_individually_context":"","composite_shop_price_calc":"","composite_components":[],"composite_scenarios":[],"group_of_quantity":0,"min_quantity":0,"max_quantity":"","exclude_order_quantity_value_rules":"no","exclude_category_quantity_rules":"no","combine_variations":"no","exclude_global_add_ons":[],"addons":[],"_links":{"self":[{"href":"https:\/\/www.huntersfriend.eu\/sv\/wp-json\/wp\/v2\/product\/286256","targetHints":{"allow":["GET"]}}],"collection":[{"href":"https:\/\/www.huntersfriend.eu\/sv\/wp-json\/wp\/v2\/product"}],"about":[{"href":"https:\/\/www.huntersfriend.eu\/sv\/wp-json\/wp\/v2\/types\/product"}],"replies":[{"embeddable":true,"href":"https:\/\/www.huntersfriend.eu\/sv\/wp-json\/wp\/v2\/comments?post=286256"}],"wp:featuredmedia":[{"embeddable":true,"href":"https:\/\/www.huntersfriend.eu\/sv\/wp-json\/wp\/v2\/media\/272421"}],"wp:attachment":[{"href":"https:\/\/www.huntersfriend.eu\/sv\/wp-json\/wp\/v2\/media?parent=286256"}],"wp:term":[{"taxonomy":"product_brand","embeddable":true,"href":"https:\/\/www.huntersfriend.eu\/sv\/wp-json\/wp\/v2\/product_brand?post=286256"},{"taxonomy":"product_cat","embeddable":true,"href":"https:\/\/www.huntersfriend.eu\/sv\/wp-json\/wp\/v2\/product_cat?post=286256"},{"taxonomy":"product_tag","embeddable":true,"href":"https:\/\/www.huntersfriend.eu\/sv\/wp-json\/wp\/v2\/product_tag?post=286256"}],"curies":[{"name":"wp","href":"https:\/\/api.w.org\/{rel}","templated":true}]}}