{"id":286250,"date":"2024-08-31T00:15:51","date_gmt":"2024-08-30T22:15:51","guid":{"rendered":"https:\/\/www.huntersfriend.eu\/product\/swarovski-cl-pocket-10x25-wn-set\/"},"modified":"2025-08-26T11:27:35","modified_gmt":"2025-08-26T09:27:35","slug":"swarovski-cl-pocket-10x25-wn-set","status":"publish","type":"product","link":"https:\/\/www.huntersfriend.eu\/sv\/produkt\/swarovski-cl-pocket-10x25-wn-set\/","title":{"rendered":"Swarovski CL pocket 10X25 + WN-set"},"content":{"rendered":"<p>Stor kvalitet \u2013 liten storlek: CL Pocket \u00e4r en hopf\u00e4llbar, kompakt kikare med exceptionell optisk kvalitet. Den erbjuder maximal visningskomfort, \u00e4ven under l\u00e5nga perioder, och passar perfekt i handen. De vridbara \u00f6gonmusslorna kan justeras individuellt, vilket s\u00e4kerst\u00e4ller att \u00e4ven glas\u00f6gonb\u00e4rare kan f\u00e5 ut det mesta av det stora synf\u00e4ltet. Med CL Pocket och matchande v\u00e4ska \u00e4r du alltid redo att f\u00f6rundras \u00f6ver naturens under.   <\/p>\n<p><span class=\"swo-css-bmqmpb\">Produktbeskrivning<\/span><\/p>\n<div class=\"swo-css-1kfpjwd\">\n<div class=\"swo-css-1dr91l7-DescriptionRichText eyzq37t0\">\n<p>Stor kvalitet \u2013 liten storlek: CL Pocket \u00e4r en hopf\u00e4llbar, kompakt kikare med exceptionell optisk kvalitet. Den erbjuder maximal visningskomfort, \u00e4ven under l\u00e5nga perioder, och passar perfekt i handen. De vridbara \u00f6gonmusslorna kan justeras individuellt, vilket s\u00e4kerst\u00e4ller att \u00e4ven glas\u00f6gonb\u00e4rare kan f\u00e5 ut det mesta av det stora synf\u00e4ltet. Med CL Pocket och matchande v\u00e4ska \u00e4r du alltid redo att f\u00f6rundras \u00f6ver naturens under.   <\/p>\n<p><span class=\"swo-css-bmqmpb\">Ing\u00e5r:<\/span><\/p>\n<ul>\n<li class=\"swo-css-1a0tqat\">F\u00e4ltv\u00e4ska<\/li>\n<li class=\"swo-css-1a0tqat\">B\u00e4rrem<\/li>\n<li class=\"swo-css-1a0tqat\">Okularskydd<\/li>\n<\/ul>\n<\/div>\n<\/div>\n","protected":false},"excerpt":{"rendered":"<p>Stor kvalitet \u2013 liten storlek: CL Pocket \u00e4r en hopf\u00e4llbar, kompakt kikare med exceptionell optisk kvalitet. Den erbjuder maximal visningskomfort, \u00e4ven under l\u00e5nga perioder, och passar perfekt i handen. De vridbara \u00f6gonmusslorna kan justeras individuellt, vilket s\u00e4kerst\u00e4ller att \u00e4ven glas\u00f6gonb\u00e4rare kan f\u00e5 ut det mesta av det stora synf\u00e4ltet. Med CL Pocket och matchande v\u00e4ska [&#8230;]\n","protected":false},"featured_media":272349,"comment_status":"open","ping_status":"closed","template":"","meta":[],"product_brand":[],"product_cat":[878],"product_tag":[],"class_list":{"0":"post-286250","1":"product","2":"type-product","3":"status-publish","4":"has-post-thumbnail","6":"product_cat-uncategorized-sv","8":"first","9":"outofstock","10":"taxable","11":"shipping-taxable","12":"purchasable","13":"product-type-simple"},"composite_virtual":false,"composite_layout":"","composite_add_to_cart_form_location":"","composite_editable_in_cart":false,"composite_sold_individually_context":"","composite_shop_price_calc":"","composite_components":[],"composite_scenarios":[],"group_of_quantity":0,"min_quantity":0,"max_quantity":"","exclude_order_quantity_value_rules":"no","exclude_category_quantity_rules":"no","combine_variations":"no","exclude_global_add_ons":[],"addons":[],"_links":{"self":[{"href":"https:\/\/www.huntersfriend.eu\/sv\/wp-json\/wp\/v2\/product\/286250","targetHints":{"allow":["GET"]}}],"collection":[{"href":"https:\/\/www.huntersfriend.eu\/sv\/wp-json\/wp\/v2\/product"}],"about":[{"href":"https:\/\/www.huntersfriend.eu\/sv\/wp-json\/wp\/v2\/types\/product"}],"replies":[{"embeddable":true,"href":"https:\/\/www.huntersfriend.eu\/sv\/wp-json\/wp\/v2\/comments?post=286250"}],"wp:featuredmedia":[{"embeddable":true,"href":"https:\/\/www.huntersfriend.eu\/sv\/wp-json\/wp\/v2\/media\/272349"}],"wp:attachment":[{"href":"https:\/\/www.huntersfriend.eu\/sv\/wp-json\/wp\/v2\/media?parent=286250"}],"wp:term":[{"taxonomy":"product_brand","embeddable":true,"href":"https:\/\/www.huntersfriend.eu\/sv\/wp-json\/wp\/v2\/product_brand?post=286250"},{"taxonomy":"product_cat","embeddable":true,"href":"https:\/\/www.huntersfriend.eu\/sv\/wp-json\/wp\/v2\/product_cat?post=286250"},{"taxonomy":"product_tag","embeddable":true,"href":"https:\/\/www.huntersfriend.eu\/sv\/wp-json\/wp\/v2\/product_tag?post=286250"}],"curies":[{"name":"wp","href":"https:\/\/api.w.org\/{rel}","templated":true}]}}