{"id":286248,"date":"2024-08-31T00:02:09","date_gmt":"2024-08-30T22:02:09","guid":{"rendered":"https:\/\/www.huntersfriend.eu\/product\/swarovski-z6i-1-6-x-24-il-l-4a-i\/"},"modified":"2025-08-26T11:27:34","modified_gmt":"2025-08-26T09:27:34","slug":"swarovski-z6i-1-6-x-24-il-l-4a-i","status":"publish","type":"product","link":"https:\/\/www.huntersfriend.eu\/sv\/produkt\/swarovski-z6i-1-6-x-24-il-l-4a-i\/","title":{"rendered":"Swarovski Z6i 1-6 x 24 il. L 4A-i"},"content":{"rendered":"<p>Det belysta Z6i 1-6&#215;24 utm\u00e4rker sig tack vare sitt synf\u00e4lt p\u00e5 42,5 m (127,5 ft) med en 1x f\u00f6rstoring, vilket ger en st\u00f6rre \u00f6verblick vid jakt. 6x zoom ger de finaste detaljerna. <\/p>\n<p>Ringmontage<\/p>\n<p><span class=\"jCAhz ChMk0b\"><span class=\"ryNqvb\">Swarovski Z6i 1-6&#215;24 L \u00e4r ett l\u00e4tt och elegant kikarsikte f\u00f6r storviltsjakt.<\/span><\/span> <span class=\"jCAhz ChMk0b\"><span class=\"ryNqvb\">Ett brett synf\u00e4lt p\u00e5 42,5 m och ett 6-faldigt f\u00f6rstoringsomr\u00e5de garanterar att vilt l\u00e4tt kan hittas i kikaren.<\/span><\/span> <span class=\"jCAhz ChMk0b\"><span class=\"ryNqvb\">Swarovski Z6i 1-6&#215;24 \u00e4r en snabb kikare, dvs. med den l\u00e4gsta f\u00f6rstoringen kan du hitta m\u00e5let snabbt precis som med ett r\u00f6dpunktssikte.<\/span><\/span> <span class=\"jCAhz ChMk0b\"><span class=\"ryNqvb\">Med den h\u00f6gsta f\u00f6rstoringen kan du skjuta exakt p\u00e5 ett avl\u00e4gset m\u00e5l. <\/span><\/span><span class=\"jCAhz ChMk0b\"><span class=\"ryNqvb\">Swarovski Z6i-seriens kikarsikten har tre l\u00e4gen f\u00f6r justering av r\u00f6dpunkt, Av &#8211; dag &#8211; natt.<\/span><\/span> <span class=\"jCAhz ChMk0b\"><span class=\"ryNqvb\">Inst\u00e4llningen du g\u00f6r kommer att kommas ih\u00e5g, n\u00e4sta g\u00e5ng du st\u00e4ller in kontrollen i samma l\u00e4ge kommer ljusstyrkan att f\u00f6rbli densamma. <\/span><\/span><span class=\"jCAhz ChMk0b\"><span class=\"ryNqvb\">Detta sikte har ett traditionellt 4A-I riktmedel.<\/span><\/span> <span class=\"jCAhz ChMk0b\"><span class=\"ryNqvb\">De nedre och sidostolparna \u00e4r tjockare och blir tunnare i mitten.<\/span><\/span> <span class=\"jCAhz\"><span class=\"ryNqvb\">Det finns en belyst punkt i mitten. <\/span><\/span><\/p>\n<p><span class=\"jCAhz ChMk0b\"><span class=\"ryNqvb\">Specifikationer: <\/span><\/span><span class=\"jCAhz\"><span class=\"ryNqvb\">f\u00f6rstoring: 1-6 <\/span><\/span> <\/p>\n<p><span class=\"jCAhz ChMk0b\"><span class=\"ryNqvb\">Fr\u00e4mre linsdiameter: 24 mm <\/span><\/span><\/p>\n<p><span class=\"jCAhz ChMk0b\"><span class=\"ryNqvb\">\u00d6gonavst\u00e5nd: 95 mm <\/span><\/span><\/p>\n<p><span class=\"jCAhz ChMk0b\"><span class=\"ryNqvb\">Synf\u00e4lt 100 m: 42,5 m &#8211; 6,8 m <\/span><\/span><\/p>\n<p><span class=\"jCAhz\"><span class=\"ryNqvb\">L\u00e4ngd: 296 mm <\/span><\/span><\/p>\n<p><span class=\"jCAhz\"><span class=\"ryNqvb\">Vikt: 440 g <\/span><\/span><\/p>\n<p><span class=\"jCAhz ChMk0b\"><span class=\"ryNqvb\">R<\/span><\/span><span class=\"jCAhz ChMk0b\"><span class=\"ryNqvb\">amr\u00f6rsdiameter: 30 mm<\/span><\/span><\/p>\n","protected":false},"excerpt":{"rendered":"<p>Riktmedel 4A-1, ringmontage<\/p>\n","protected":false},"featured_media":272339,"comment_status":"open","ping_status":"closed","template":"","meta":[],"product_brand":[],"product_cat":[2526],"product_tag":[],"class_list":{"0":"post-286248","1":"product","2":"type-product","3":"status-publish","4":"has-post-thumbnail","6":"product_cat-kikarsikten-och-optik","8":"first","9":"onbackorder","10":"taxable","11":"shipping-taxable","12":"purchasable","13":"product-type-simple"},"composite_virtual":false,"composite_layout":"","composite_add_to_cart_form_location":"","composite_editable_in_cart":false,"composite_sold_individually_context":"","composite_shop_price_calc":"","composite_components":[],"composite_scenarios":[],"group_of_quantity":0,"min_quantity":0,"max_quantity":"","exclude_order_quantity_value_rules":"no","exclude_category_quantity_rules":"no","combine_variations":"no","exclude_global_add_ons":[],"addons":[],"_links":{"self":[{"href":"https:\/\/www.huntersfriend.eu\/sv\/wp-json\/wp\/v2\/product\/286248","targetHints":{"allow":["GET"]}}],"collection":[{"href":"https:\/\/www.huntersfriend.eu\/sv\/wp-json\/wp\/v2\/product"}],"about":[{"href":"https:\/\/www.huntersfriend.eu\/sv\/wp-json\/wp\/v2\/types\/product"}],"replies":[{"embeddable":true,"href":"https:\/\/www.huntersfriend.eu\/sv\/wp-json\/wp\/v2\/comments?post=286248"}],"wp:featuredmedia":[{"embeddable":true,"href":"https:\/\/www.huntersfriend.eu\/sv\/wp-json\/wp\/v2\/media\/272339"}],"wp:attachment":[{"href":"https:\/\/www.huntersfriend.eu\/sv\/wp-json\/wp\/v2\/media?parent=286248"}],"wp:term":[{"taxonomy":"product_brand","embeddable":true,"href":"https:\/\/www.huntersfriend.eu\/sv\/wp-json\/wp\/v2\/product_brand?post=286248"},{"taxonomy":"product_cat","embeddable":true,"href":"https:\/\/www.huntersfriend.eu\/sv\/wp-json\/wp\/v2\/product_cat?post=286248"},{"taxonomy":"product_tag","embeddable":true,"href":"https:\/\/www.huntersfriend.eu\/sv\/wp-json\/wp\/v2\/product_tag?post=286248"}],"curies":[{"name":"wp","href":"https:\/\/api.w.org\/{rel}","templated":true}]}}