{"id":286244,"date":"2024-08-30T00:32:11","date_gmt":"2024-08-29T22:32:11","guid":{"rendered":"https:\/\/www.huntersfriend.eu\/product\/final-approach-express-blind-bag\/"},"modified":"2025-08-26T11:27:33","modified_gmt":"2025-08-26T09:27:33","slug":"final-approach-express-blind-bag","status":"publish","type":"product","link":"https:\/\/www.huntersfriend.eu\/sv\/produkt\/final-approach-express-blind-bag\/","title":{"rendered":"Final Approach express blind bag"},"content":{"rendered":"<p><span class=\"jCAhz ChMk0b\"><span class=\"ryNqvb\">Final Approach Express Blind Bag \u00e4r en allsidig resev\u00e4ska som du kan anv\u00e4nda f\u00f6r att b\u00e4ra alla n\u00f6dv\u00e4ndiga saker till och fr\u00e5n jaktplatsen. <\/span><\/span><\/p>\n<p><span class=\"jCAhz\"><span class=\"ryNqvb\">Handtag och vadderad axelrem. <\/span><\/span><\/p>\n<p><span class=\"jCAhz ChMk0b\"><span class=\"ryNqvb\">Huvudfickans storlek: 25,4 cm x 38,1 cm x 30,5 cm. <\/span><\/span><\/p>\n<p><span class=\"jCAhz ChMk0b\"><span class=\"ryNqvb\">Tv\u00e5 sidofickor p\u00e5 insidan. <\/span><\/span><\/p>\n<p><span class=\"jCAhz ChMk0b\"><span class=\"ryNqvb\">Dubbel dragkedja p\u00e5 locket. <\/span><\/span><\/p>\n<p><span class=\"jCAhz ChMk0b\"><span class=\"ryNqvb\">Material nylon 600D. <\/span><\/span><\/p>\n<p><span class=\"jCAhz ChMk0b\"><span class=\"ryNqvb\">Botten \u00e4r gjuten f\u00f6r att vara vattent\u00e4t. <\/span><\/span><\/p>\n<p><span class=\"jCAhz\"><span class=\"ryNqvb\">Vattent\u00e4t telefonficka. <\/span><\/span><\/p>\n<p><span class=\"jCAhz ChMk0b\"><span class=\"ryNqvb\">Molle-f\u00e4ste p\u00e5 olika sidor av v\u00e4skan.<\/span><\/span><\/p>\n","protected":false},"excerpt":{"rendered":"<p>Final Approach Express Blind Bag \u00e4r en allsidig resev\u00e4ska som du kan anv\u00e4nda f\u00f6r att b\u00e4ra alla n\u00f6dv\u00e4ndiga saker till och fr\u00e5n jaktplatsen. Handtag och vadderad axelrem. Huvudfickans storlek: 25,4 cm x 38,1 cm x 30,5 cm. Tv\u00e5 sidofickor p\u00e5 insidan. Dubbel dragkedja p\u00e5 locket. Material nylon 600D. Botten \u00e4r gjuten f\u00f6r att vara vattent\u00e4t. [&#8230;]\n","protected":false},"featured_media":272926,"comment_status":"open","ping_status":"closed","template":"","meta":[],"product_brand":[],"product_cat":[2563],"product_tag":[],"class_list":{"0":"post-286244","1":"product","2":"type-product","3":"status-publish","4":"has-post-thumbnail","6":"product_cat-tillbehor-for-jakt-torn-och-gomslen","8":"first","9":"instock","10":"taxable","11":"shipping-taxable","12":"purchasable","13":"product-type-simple"},"composite_virtual":false,"composite_layout":"","composite_add_to_cart_form_location":"","composite_editable_in_cart":false,"composite_sold_individually_context":"","composite_shop_price_calc":"","composite_components":[],"composite_scenarios":[],"group_of_quantity":0,"min_quantity":0,"max_quantity":"","exclude_order_quantity_value_rules":"no","exclude_category_quantity_rules":"no","combine_variations":"no","exclude_global_add_ons":[],"addons":[],"_links":{"self":[{"href":"https:\/\/www.huntersfriend.eu\/sv\/wp-json\/wp\/v2\/product\/286244","targetHints":{"allow":["GET"]}}],"collection":[{"href":"https:\/\/www.huntersfriend.eu\/sv\/wp-json\/wp\/v2\/product"}],"about":[{"href":"https:\/\/www.huntersfriend.eu\/sv\/wp-json\/wp\/v2\/types\/product"}],"replies":[{"embeddable":true,"href":"https:\/\/www.huntersfriend.eu\/sv\/wp-json\/wp\/v2\/comments?post=286244"}],"wp:featuredmedia":[{"embeddable":true,"href":"https:\/\/www.huntersfriend.eu\/sv\/wp-json\/wp\/v2\/media\/272926"}],"wp:attachment":[{"href":"https:\/\/www.huntersfriend.eu\/sv\/wp-json\/wp\/v2\/media?parent=286244"}],"wp:term":[{"taxonomy":"product_brand","embeddable":true,"href":"https:\/\/www.huntersfriend.eu\/sv\/wp-json\/wp\/v2\/product_brand?post=286244"},{"taxonomy":"product_cat","embeddable":true,"href":"https:\/\/www.huntersfriend.eu\/sv\/wp-json\/wp\/v2\/product_cat?post=286244"},{"taxonomy":"product_tag","embeddable":true,"href":"https:\/\/www.huntersfriend.eu\/sv\/wp-json\/wp\/v2\/product_tag?post=286244"}],"curies":[{"name":"wp","href":"https:\/\/api.w.org\/{rel}","templated":true}]}}