{"id":286238,"date":"2024-08-30T00:32:11","date_gmt":"2024-08-29T22:32:11","guid":{"rendered":"https:\/\/www.huntersfriend.eu\/product\/ammo-vaska-for-slutfasen\/"},"modified":"2025-08-26T11:27:31","modified_gmt":"2025-08-26T09:27:31","slug":"ammo-vaska-for-slutfasen","status":"publish","type":"product","link":"https:\/\/www.huntersfriend.eu\/sv\/produkt\/ammo-vaska-for-slutfasen\/","title":{"rendered":"Ammo-v\u00e4ska f\u00f6r slutfasen"},"content":{"rendered":"<p><span class=\"jCAhz ChMk0b\"><span class=\"ryNqvb\">Final Approach Ammo Bag \u00e4r, som namnet antyder, en patronv\u00e4ska som du kan anv\u00e4nda f\u00f6r att h\u00e5lla ordning p\u00e5 dina patroner i din verktygsv\u00e4ska.<\/span><\/span> <span class=\"jCAhz ChMk0b\"><span class=\"ryNqvb\">\u00c4ven l\u00e4mplig f\u00f6r andra sm\u00e5saker.<\/span><\/span> <span class=\"jCAhz ChMk0b\"><span class=\"ryNqvb\">V\u00e4skan st\u00e4ngs med dragsko.<\/span><\/span> <span class=\"jCAhz ChMk0b\"><span class=\"ryNqvb\">Det vaxade bomullstyget f\u00f6rhindrar att fukt samlas i v\u00e4skan.<\/span><\/span><\/p>\n","protected":false},"excerpt":{"rendered":"<p>Final Approach Ammo Bag \u00e4r, som namnet antyder, en patronv\u00e4ska som du kan anv\u00e4nda f\u00f6r att h\u00e5lla ordning p\u00e5 dina patroner i din verktygsv\u00e4ska. \u00c4ven l\u00e4mplig f\u00f6r andra sm\u00e5saker. V\u00e4skan st\u00e4ngs med dragsko. Det vaxade bomullstyget f\u00f6rhindrar att fukt samlas i v\u00e4skan.<\/p>\n","protected":false},"featured_media":272934,"comment_status":"open","ping_status":"closed","template":"","meta":[],"product_brand":[],"product_cat":[2568,2563,2627],"product_tag":[],"class_list":{"0":"post-286238","1":"product","2":"type-product","3":"status-publish","4":"has-post-thumbnail","6":"product_cat-jakt-tillbehor","7":"product_cat-tillbehor-for-jakt-torn-och-gomslen","8":"product_cat-verktygslador","10":"first","11":"instock","12":"taxable","13":"shipping-taxable","14":"purchasable","15":"product-type-simple"},"composite_virtual":false,"composite_layout":"","composite_add_to_cart_form_location":"","composite_editable_in_cart":false,"composite_sold_individually_context":"","composite_shop_price_calc":"","composite_components":[],"composite_scenarios":[],"group_of_quantity":0,"min_quantity":0,"max_quantity":"","exclude_order_quantity_value_rules":"no","exclude_category_quantity_rules":"no","combine_variations":"no","exclude_global_add_ons":[],"addons":[],"_links":{"self":[{"href":"https:\/\/www.huntersfriend.eu\/sv\/wp-json\/wp\/v2\/product\/286238","targetHints":{"allow":["GET"]}}],"collection":[{"href":"https:\/\/www.huntersfriend.eu\/sv\/wp-json\/wp\/v2\/product"}],"about":[{"href":"https:\/\/www.huntersfriend.eu\/sv\/wp-json\/wp\/v2\/types\/product"}],"replies":[{"embeddable":true,"href":"https:\/\/www.huntersfriend.eu\/sv\/wp-json\/wp\/v2\/comments?post=286238"}],"wp:featuredmedia":[{"embeddable":true,"href":"https:\/\/www.huntersfriend.eu\/sv\/wp-json\/wp\/v2\/media\/272934"}],"wp:attachment":[{"href":"https:\/\/www.huntersfriend.eu\/sv\/wp-json\/wp\/v2\/media?parent=286238"}],"wp:term":[{"taxonomy":"product_brand","embeddable":true,"href":"https:\/\/www.huntersfriend.eu\/sv\/wp-json\/wp\/v2\/product_brand?post=286238"},{"taxonomy":"product_cat","embeddable":true,"href":"https:\/\/www.huntersfriend.eu\/sv\/wp-json\/wp\/v2\/product_cat?post=286238"},{"taxonomy":"product_tag","embeddable":true,"href":"https:\/\/www.huntersfriend.eu\/sv\/wp-json\/wp\/v2\/product_tag?post=286238"}],"curies":[{"name":"wp","href":"https:\/\/api.w.org\/{rel}","templated":true}]}}