{"id":286235,"date":"2024-08-30T00:32:10","date_gmt":"2024-08-29T22:32:10","guid":{"rendered":"https:\/\/www.huntersfriend.eu\/product\/slutlig-inflygningssignalvaska\/"},"modified":"2025-08-26T11:27:29","modified_gmt":"2025-08-26T09:27:29","slug":"slutlig-inflygningssignalvaska","status":"publish","type":"product","link":"https:\/\/www.huntersfriend.eu\/sv\/produkt\/slutlig-inflygningssignalvaska\/","title":{"rendered":"Slutlig inflygningssignalv\u00e4ska"},"content":{"rendered":"<p>Skydda dina lockf\u00e5glar och h\u00e5ll ordning. Det uppf\u00e4llbara locket skyddar toppen av dina lockf\u00e5glar och g\u00f6r det enklare att lasta och lossa. P\u00e5 sidan finns en ficka som \u00e4r utformad f\u00f6r att rymma 6 lockf\u00e5gelbaser. Den h\u00e4r v\u00e4skan \u00e4r perfekt f\u00f6r b\u00e5de helkroppsattrapper och flytande attrapper.   <\/p>\n<h2>Funktioner<\/h2>\n<ul>\n<li>Uppf\u00e4llbar topp f\u00f6r enkel \u00e5tkomst<\/li>\n<li>Justerbar axelrem<\/li>\n<li>Sidoficka f\u00f6r baser<\/li>\n<li>Fackens m\u00e5tt \u00e4r 11&#8243; x 11&#8243; x 21&#8243; djupa<\/li>\n<\/ul>\n","protected":false},"excerpt":{"rendered":"<p>Skydda dina lockf\u00e5glar och h\u00e5ll ordning. Det uppf\u00e4llbara locket skyddar toppen av dina lockf\u00e5glar och g\u00f6r det enklare att lasta och lossa. P\u00e5 sidan finns en ficka som \u00e4r utformad f\u00f6r att rymma 6 lockf\u00e5gelbaser. Den h\u00e4r v\u00e4skan \u00e4r perfekt f\u00f6r b\u00e5de helkroppsattrapper och flytande attrapper. Funktioner Uppf\u00e4llbar topp f\u00f6r enkel \u00e5tkomst Justerbar axelrem Sidoficka [&#8230;]\n","protected":false},"featured_media":272961,"comment_status":"open","ping_status":"closed","template":"","meta":[],"product_brand":[],"product_cat":[2818],"product_tag":[],"class_list":{"0":"post-286235","1":"product","2":"type-product","3":"status-publish","4":"has-post-thumbnail","6":"product_cat-lockfagelsvaskor","8":"first","9":"instock","10":"taxable","11":"shipping-taxable","12":"purchasable","13":"product-type-simple"},"composite_virtual":false,"composite_layout":"","composite_add_to_cart_form_location":"","composite_editable_in_cart":false,"composite_sold_individually_context":"","composite_shop_price_calc":"","composite_components":[],"composite_scenarios":[],"group_of_quantity":0,"min_quantity":0,"max_quantity":"","exclude_order_quantity_value_rules":"no","exclude_category_quantity_rules":"no","combine_variations":"no","exclude_global_add_ons":[],"addons":[],"_links":{"self":[{"href":"https:\/\/www.huntersfriend.eu\/sv\/wp-json\/wp\/v2\/product\/286235","targetHints":{"allow":["GET"]}}],"collection":[{"href":"https:\/\/www.huntersfriend.eu\/sv\/wp-json\/wp\/v2\/product"}],"about":[{"href":"https:\/\/www.huntersfriend.eu\/sv\/wp-json\/wp\/v2\/types\/product"}],"replies":[{"embeddable":true,"href":"https:\/\/www.huntersfriend.eu\/sv\/wp-json\/wp\/v2\/comments?post=286235"}],"wp:featuredmedia":[{"embeddable":true,"href":"https:\/\/www.huntersfriend.eu\/sv\/wp-json\/wp\/v2\/media\/272961"}],"wp:attachment":[{"href":"https:\/\/www.huntersfriend.eu\/sv\/wp-json\/wp\/v2\/media?parent=286235"}],"wp:term":[{"taxonomy":"product_brand","embeddable":true,"href":"https:\/\/www.huntersfriend.eu\/sv\/wp-json\/wp\/v2\/product_brand?post=286235"},{"taxonomy":"product_cat","embeddable":true,"href":"https:\/\/www.huntersfriend.eu\/sv\/wp-json\/wp\/v2\/product_cat?post=286235"},{"taxonomy":"product_tag","embeddable":true,"href":"https:\/\/www.huntersfriend.eu\/sv\/wp-json\/wp\/v2\/product_tag?post=286235"}],"curies":[{"name":"wp","href":"https:\/\/api.w.org\/{rel}","templated":true}]}}