{"id":286234,"date":"2024-08-29T00:34:13","date_gmt":"2024-08-28T22:34:13","guid":{"rendered":"https:\/\/www.huntersfriend.eu\/product\/sitka-jetstream-isolerad-ws-mossa-elevated\/"},"modified":"2025-11-05T10:14:11","modified_gmt":"2025-11-05T08:14:11","slug":"sitka-jetstream-isolerad-ws-mossa-elevated","status":"publish","type":"product","link":"https:\/\/www.huntersfriend.eu\/sv\/produkt\/sitka-jetstream-isolerad-ws-mossa-elevated\/","title":{"rendered":"SITKA jetstream isolerad WS-m\u00f6ssa \u2013 Elevated"},"content":{"rendered":"<p>Bek\u00e4mpa vind och kyla med denna lilla men m\u00e4ktiga del av ditt kl\u00e4dsystem. Jetstream Insulated WS Beanie har PrimaLoft\u00ae Silver-isolering som kapslar in kroppsv\u00e4rmen och WINDSTOPPER\u00ae fr\u00e5n GORE-TEX LABS som stoppar vinden helt. Stretchstickade paneler \u00f6ver \u00f6ronen och bakhuvudet bibeh\u00e5ller din h\u00f6rsel och komfort hela dagen.  <\/p>\n<p>WINDSTOPPER fr\u00e5n GORE-TEX Labs stoppar vinden och avvisar nederb\u00f6rd<\/p>\n<p>Primaloft Silver-isolering<\/p>\n<p>Ljudgenomsl\u00e4ppligt tyg p\u00e5 \u00f6ronen f\u00f6r b\u00e4ttre h\u00f6rsel<\/p>\n<p>Stretchstickning p\u00e5 bakre \u00be av huvudet f\u00f6r f\u00f6rb\u00e4ttrad passform och komfort<\/p>\n","protected":false},"excerpt":{"rendered":"<p>Bek\u00e4mpa vind och kyla med denna lilla men m\u00e4ktiga del av ditt kl\u00e4dsystem. Jetstream Insulated WS Beanie har PrimaLoft\u00ae Silver-isolering som kapslar in kroppsv\u00e4rmen och WINDSTOPPER\u00ae fr\u00e5n GORE-TEX LABS som stoppar vinden helt. Stretchstickade paneler \u00f6ver \u00f6ronen och bakhuvudet bibeh\u00e5ller din h\u00f6rsel och komfort hela dagen. WINDSTOPPER fr\u00e5n GORE-TEX Labs stoppar vinden och avvisar nederb\u00f6rd [&#8230;]\n","protected":false},"featured_media":272707,"comment_status":"open","ping_status":"closed","template":"","meta":[],"product_brand":[],"product_cat":[2716],"product_tag":[],"class_list":{"0":"post-286234","1":"product","2":"type-product","3":"status-publish","4":"has-post-thumbnail","6":"product_cat-hattar-och-huvudbonader","8":"first","9":"outofstock","10":"taxable","11":"shipping-taxable","12":"purchasable","13":"product-type-simple"},"composite_virtual":false,"composite_layout":"","composite_add_to_cart_form_location":"","composite_editable_in_cart":false,"composite_sold_individually_context":"","composite_shop_price_calc":"","composite_components":[],"composite_scenarios":[],"group_of_quantity":0,"min_quantity":0,"max_quantity":"","exclude_order_quantity_value_rules":"no","exclude_category_quantity_rules":"no","combine_variations":"no","exclude_global_add_ons":[],"addons":[],"_links":{"self":[{"href":"https:\/\/www.huntersfriend.eu\/sv\/wp-json\/wp\/v2\/product\/286234","targetHints":{"allow":["GET"]}}],"collection":[{"href":"https:\/\/www.huntersfriend.eu\/sv\/wp-json\/wp\/v2\/product"}],"about":[{"href":"https:\/\/www.huntersfriend.eu\/sv\/wp-json\/wp\/v2\/types\/product"}],"replies":[{"embeddable":true,"href":"https:\/\/www.huntersfriend.eu\/sv\/wp-json\/wp\/v2\/comments?post=286234"}],"wp:featuredmedia":[{"embeddable":true,"href":"https:\/\/www.huntersfriend.eu\/sv\/wp-json\/wp\/v2\/media\/272707"}],"wp:attachment":[{"href":"https:\/\/www.huntersfriend.eu\/sv\/wp-json\/wp\/v2\/media?parent=286234"}],"wp:term":[{"taxonomy":"product_brand","embeddable":true,"href":"https:\/\/www.huntersfriend.eu\/sv\/wp-json\/wp\/v2\/product_brand?post=286234"},{"taxonomy":"product_cat","embeddable":true,"href":"https:\/\/www.huntersfriend.eu\/sv\/wp-json\/wp\/v2\/product_cat?post=286234"},{"taxonomy":"product_tag","embeddable":true,"href":"https:\/\/www.huntersfriend.eu\/sv\/wp-json\/wp\/v2\/product_tag?post=286234"}],"curies":[{"name":"wp","href":"https:\/\/api.w.org\/{rel}","templated":true}]}}