{"id":286233,"date":"2024-08-30T00:26:09","date_gmt":"2024-08-29T22:26:09","guid":{"rendered":"https:\/\/www.huntersfriend.eu\/product\/slutlig-inflygning-hd-ankbakdel\/"},"modified":"2025-08-26T11:27:28","modified_gmt":"2025-08-26T09:27:28","slug":"slutlig-inflygning-hd-ankbakdel","status":"publish","type":"product","link":"https:\/\/www.huntersfriend.eu\/sv\/produkt\/slutlig-inflygning-hd-ankbakdel\/","title":{"rendered":"Slutlig inflygning HD ankbakdel"},"content":{"rendered":"<p>Ankbakdelar \u00e4r ett utm\u00e4rkt s\u00e4tt att f\u00e5 din lockf\u00e5gelgrupp att se ut som en grupp glada ankor p\u00e5 vattnet. N\u00e4r ankor \u00e4ter dyker de ofta under vattenytan med bakdelen rakt upp i luften, och det \u00e4r precis vad den h\u00e4r lockf\u00e5geln efterliknar. Den verklighetstrogna storleken och de otroliga f\u00e4rgdetaljerna g\u00f6r att dessa lockf\u00e5glar utm\u00e4rker sig. Den nya k\u00f6ldesignen g\u00f6r att dessa lockf\u00e5glar vickar i vinden och inte v\u00e4lter. Kasta dem p\u00e5 en ryckrigg och ge dem liv eller blanda in dem i din spridning.    <\/p>\n<h2>Funktioner<\/h2>\n<ul>\n<li>Ny k\u00f6ldesign<\/li>\n<li>Fj\u00e4derdetaljer tillhandah\u00e5llna av 17-faldiga v\u00e4rldsm\u00e4staren Pat Godin<\/li>\n<li>Verklighetstrogen storlek<\/li>\n<li>Robust uppgraderad plast<\/li>\n<li>4-pack<\/li>\n<\/ul>\n<p><strong>Observera: Onlinebest\u00e4llningar \u00e4r begr\u00e4nsade till tv\u00e5 l\u00e5dor per best\u00e4llning. F\u00f6r st\u00f6rre m\u00e4ngder, v\u00e4nligen kontakta kundtj\u00e4nst direkt f\u00f6r att se om leveranskostnader <\/strong><\/p>\n","protected":false},"excerpt":{"rendered":"<p>Ankbakdelar \u00e4r ett utm\u00e4rkt s\u00e4tt att f\u00e5 din lockf\u00e5gelgrupp att se ut som en grupp glada ankor p\u00e5 vattnet. N\u00e4r ankor \u00e4ter dyker de ofta under vattenytan med bakdelen rakt upp i luften, och det \u00e4r precis vad den h\u00e4r lockf\u00e5geln efterliknar. Den verklighetstrogna storleken och de otroliga f\u00e4rgdetaljerna g\u00f6r att dessa lockf\u00e5glar utm\u00e4rker sig. [&#8230;]\n","protected":false},"featured_media":272986,"comment_status":"open","ping_status":"closed","template":"","meta":[],"product_brand":[],"product_cat":[2527],"product_tag":[],"class_list":{"0":"post-286233","1":"product","2":"type-product","3":"status-publish","4":"has-post-thumbnail","6":"product_cat-andbeten","7":"product_shipping_class-big-sv","9":"first","10":"outofstock","11":"sale","12":"taxable","13":"shipping-taxable","14":"purchasable","15":"product-type-simple"},"composite_virtual":false,"composite_layout":"","composite_add_to_cart_form_location":"","composite_editable_in_cart":false,"composite_sold_individually_context":"","composite_shop_price_calc":"","composite_components":[],"composite_scenarios":[],"group_of_quantity":0,"min_quantity":0,"max_quantity":"","exclude_order_quantity_value_rules":"no","exclude_category_quantity_rules":"no","combine_variations":"no","exclude_global_add_ons":[],"addons":[],"_links":{"self":[{"href":"https:\/\/www.huntersfriend.eu\/sv\/wp-json\/wp\/v2\/product\/286233","targetHints":{"allow":["GET"]}}],"collection":[{"href":"https:\/\/www.huntersfriend.eu\/sv\/wp-json\/wp\/v2\/product"}],"about":[{"href":"https:\/\/www.huntersfriend.eu\/sv\/wp-json\/wp\/v2\/types\/product"}],"replies":[{"embeddable":true,"href":"https:\/\/www.huntersfriend.eu\/sv\/wp-json\/wp\/v2\/comments?post=286233"}],"wp:featuredmedia":[{"embeddable":true,"href":"https:\/\/www.huntersfriend.eu\/sv\/wp-json\/wp\/v2\/media\/272986"}],"wp:attachment":[{"href":"https:\/\/www.huntersfriend.eu\/sv\/wp-json\/wp\/v2\/media?parent=286233"}],"wp:term":[{"taxonomy":"product_brand","embeddable":true,"href":"https:\/\/www.huntersfriend.eu\/sv\/wp-json\/wp\/v2\/product_brand?post=286233"},{"taxonomy":"product_cat","embeddable":true,"href":"https:\/\/www.huntersfriend.eu\/sv\/wp-json\/wp\/v2\/product_cat?post=286233"},{"taxonomy":"product_tag","embeddable":true,"href":"https:\/\/www.huntersfriend.eu\/sv\/wp-json\/wp\/v2\/product_tag?post=286233"}],"curies":[{"name":"wp","href":"https:\/\/api.w.org\/{rel}","templated":true}]}}