{"id":286228,"date":"2024-08-30T00:20:08","date_gmt":"2024-08-29T22:20:08","guid":{"rendered":"https:\/\/www.huntersfriend.eu\/product\/final-approach-s-u-b-x3-stand-up-blind\/"},"modified":"2025-08-26T11:27:27","modified_gmt":"2025-08-26T09:27:27","slug":"final-approach-s-u-b-x3-stand-up-blind","status":"publish","type":"product","link":"https:\/\/www.huntersfriend.eu\/sv\/produkt\/final-approach-s-u-b-x3-stand-up-blind\/","title":{"rendered":"Final approach s-u-b X3 stand up blind"},"content":{"rendered":"<p>Som vattenf\u00e5gelj\u00e4gare vill vi f\u00e5 ut det mesta av v\u00e5r utrustning. Oavsett om du jagar i dammar, \u00f6ppna f\u00e4lt, tr\u00e4skmarker, l\u00e4ngs st\u00e4ngsel eller f\u00e4ltkanter, kommer detta nya blind fr\u00e5n Final Approach att h\u00e5lla dig och dina jaktkompisar dolda i alla situationer. Detta blind kan anv\u00e4ndas som ett traditionellt blind i ramstil med 3 j\u00e4gare, eller s\u00e5 kan det delas p\u00e5 mitten och anv\u00e4ndas som tv\u00e5 panelblind, vilket f\u00f6rdubblar antalet j\u00e4gare och ger dig m\u00f6jlighet att v\u00e4lja det b\u00e4sta s\u00e4ttet att g\u00f6mma dig n\u00e4r du f\u00f6rbereder dig f\u00f6r din jakt.  <\/p>\n<p>Blindens \u00f6verdrag har remmar f\u00f6r stubb och fickor f\u00f6r penslar s\u00e5 att du kan l\u00e4gga till ditt eget \u00f6verdrag f\u00f6r att sm\u00e4lta in i alla milj\u00f6er och bryta upp skarpa kanter. De \u00f6verlappande sidod\u00f6rrarna hj\u00e4lper till att eliminera glipan n\u00e4r d\u00f6rrarna \u00e4r fastsp\u00e4nda, vilket ger dig optimal d\u00f6ljande. P\u00e5 insidan hittar du vapenst\u00f6d och redskapsfickor f\u00f6r att h\u00e5lla dina viktigaste saker precis framf\u00f6r dig. F\u00e5 ut det mesta av din utrustning och jaga fr\u00e5n det nya Final Approach S.U.B X3 Blind!   <\/p>\n<h2>Funktioner<\/h2>\n<ul>\n<li>Kan anv\u00e4ndas som en \u201cA-ramstil\u201d eller som panelblind<\/li>\n<li>Flygplansklassad aluminiumr\u00f6r<\/li>\n<li>PVC-st\u00f6dd 600D-v\u00e4v<\/li>\n<li>3 vapenst\u00f6d<\/li>\n<li>Genomg\u00e5ngsdesign<\/li>\n<li>\u00d6verlappande d\u00f6rrar\u20224 Stubb-remmar och 2 borstfickor per panel<\/li>\n<li>Mossy Oak Shadow Grass Habitat Camo<\/li>\n<li>M\u00e5tt 100&#8243;L x 60&#8243;B x 50&#8243;H<\/li>\n<li>Vikt: 32lbs<\/li>\n<\/ul>\n<p><strong>Obs: Onlinebest\u00e4llningar \u00e4r begr\u00e4nsade till ett blind per best\u00e4llning. F\u00f6r st\u00f6rre m\u00e4ngder, v\u00e4nligen kontakta kundtj\u00e4nst direkt f\u00f6r att se om leveranskostnader <\/strong><\/p>\n","protected":false},"excerpt":{"rendered":"<p>Som vattenf\u00e5gelj\u00e4gare vill vi f\u00e5 ut det mesta av v\u00e5r utrustning. Oavsett om du jagar i dammar, \u00f6ppna f\u00e4lt, tr\u00e4skmarker, l\u00e4ngs st\u00e4ngsel eller f\u00e4ltkanter, kommer detta nya blind fr\u00e5n Final Approach att h\u00e5lla dig och dina jaktkompisar dolda i alla situationer. Detta blind kan anv\u00e4ndas som ett traditionellt blind i ramstil med 3 j\u00e4gare, eller [&#8230;]\n","protected":false},"featured_media":272971,"comment_status":"open","ping_status":"closed","template":"","meta":[],"product_brand":[],"product_cat":[878],"product_tag":[],"class_list":{"0":"post-286228","1":"product","2":"type-product","3":"status-publish","4":"has-post-thumbnail","6":"product_cat-uncategorized-sv","7":"product_shipping_class-big-sv","9":"first","10":"outofstock","11":"taxable","12":"shipping-taxable","13":"purchasable","14":"product-type-simple"},"composite_virtual":false,"composite_layout":"","composite_add_to_cart_form_location":"","composite_editable_in_cart":false,"composite_sold_individually_context":"","composite_shop_price_calc":"","composite_components":[],"composite_scenarios":[],"group_of_quantity":0,"min_quantity":0,"max_quantity":"","exclude_order_quantity_value_rules":"no","exclude_category_quantity_rules":"no","combine_variations":"no","exclude_global_add_ons":[],"addons":[],"_links":{"self":[{"href":"https:\/\/www.huntersfriend.eu\/sv\/wp-json\/wp\/v2\/product\/286228","targetHints":{"allow":["GET"]}}],"collection":[{"href":"https:\/\/www.huntersfriend.eu\/sv\/wp-json\/wp\/v2\/product"}],"about":[{"href":"https:\/\/www.huntersfriend.eu\/sv\/wp-json\/wp\/v2\/types\/product"}],"replies":[{"embeddable":true,"href":"https:\/\/www.huntersfriend.eu\/sv\/wp-json\/wp\/v2\/comments?post=286228"}],"wp:featuredmedia":[{"embeddable":true,"href":"https:\/\/www.huntersfriend.eu\/sv\/wp-json\/wp\/v2\/media\/272971"}],"wp:attachment":[{"href":"https:\/\/www.huntersfriend.eu\/sv\/wp-json\/wp\/v2\/media?parent=286228"}],"wp:term":[{"taxonomy":"product_brand","embeddable":true,"href":"https:\/\/www.huntersfriend.eu\/sv\/wp-json\/wp\/v2\/product_brand?post=286228"},{"taxonomy":"product_cat","embeddable":true,"href":"https:\/\/www.huntersfriend.eu\/sv\/wp-json\/wp\/v2\/product_cat?post=286228"},{"taxonomy":"product_tag","embeddable":true,"href":"https:\/\/www.huntersfriend.eu\/sv\/wp-json\/wp\/v2\/product_tag?post=286228"}],"curies":[{"name":"wp","href":"https:\/\/api.w.org\/{rel}","templated":true}]}}