{"id":286227,"date":"2024-08-29T00:34:13","date_gmt":"2024-08-28T22:34:13","guid":{"rendered":"https:\/\/www.huntersfriend.eu\/product\/sitka-jetstream-ws-handske-elevated-ii\/"},"modified":"2025-08-26T11:27:27","modified_gmt":"2025-08-26T09:27:27","slug":"sitka-jetstream-ws-handske-elevated-ii","status":"publish","type":"product","link":"https:\/\/www.huntersfriend.eu\/sv\/produkt\/sitka-jetstream-ws-handske-elevated-ii\/","title":{"rendered":"SITKA jetstream WS-handske elevated II"},"content":{"rendered":"<p>Jetstream WS-handsken \u00e4r en handske i skyttestil som m\u00f6jligg\u00f6r barh\u00e4nt fingerf\u00e4rdighet de dagar d\u00e5 det bl\u00e5ser. WINDSTOPPER\u00ae fr\u00e5n GORE-TEX LABS-skalet och fleecefodret h\u00e5ller h\u00e4nderna varma, och en ledande tumme och pekfinger s\u00e4kerst\u00e4ller att de f\u00f6rblir det n\u00e4r du anv\u00e4nder dina enheter. <\/p>\n<p>WINDSTOPPER fr\u00e5n GORE-TEX Labs stoppar vinden och avvisar nederb\u00f6rd<\/p>\n<p>Stretchigt yttre f\u00f6r f\u00f6rb\u00e4ttrad fingerf\u00e4rdighet<\/p>\n<p>Fleecefoder med loft<\/p>\n<p>Handflata i syntetiskt digitalt l\u00e4der<\/p>\n<p>Silikonprickgrepp p\u00e5 fingertopparna<\/p>\n<p>Ledande tumme och pekfinger f\u00f6r peksk\u00e4rmsfunktion<\/p>\n<p>2,8 oz \/ 80 g<\/p>\n","protected":false},"excerpt":{"rendered":"<p>Jetstream WS-handsken \u00e4r en handske i skyttestil som m\u00f6jligg\u00f6r barh\u00e4nt fingerf\u00e4rdighet de dagar d\u00e5 det bl\u00e5ser. WINDSTOPPER\u00ae fr\u00e5n GORE-TEX LABS-skalet och fleecefodret h\u00e5ller h\u00e4nderna varma, och en ledande tumme och pekfinger s\u00e4kerst\u00e4ller att de f\u00f6rblir det n\u00e4r du anv\u00e4nder dina enheter. WINDSTOPPER fr\u00e5n GORE-TEX Labs stoppar vinden och avvisar nederb\u00f6rd Stretchigt yttre f\u00f6r f\u00f6rb\u00e4ttrad fingerf\u00e4rdighet [&#8230;]\n","protected":false},"featured_media":272670,"comment_status":"open","ping_status":"closed","template":"","meta":[],"product_brand":[],"product_cat":[2809],"product_tag":[],"class_list":{"0":"post-286227","1":"product","2":"type-product","3":"status-publish","4":"has-post-thumbnail","6":"product_cat-handskar","8":"first","9":"instock","10":"taxable","11":"shipping-taxable","12":"purchasable","13":"product-type-variable"},"composite_virtual":false,"composite_layout":"","composite_add_to_cart_form_location":"","composite_editable_in_cart":false,"composite_sold_individually_context":"","composite_shop_price_calc":"","composite_components":[],"composite_scenarios":[],"group_of_quantity":0,"min_quantity":0,"max_quantity":"","exclude_order_quantity_value_rules":"no","exclude_category_quantity_rules":"no","combine_variations":"no","exclude_global_add_ons":[],"addons":[],"_links":{"self":[{"href":"https:\/\/www.huntersfriend.eu\/sv\/wp-json\/wp\/v2\/product\/286227","targetHints":{"allow":["GET"]}}],"collection":[{"href":"https:\/\/www.huntersfriend.eu\/sv\/wp-json\/wp\/v2\/product"}],"about":[{"href":"https:\/\/www.huntersfriend.eu\/sv\/wp-json\/wp\/v2\/types\/product"}],"replies":[{"embeddable":true,"href":"https:\/\/www.huntersfriend.eu\/sv\/wp-json\/wp\/v2\/comments?post=286227"}],"wp:featuredmedia":[{"embeddable":true,"href":"https:\/\/www.huntersfriend.eu\/sv\/wp-json\/wp\/v2\/media\/272670"}],"wp:attachment":[{"href":"https:\/\/www.huntersfriend.eu\/sv\/wp-json\/wp\/v2\/media?parent=286227"}],"wp:term":[{"taxonomy":"product_brand","embeddable":true,"href":"https:\/\/www.huntersfriend.eu\/sv\/wp-json\/wp\/v2\/product_brand?post=286227"},{"taxonomy":"product_cat","embeddable":true,"href":"https:\/\/www.huntersfriend.eu\/sv\/wp-json\/wp\/v2\/product_cat?post=286227"},{"taxonomy":"product_tag","embeddable":true,"href":"https:\/\/www.huntersfriend.eu\/sv\/wp-json\/wp\/v2\/product_tag?post=286227"}],"curies":[{"name":"wp","href":"https:\/\/api.w.org\/{rel}","templated":true}]}}