{"id":286219,"date":"2024-08-29T00:34:11","date_gmt":"2024-08-28T22:34:11","guid":{"rendered":"https:\/\/www.huntersfriend.eu\/product\/sitka-jetstream-hd-ws-handske-subalpine\/"},"modified":"2025-08-26T11:27:26","modified_gmt":"2025-08-26T09:27:26","slug":"sitka-jetstream-hd-ws-handske-subalpine","status":"publish","type":"product","link":"https:\/\/www.huntersfriend.eu\/sv\/produkt\/sitka-jetstream-hd-ws-handske-subalpine\/","title":{"rendered":"SITKA Jetstream HD WS-handske \u2013 subalpine"},"content":{"rendered":"<div class=\"seven columns omega\">\n<div class=\"description\">\n<p>Jetstream HD WS-handsken erbjuder h\u00f6gpresterande v\u00e4rme och slitstyrka, gjord f\u00f6r att enkelt hantera temperaturdippar under mellans\u00e4songen och dina mest kr\u00e4vande behov. WINDSTOPPER\u00ae fr\u00e5n GORE-TEX LABS skyddar mot v\u00e4rmeavledande vindar och det fluffiga fleecefodret skapar en fristad av v\u00e4rme. Tummen och pekfingret \u00e4r kompatibla med peksk\u00e4rmar och digitalt texturerat getl\u00e4der p\u00e5 handflatan och fingrarna ger ett s\u00e4kert grepp.  <\/p>\n<p>WINDSTOPPER fr\u00e5n GORE-TEX Labs stoppar vinden och avvisar nederb\u00f6rd<\/p>\n<p>Mjukt och varmt fluffigt fleecefoder<\/p>\n<p>Slitstarka handflator och fingrar i getl\u00e4der<\/p>\n<p>Ledande tumme och pekfinger f\u00f6r peksk\u00e4rmsfunktion<\/p>\n<p>4,1 oz \/ 118 g<\/p>\n<\/div>\n<\/div>\n","protected":false},"excerpt":{"rendered":"<p>Jetstream HD WS-handsken erbjuder h\u00f6gpresterande v\u00e4rme och slitstyrka, gjord f\u00f6r att enkelt hantera temperaturdippar under mellans\u00e4songen och dina mest kr\u00e4vande behov. WINDSTOPPER\u00ae fr\u00e5n GORE-TEX LABS skyddar mot v\u00e4rmeavledande vindar och det fluffiga fleecefodret skapar en fristad av v\u00e4rme. Tummen och pekfingret \u00e4r kompatibla med peksk\u00e4rmar och digitalt texturerat getl\u00e4der p\u00e5 handflatan och fingrarna ger ett [&#8230;]\n","protected":false},"featured_media":272659,"comment_status":"open","ping_status":"closed","template":"","meta":[],"product_brand":[],"product_cat":[2765,2809],"product_tag":[],"class_list":{"0":"post-286219","1":"product","2":"type-product","3":"status-publish","4":"has-post-thumbnail","6":"product_cat-fyndlada-slutrea","7":"product_cat-handskar","9":"first","10":"instock","11":"sale","12":"taxable","13":"shipping-taxable","14":"purchasable","15":"product-type-variable"},"composite_virtual":false,"composite_layout":"","composite_add_to_cart_form_location":"","composite_editable_in_cart":false,"composite_sold_individually_context":"","composite_shop_price_calc":"","composite_components":[],"composite_scenarios":[],"group_of_quantity":0,"min_quantity":0,"max_quantity":"","exclude_order_quantity_value_rules":"no","exclude_category_quantity_rules":"no","combine_variations":"no","exclude_global_add_ons":[],"addons":[],"_links":{"self":[{"href":"https:\/\/www.huntersfriend.eu\/sv\/wp-json\/wp\/v2\/product\/286219","targetHints":{"allow":["GET"]}}],"collection":[{"href":"https:\/\/www.huntersfriend.eu\/sv\/wp-json\/wp\/v2\/product"}],"about":[{"href":"https:\/\/www.huntersfriend.eu\/sv\/wp-json\/wp\/v2\/types\/product"}],"replies":[{"embeddable":true,"href":"https:\/\/www.huntersfriend.eu\/sv\/wp-json\/wp\/v2\/comments?post=286219"}],"wp:featuredmedia":[{"embeddable":true,"href":"https:\/\/www.huntersfriend.eu\/sv\/wp-json\/wp\/v2\/media\/272659"}],"wp:attachment":[{"href":"https:\/\/www.huntersfriend.eu\/sv\/wp-json\/wp\/v2\/media?parent=286219"}],"wp:term":[{"taxonomy":"product_brand","embeddable":true,"href":"https:\/\/www.huntersfriend.eu\/sv\/wp-json\/wp\/v2\/product_brand?post=286219"},{"taxonomy":"product_cat","embeddable":true,"href":"https:\/\/www.huntersfriend.eu\/sv\/wp-json\/wp\/v2\/product_cat?post=286219"},{"taxonomy":"product_tag","embeddable":true,"href":"https:\/\/www.huntersfriend.eu\/sv\/wp-json\/wp\/v2\/product_tag?post=286219"}],"curies":[{"name":"wp","href":"https:\/\/api.w.org\/{rel}","templated":true}]}}