{"id":286218,"date":"2024-08-29T00:34:15","date_gmt":"2024-08-28T22:34:15","guid":{"rendered":"https:\/\/www.huntersfriend.eu\/product\/sitka-stratus-byxor-elevated-ii\/"},"modified":"2025-08-26T11:27:26","modified_gmt":"2025-08-26T09:27:26","slug":"sitka-stratus-byxor-elevated-ii","status":"publish","type":"product","link":"https:\/\/www.huntersfriend.eu\/sv\/produkt\/sitka-stratus-byxor-elevated-ii\/","title":{"rendered":"SITKA Stratus-byxor \u2013 Elevated II"},"content":{"rendered":"<p>J\u00e4gare beh\u00f6ver det absolut b\u00e4sta skyddet mot kylan under l\u00e5nga pass under brunsten. Vi designade Stratus med WINDSTOPPER\u00ae fr\u00e5n GORE-TEX LABS f\u00f6r att skapa en fullt utrustad, 100 % vindt\u00e4t byxa som \u00e4r optimerad f\u00f6r just dessa f\u00f6rh\u00e5llanden. Vi anv\u00e4nde micro-grid fleece f\u00f6r dess f\u00f6rh\u00e5llande mellan v\u00e4rme och vikt och gav byxan en ledad design f\u00f6r att ge en bekv\u00e4m passform i sittande st\u00e4llning, vilket ger dina ben full r\u00f6relsefrihet.<br \/>\nDen m\u00e5ngsidiga Stratus-byxan \u00e4r 100 % vindt\u00e4t och tyst och byggdes f\u00f6r det varierande v\u00e4dret under hela s\u00e4songen f\u00f6r vitsvanshjort. Ett WINDSTOPPER\u00ae fr\u00e5n GORE-TEX LABS-membran \u00e4r inkl\u00e4mt mellan ett tyst micro-fleece-skal och en varm och ventilerande micro-grid fleece-insida, vilket ger vindt\u00e4t komfort under de kallaste dagarna   <\/p>\n<p>Vikt: 794 g \/\/ Storlek: L <\/p>\n<p>Material: WINDSTOPPER\u00ae fr\u00e5n Gore-Tex Labs Technology, stickad polyester-microfleece p\u00e5 utsidan, stickad polyester-micro-grid fleece p\u00e5 insidan.<\/p>\n<p>Artikulerad passform: Ledad design ger dig en bekv\u00e4m passform i sittande st\u00e4llning och frig\u00f6r dina ben f\u00f6r full r\u00f6relsefrihet.<\/p>\n<p>Lastfickor p\u00e5 l\u00e5ren: H\u00e5ll det viktigaste n\u00e4ra till hands fr\u00e5n sittande st\u00e4llning.<\/p>\n<p>Tysta tryckknappar: Alla tryckknappar \u00e4r konstruerade f\u00f6r att minimera ljud.<\/p>\n<p>WINDSTOPPER\u00ae fr\u00e5n Gore-Tex Labs: Erbjuder komplett vindt\u00e4tt skydd genom ett slitstarkt, l\u00e4tt och ventilerande membran.<\/p>\n<p>GORE\u2122 OPTIFADE\u2122 Concealment Elevated II \u00e4r designad f\u00f6r vitsvansj\u00e4gare i en upph\u00f6jd position.<\/p>\n","protected":false},"excerpt":{"rendered":"<p>J\u00e4gare beh\u00f6ver det absolut b\u00e4sta skyddet mot kylan under l\u00e5nga pass under brunsten. Vi designade Stratus med WINDSTOPPER\u00ae fr\u00e5n GORE-TEX LABS f\u00f6r att skapa en fullt utrustad, 100 % vindt\u00e4t byxa som \u00e4r optimerad f\u00f6r just dessa f\u00f6rh\u00e5llanden. Vi anv\u00e4nde micro-grid fleece f\u00f6r dess f\u00f6rh\u00e5llande mellan v\u00e4rme och vikt och gav byxan en ledad design [&#8230;]\n","protected":false},"featured_media":272680,"comment_status":"open","ping_status":"closed","template":"","meta":[],"product_brand":[],"product_cat":[2779],"product_tag":[],"class_list":{"0":"post-286218","1":"product","2":"type-product","3":"status-publish","4":"has-post-thumbnail","6":"product_cat-byxor","8":"first","9":"instock","10":"taxable","11":"shipping-taxable","12":"purchasable","13":"product-type-variable"},"composite_virtual":false,"composite_layout":"","composite_add_to_cart_form_location":"","composite_editable_in_cart":false,"composite_sold_individually_context":"","composite_shop_price_calc":"","composite_components":[],"composite_scenarios":[],"group_of_quantity":0,"min_quantity":0,"max_quantity":"","exclude_order_quantity_value_rules":"no","exclude_category_quantity_rules":"no","combine_variations":"no","exclude_global_add_ons":[],"addons":[],"_links":{"self":[{"href":"https:\/\/www.huntersfriend.eu\/sv\/wp-json\/wp\/v2\/product\/286218","targetHints":{"allow":["GET"]}}],"collection":[{"href":"https:\/\/www.huntersfriend.eu\/sv\/wp-json\/wp\/v2\/product"}],"about":[{"href":"https:\/\/www.huntersfriend.eu\/sv\/wp-json\/wp\/v2\/types\/product"}],"replies":[{"embeddable":true,"href":"https:\/\/www.huntersfriend.eu\/sv\/wp-json\/wp\/v2\/comments?post=286218"}],"wp:featuredmedia":[{"embeddable":true,"href":"https:\/\/www.huntersfriend.eu\/sv\/wp-json\/wp\/v2\/media\/272680"}],"wp:attachment":[{"href":"https:\/\/www.huntersfriend.eu\/sv\/wp-json\/wp\/v2\/media?parent=286218"}],"wp:term":[{"taxonomy":"product_brand","embeddable":true,"href":"https:\/\/www.huntersfriend.eu\/sv\/wp-json\/wp\/v2\/product_brand?post=286218"},{"taxonomy":"product_cat","embeddable":true,"href":"https:\/\/www.huntersfriend.eu\/sv\/wp-json\/wp\/v2\/product_cat?post=286218"},{"taxonomy":"product_tag","embeddable":true,"href":"https:\/\/www.huntersfriend.eu\/sv\/wp-json\/wp\/v2\/product_tag?post=286218"}],"curies":[{"name":"wp","href":"https:\/\/api.w.org\/{rel}","templated":true}]}}