{"id":286213,"date":"2024-08-03T00:04:18","date_gmt":"2024-08-02T22:04:18","guid":{"rendered":"https:\/\/www.huntersfriend.eu\/product\/huntworth-softshellbyxor-med-fleecefoder\/"},"modified":"2025-08-26T11:27:23","modified_gmt":"2025-08-26T09:27:23","slug":"huntworth-softshellbyxor-med-fleecefoder","status":"publish","type":"product","link":"https:\/\/www.huntersfriend.eu\/sv\/produkt\/huntworth-softshellbyxor-med-fleecefoder\/","title":{"rendered":"Huntworth softshellbyxor med fleecefoder"},"content":{"rendered":"<p>V\u00e5ra softshellbyxor kommer aldrig att strama eller hindra dig n\u00e4r du sitter eller kl\u00e4ttrar. De \u00e4r tillverkade av ett stretchigt polyestertyg med ett tjockt fleecefoder som inte noppar sig. Denna dubbla lagerdesign h\u00e5ller dig varm och skyddad fr\u00e5n kylan under mellans\u00e4songen. DWR-finishen p\u00e5 det yttre tyget st\u00f6ter bort l\u00e4tt sn\u00f6 och regn, medan Tarnen\u00ae-camouflagem\u00f6nstret h\u00e5ller dig dold f\u00f6r ditt byte. Med gott om f\u00f6rvaring, inklusive djupa framfickor, bakfickor och stora sidofickor, kan du alltid ha dina viktigaste saker med dig. Gener\u00f6sa benslut med dragkedje\u00f6ppningar ger gott om plats f\u00f6r dina favoritjaktst\u00f6vlar. Anv\u00e4nd dem ensamma eller \u00f6ver ett baslager under jakter i tr\u00e4dstammar fr\u00e5n mitten till slutet av s\u00e4songen.     <\/p>\n<p>Artikelnummer: 981-TRN<\/p>\n<p>Camo: tarnen\u00ae<\/p>\n<p>Yttermaterial: Stretchpolyester med ett tjockt fleecefoder som inte noppar sig, med en sammanlagd vikt p\u00e5 cirka 340 g. 100 % polyester. <\/p>\n<p>Behandling: Slitstark vattenavvisande (DWR) finish p\u00e5 tygets yta som st\u00f6ter bort fukt och l\u00e4tt sn\u00f6<\/p>\n<p>Fickor: Tv\u00e5 snedfickor, tv\u00e5 bakfickor och tv\u00e5 cargofickor<\/p>\n<p>Ben: Dragkedjor p\u00e5 sidan av benen som m\u00e4ter cirka 15 \u00be tum<\/p>\n<p>Midja: 5 b\u00e4ltesh\u00e4llor och midjef\u00f6rslutning med en extra knapp<\/p>\n<p>Rekommenderat temperaturomr\u00e5de: -1 \u00b0C till 10 \u00b0C med lager efter behov<\/p>\n","protected":false},"excerpt":{"rendered":"<p>V\u00e5ra softshellbyxor kommer aldrig att strama eller hindra dig n\u00e4r du sitter eller kl\u00e4ttrar. De \u00e4r tillverkade av ett stretchigt polyestertyg med ett tjockt fleecefoder som inte noppar sig. Denna dubbla lagerdesign h\u00e5ller dig varm och skyddad fr\u00e5n kylan under mellans\u00e4songen. DWR-finishen p\u00e5 det yttre tyget st\u00f6ter bort l\u00e4tt sn\u00f6 och regn, medan Tarnen\u00ae-camouflagem\u00f6nstret h\u00e5ller [&#8230;]\n","protected":false},"featured_media":271827,"comment_status":"open","ping_status":"closed","template":"","meta":[],"product_brand":[],"product_cat":[2779],"product_tag":[],"class_list":{"0":"post-286213","1":"product","2":"type-product","3":"status-publish","4":"has-post-thumbnail","6":"product_cat-byxor","8":"first","9":"instock","10":"taxable","11":"shipping-taxable","12":"purchasable","13":"product-type-variable"},"composite_virtual":false,"composite_layout":"","composite_add_to_cart_form_location":"","composite_editable_in_cart":false,"composite_sold_individually_context":"","composite_shop_price_calc":"","composite_components":[],"composite_scenarios":[],"group_of_quantity":0,"min_quantity":0,"max_quantity":"","exclude_order_quantity_value_rules":"no","exclude_category_quantity_rules":"no","combine_variations":"no","exclude_global_add_ons":[],"addons":[],"_links":{"self":[{"href":"https:\/\/www.huntersfriend.eu\/sv\/wp-json\/wp\/v2\/product\/286213","targetHints":{"allow":["GET"]}}],"collection":[{"href":"https:\/\/www.huntersfriend.eu\/sv\/wp-json\/wp\/v2\/product"}],"about":[{"href":"https:\/\/www.huntersfriend.eu\/sv\/wp-json\/wp\/v2\/types\/product"}],"replies":[{"embeddable":true,"href":"https:\/\/www.huntersfriend.eu\/sv\/wp-json\/wp\/v2\/comments?post=286213"}],"wp:featuredmedia":[{"embeddable":true,"href":"https:\/\/www.huntersfriend.eu\/sv\/wp-json\/wp\/v2\/media\/271827"}],"wp:attachment":[{"href":"https:\/\/www.huntersfriend.eu\/sv\/wp-json\/wp\/v2\/media?parent=286213"}],"wp:term":[{"taxonomy":"product_brand","embeddable":true,"href":"https:\/\/www.huntersfriend.eu\/sv\/wp-json\/wp\/v2\/product_brand?post=286213"},{"taxonomy":"product_cat","embeddable":true,"href":"https:\/\/www.huntersfriend.eu\/sv\/wp-json\/wp\/v2\/product_cat?post=286213"},{"taxonomy":"product_tag","embeddable":true,"href":"https:\/\/www.huntersfriend.eu\/sv\/wp-json\/wp\/v2\/product_tag?post=286213"}],"curies":[{"name":"wp","href":"https:\/\/api.w.org\/{rel}","templated":true}]}}