{"id":286212,"date":"2024-08-29T00:20:12","date_gmt":"2024-08-28T22:20:12","guid":{"rendered":"https:\/\/www.huntersfriend.eu\/product\/sitka-ballistic-keps-signalorange\/"},"modified":"2025-08-26T11:27:22","modified_gmt":"2025-08-26T09:27:22","slug":"sitka-ballistic-keps-signalorange","status":"publish","type":"product","link":"https:\/\/www.huntersfriend.eu\/sv\/produkt\/sitka-ballistic-keps-signalorange\/","title":{"rendered":"SITKA Ballistic-keps \u2013 Signalorange"},"content":{"rendered":"<p>Ballistic-kepsen \u00e4r tillverkad av ett slitstarkt, dubbelv\u00e4vt orange tyg som g\u00f6r att du syns f\u00f6r andra j\u00e4gare.<\/p>\n<p>Vikt: 90,72 g.<\/p>\n<p>Material: Dubbelv\u00e4vd polyester.<\/p>\n<p>Justerbar kardborrestorlek: F\u00f6r en anpassad passform.<\/p>\n<p>Slitstark vattenavvisande finish: DWR-finishen st\u00e5r emot l\u00e4tt nederb\u00f6rd och f\u00f6rhindrar att yttertyget blir bl\u00f6tt.<\/p>\n","protected":false},"excerpt":{"rendered":"<p>Justerbar<\/p>\n","protected":false},"featured_media":272439,"comment_status":"open","ping_status":"closed","template":"","meta":[],"product_brand":[],"product_cat":[2716],"product_tag":[],"class_list":{"0":"post-286212","1":"product","2":"type-product","3":"status-publish","4":"has-post-thumbnail","6":"product_cat-hattar-och-huvudbonader","8":"first","9":"instock","10":"taxable","11":"shipping-taxable","12":"purchasable","13":"product-type-simple"},"composite_virtual":false,"composite_layout":"","composite_add_to_cart_form_location":"","composite_editable_in_cart":false,"composite_sold_individually_context":"","composite_shop_price_calc":"","composite_components":[],"composite_scenarios":[],"group_of_quantity":0,"min_quantity":0,"max_quantity":"","exclude_order_quantity_value_rules":"no","exclude_category_quantity_rules":"no","combine_variations":"no","exclude_global_add_ons":[],"addons":[],"_links":{"self":[{"href":"https:\/\/www.huntersfriend.eu\/sv\/wp-json\/wp\/v2\/product\/286212","targetHints":{"allow":["GET"]}}],"collection":[{"href":"https:\/\/www.huntersfriend.eu\/sv\/wp-json\/wp\/v2\/product"}],"about":[{"href":"https:\/\/www.huntersfriend.eu\/sv\/wp-json\/wp\/v2\/types\/product"}],"replies":[{"embeddable":true,"href":"https:\/\/www.huntersfriend.eu\/sv\/wp-json\/wp\/v2\/comments?post=286212"}],"wp:featuredmedia":[{"embeddable":true,"href":"https:\/\/www.huntersfriend.eu\/sv\/wp-json\/wp\/v2\/media\/272439"}],"wp:attachment":[{"href":"https:\/\/www.huntersfriend.eu\/sv\/wp-json\/wp\/v2\/media?parent=286212"}],"wp:term":[{"taxonomy":"product_brand","embeddable":true,"href":"https:\/\/www.huntersfriend.eu\/sv\/wp-json\/wp\/v2\/product_brand?post=286212"},{"taxonomy":"product_cat","embeddable":true,"href":"https:\/\/www.huntersfriend.eu\/sv\/wp-json\/wp\/v2\/product_cat?post=286212"},{"taxonomy":"product_tag","embeddable":true,"href":"https:\/\/www.huntersfriend.eu\/sv\/wp-json\/wp\/v2\/product_tag?post=286212"}],"curies":[{"name":"wp","href":"https:\/\/api.w.org\/{rel}","templated":true}]}}