{"id":286207,"date":"2024-08-03T00:04:17","date_gmt":"2024-08-02T22:04:17","guid":{"rendered":"https:\/\/www.huntersfriend.eu\/product\/huntworth-winsted-jacka-for-dam\/"},"modified":"2025-08-26T11:27:21","modified_gmt":"2025-08-26T09:27:21","slug":"huntworth-winsted-jacka-for-dam","status":"publish","type":"product","link":"https:\/\/www.huntersfriend.eu\/sv\/produkt\/huntworth-winsted-jacka-for-dam\/","title":{"rendered":"Huntworth Winsted-jacka f\u00f6r dam"},"content":{"rendered":"<p>H\u00e5ll dig torr l\u00e4ngre med Winsted vattent\u00e4ta regnjacka f\u00f6r dam i Tarnen. Den \u00e4r l\u00e4tt och ventilerande och mer \u00e4n bara ett regnplagg. Dra p\u00e5 jackan f\u00f6r snabb camot\u00e4ckning eller som ett vindskydd. Den \u00e4r otroligt l\u00e4tt att packa och perfekt att f\u00f6rvara i ryggs\u00e4cken n\u00e4r v\u00e4dret blir d\u00e5ligt.   <\/p>\n<p><strong>Winsted l\u00e4ttviktig vattent\u00e4t trik\u00e5regnjacka i Tarnen\u00ae<\/strong> utvecklades uttryckligen f\u00f6r att h\u00e5lla v\u00e4tan ute och torrt inne. Tarnen\u00ae-camo-jackan \u00e4r tillverkad med ett hybridm\u00f6nster f\u00f6r att d\u00f6lja och har ett vindt\u00e4tt\/ventilerande membran som \u00e4r f\u00e4st vid det mjuka trik\u00e5skalet. Den har 100 % tejpade s\u00f6mmar f\u00f6r att f\u00f6rhindra alla m\u00f6jliga l\u00e4ckor och ett ventilerande meshfoder. Denna vattent\u00e4ta jaktjacka \u00e4r byggd f\u00f6r att klara det bl\u00f6taste v\u00e4dret.   <\/p>\n<p>Det finns gott om fickor f\u00f6r din utrustning, en justerbar huva och en dragsko i f\u00e5llen ger en anpassad passform. Den kan vikas ihop snyggt s\u00e5 att du enkelt kan f\u00f6rvara den. <\/p>\n<p>Du beh\u00f6ver inte oroa dig f\u00f6r att bli bl\u00f6t \u2013 Tarnen\u00ae-m\u00f6nstrade jaktregnjackan levererar. Bli inte f\u00e5ngad i regnet utan den! <\/p>\n","protected":false},"excerpt":{"rendered":"<p>Damjacka<\/p>\n","protected":false},"featured_media":271324,"comment_status":"open","ping_status":"closed","template":"","meta":[],"product_brand":[],"product_cat":[2710],"product_tag":[],"class_list":{"0":"post-286207","1":"product","2":"type-product","3":"status-publish","4":"has-post-thumbnail","6":"product_cat-jaktklader-for-dam","8":"first","9":"instock","10":"taxable","11":"shipping-taxable","12":"purchasable","13":"product-type-variable"},"composite_virtual":false,"composite_layout":"","composite_add_to_cart_form_location":"","composite_editable_in_cart":false,"composite_sold_individually_context":"","composite_shop_price_calc":"","composite_components":[],"composite_scenarios":[],"group_of_quantity":0,"min_quantity":0,"max_quantity":"","exclude_order_quantity_value_rules":"no","exclude_category_quantity_rules":"no","combine_variations":"no","exclude_global_add_ons":[],"addons":[],"_links":{"self":[{"href":"https:\/\/www.huntersfriend.eu\/sv\/wp-json\/wp\/v2\/product\/286207","targetHints":{"allow":["GET"]}}],"collection":[{"href":"https:\/\/www.huntersfriend.eu\/sv\/wp-json\/wp\/v2\/product"}],"about":[{"href":"https:\/\/www.huntersfriend.eu\/sv\/wp-json\/wp\/v2\/types\/product"}],"replies":[{"embeddable":true,"href":"https:\/\/www.huntersfriend.eu\/sv\/wp-json\/wp\/v2\/comments?post=286207"}],"wp:featuredmedia":[{"embeddable":true,"href":"https:\/\/www.huntersfriend.eu\/sv\/wp-json\/wp\/v2\/media\/271324"}],"wp:attachment":[{"href":"https:\/\/www.huntersfriend.eu\/sv\/wp-json\/wp\/v2\/media?parent=286207"}],"wp:term":[{"taxonomy":"product_brand","embeddable":true,"href":"https:\/\/www.huntersfriend.eu\/sv\/wp-json\/wp\/v2\/product_brand?post=286207"},{"taxonomy":"product_cat","embeddable":true,"href":"https:\/\/www.huntersfriend.eu\/sv\/wp-json\/wp\/v2\/product_cat?post=286207"},{"taxonomy":"product_tag","embeddable":true,"href":"https:\/\/www.huntersfriend.eu\/sv\/wp-json\/wp\/v2\/product_tag?post=286207"}],"curies":[{"name":"wp","href":"https:\/\/api.w.org\/{rel}","templated":true}]}}