{"id":286201,"date":"2024-08-14T00:23:58","date_gmt":"2024-08-13T22:23:58","guid":{"rendered":"https:\/\/www.huntersfriend.eu\/product\/huntworth-patch-logokeps\/"},"modified":"2025-08-26T11:27:19","modified_gmt":"2025-08-26T09:27:19","slug":"huntworth-patch-logokeps","status":"publish","type":"product","link":"https:\/\/www.huntersfriend.eu\/sv\/produkt\/huntworth-patch-logokeps\/","title":{"rendered":"Huntworth patch-logokeps"},"content":{"rendered":"<p>Den h\u00e4r klassiska truckerkepsen har en front i bomullstwill med en broderad Huntworth-patch och en baksida i mesh med sn\u00e4ppst\u00e4ngning. B\u00e4r den efter jakten eller n\u00e4r du \u00e4r ute med v\u00e4nner och familj. Du kommer snabbt att bli f\u00f6r\u00e4lskad i den h\u00e4r Huntworth\u00ae patch-logokepsen.  <\/p>\n<h3><b>Funktioner:<\/b><\/h3>\n<ul>\n<li><strong>Skal:<\/strong> De strukturerade frontpanelerna \u00e4r gjorda av 100 % bomullstwill och bakpanelerna \u00e4r gjorda av en premium 100 % stickad polyester soft mesh<\/li>\n<li><strong>Sk\u00e4rm:<\/strong> F\u00f6rb\u00f6jd sk\u00e4rm<\/li>\n<li><strong>St\u00e4ngning:<\/strong> Justerbar sn\u00e4ppst\u00e4ngning i plast<\/li>\n<li><strong>Passform:<\/strong> Traditionell 6-panels truckerkepsmodell med medelh\u00f6g profil<\/li>\n<\/ul>\n","protected":false},"excerpt":{"rendered":"<p>Den h\u00e4r klassiska truckerkepsen har en front i bomullstwill med en broderad Huntworth-patch och en baksida i mesh med sn\u00e4ppst\u00e4ngning. B\u00e4r den efter jakten eller n\u00e4r du \u00e4r ute med v\u00e4nner och familj. Du kommer snabbt att bli f\u00f6r\u00e4lskad i den h\u00e4r Huntworth\u00ae patch-logokepsen. Funktioner: Skal: De strukturerade frontpanelerna \u00e4r gjorda av 100 % bomullstwill [&#8230;]\n","protected":false},"featured_media":271805,"comment_status":"open","ping_status":"closed","template":"","meta":[],"product_brand":[],"product_cat":[2716],"product_tag":[],"class_list":{"0":"post-286201","1":"product","2":"type-product","3":"status-publish","4":"has-post-thumbnail","6":"product_cat-hattar-och-huvudbonader","8":"first","9":"instock","10":"taxable","11":"shipping-taxable","12":"purchasable","13":"product-type-simple"},"composite_virtual":false,"composite_layout":"","composite_add_to_cart_form_location":"","composite_editable_in_cart":false,"composite_sold_individually_context":"","composite_shop_price_calc":"","composite_components":[],"composite_scenarios":[],"group_of_quantity":0,"min_quantity":0,"max_quantity":"","exclude_order_quantity_value_rules":"no","exclude_category_quantity_rules":"no","combine_variations":"no","exclude_global_add_ons":[],"addons":[],"_links":{"self":[{"href":"https:\/\/www.huntersfriend.eu\/sv\/wp-json\/wp\/v2\/product\/286201","targetHints":{"allow":["GET"]}}],"collection":[{"href":"https:\/\/www.huntersfriend.eu\/sv\/wp-json\/wp\/v2\/product"}],"about":[{"href":"https:\/\/www.huntersfriend.eu\/sv\/wp-json\/wp\/v2\/types\/product"}],"replies":[{"embeddable":true,"href":"https:\/\/www.huntersfriend.eu\/sv\/wp-json\/wp\/v2\/comments?post=286201"}],"wp:featuredmedia":[{"embeddable":true,"href":"https:\/\/www.huntersfriend.eu\/sv\/wp-json\/wp\/v2\/media\/271805"}],"wp:attachment":[{"href":"https:\/\/www.huntersfriend.eu\/sv\/wp-json\/wp\/v2\/media?parent=286201"}],"wp:term":[{"taxonomy":"product_brand","embeddable":true,"href":"https:\/\/www.huntersfriend.eu\/sv\/wp-json\/wp\/v2\/product_brand?post=286201"},{"taxonomy":"product_cat","embeddable":true,"href":"https:\/\/www.huntersfriend.eu\/sv\/wp-json\/wp\/v2\/product_cat?post=286201"},{"taxonomy":"product_tag","embeddable":true,"href":"https:\/\/www.huntersfriend.eu\/sv\/wp-json\/wp\/v2\/product_tag?post=286201"}],"curies":[{"name":"wp","href":"https:\/\/api.w.org\/{rel}","templated":true}]}}