{"id":286200,"date":"2024-08-03T00:04:17","date_gmt":"2024-08-02T22:04:17","guid":{"rendered":"https:\/\/www.huntersfriend.eu\/product\/huntworth-winsted-byxor-for-dam\/"},"modified":"2025-08-26T11:27:19","modified_gmt":"2025-08-26T09:27:19","slug":"huntworth-winsted-byxor-for-dam","status":"publish","type":"product","link":"https:\/\/www.huntersfriend.eu\/sv\/produkt\/huntworth-winsted-byxor-for-dam\/","title":{"rendered":"Huntworth Winsted-byxor f\u00f6r dam"},"content":{"rendered":"<p>H\u00e5ll dig torr och ute l\u00e4ngre med Winsted vattent\u00e4ta regnbyxor f\u00f6r dam i Tarnen. L\u00e4tta och ventilerande, dessa \u00e4r mer \u00e4n bara regnkl\u00e4der. Sl\u00e4ng p\u00e5 dem f\u00f6r snabb camo-t\u00e4ckning eller som ett vindskydd. Otroligt packbara, de \u00e4r perfekta att f\u00f6rvara i din packning n\u00e4r v\u00e4dret blir d\u00e5ligt.   <\/p>\n<p><strong>De l\u00e4tta vattent\u00e4ta tricot-regnbyxorna Winsted i Tarnen\u00ae<\/strong> utvecklades uttryckligen f\u00f6r att h\u00e5lla v\u00e4tan ute och torrt inne. Tarnen\u00ae camo-byxorna \u00e4r tillverkade med ett hybridm\u00f6nster f\u00f6r kamouflage och har ett vindt\u00e4tt\/ventilerande filmmembran bundet till det mjuka tricot-skalet. De har 100 % tejpade s\u00f6mmar f\u00f6r att f\u00f6rhindra alla m\u00f6jliga l\u00e4ckor och ett ventilerande meshfoder. Var beredd p\u00e5 allt med dessa vattent\u00e4ta jaktbyxor.   <\/p>\n<p>En m\u00e4ngd fickor fram, bak och p\u00e5 sidorna av dessa byxor ger dig gott om f\u00f6rvaring. Sidobensdragkedjor utrustade med stormflik ger ytterligare ett lager av v\u00e4derskydd och g\u00f6r det enkelt att ta av och p\u00e5 st\u00f6vlarna. Linningen har 5 b\u00e4ltesh\u00e4llor f\u00f6r en perfekt passform.  <\/p>\n<p>Du beh\u00f6ver aldrig oroa dig f\u00f6r att bli bl\u00f6t \u2013 Tarnen\u00ae-m\u00f6nstrade jaktregnbyxor levererar varan. Bli inte f\u00e5ngad i regnet utan dem! <\/p>\n","protected":false},"excerpt":{"rendered":"<p>Dambyxor<\/p>\n","protected":false},"featured_media":271343,"comment_status":"open","ping_status":"closed","template":"","meta":[],"product_brand":[],"product_cat":[2710],"product_tag":[],"class_list":{"0":"post-286200","1":"product","2":"type-product","3":"status-publish","4":"has-post-thumbnail","6":"product_cat-jaktklader-for-dam","8":"first","9":"instock","10":"taxable","11":"shipping-taxable","12":"purchasable","13":"product-type-variable"},"composite_virtual":false,"composite_layout":"","composite_add_to_cart_form_location":"","composite_editable_in_cart":false,"composite_sold_individually_context":"","composite_shop_price_calc":"","composite_components":[],"composite_scenarios":[],"group_of_quantity":0,"min_quantity":0,"max_quantity":"","exclude_order_quantity_value_rules":"no","exclude_category_quantity_rules":"no","combine_variations":"no","exclude_global_add_ons":[],"addons":[],"_links":{"self":[{"href":"https:\/\/www.huntersfriend.eu\/sv\/wp-json\/wp\/v2\/product\/286200","targetHints":{"allow":["GET"]}}],"collection":[{"href":"https:\/\/www.huntersfriend.eu\/sv\/wp-json\/wp\/v2\/product"}],"about":[{"href":"https:\/\/www.huntersfriend.eu\/sv\/wp-json\/wp\/v2\/types\/product"}],"replies":[{"embeddable":true,"href":"https:\/\/www.huntersfriend.eu\/sv\/wp-json\/wp\/v2\/comments?post=286200"}],"wp:featuredmedia":[{"embeddable":true,"href":"https:\/\/www.huntersfriend.eu\/sv\/wp-json\/wp\/v2\/media\/271343"}],"wp:attachment":[{"href":"https:\/\/www.huntersfriend.eu\/sv\/wp-json\/wp\/v2\/media?parent=286200"}],"wp:term":[{"taxonomy":"product_brand","embeddable":true,"href":"https:\/\/www.huntersfriend.eu\/sv\/wp-json\/wp\/v2\/product_brand?post=286200"},{"taxonomy":"product_cat","embeddable":true,"href":"https:\/\/www.huntersfriend.eu\/sv\/wp-json\/wp\/v2\/product_cat?post=286200"},{"taxonomy":"product_tag","embeddable":true,"href":"https:\/\/www.huntersfriend.eu\/sv\/wp-json\/wp\/v2\/product_tag?post=286200"}],"curies":[{"name":"wp","href":"https:\/\/api.w.org\/{rel}","templated":true}]}}