{"id":286193,"date":"2024-08-12T13:05:28","date_gmt":"2024-08-12T11:05:28","guid":{"rendered":"https:\/\/www.huntersfriend.eu\/product\/huntworth-berber-fleece-mossa\/"},"modified":"2025-08-26T11:27:17","modified_gmt":"2025-08-26T09:27:17","slug":"huntworth-berber-fleece-mossa","status":"publish","type":"product","link":"https:\/\/www.huntersfriend.eu\/sv\/produkt\/huntworth-berber-fleece-mossa\/","title":{"rendered":"Huntworth Berber fleece-m\u00f6ssa"},"content":{"rendered":"<p>Var det n\u00e5gon som sa att det \u00e4r kallt h\u00e4r ute? Inte med den h\u00e4r mjuka Berber fleece-m\u00f6ssan. Den \u00e4r helfodrad med Heat Boost\u2122 grafen short pile sherpa fleece s\u00e5 att du kan stanna ute l\u00e4ngre. Heat Boost \u00e4r en serie grafen-f\u00f6rst\u00e4rkt material och en pionj\u00e4r inom n\u00e4sta generations avancerade tyger med nya funktioner. Att sticka grafengarn i v\u00e5rt sherpa-tyg ger det grafens v\u00e4rmeledande egenskaper, vilket g\u00f6r ett varmt material \u00e4nnu varmare \u2013 30 % varmare. Med det naturtrogna Tarnen\u00ae-camouflagem\u00f6nstret hj\u00e4lper den h\u00e4r m\u00f6ssan dig att sm\u00e4lta in s\u00f6ml\u00f6st, och n\u00e4r du \u00e4r ute vid elden en kall natt kommer den att ge mysig v\u00e4rme.     <\/p>\n<p>Stilnummer: 5816-TRN<\/p>\n<p>Camo: tarnen\u00ae<\/p>\n<p>Yttermaterial: Wet print Berber fleece<\/p>\n<p>Foder: Helfodrad med Heat Boost\u2122 grafen short pile sherpa<\/p>\n<p>Heat Boost\u2122: Grafengarn stickat i sherpan ger v\u00e4rmeledningsf\u00f6rm\u00e5ga, fukttransporterande och antimikrobiella egenskaper. Grafenet utnyttjar din kropps energi, absorberar v\u00e4rmen och sl\u00e4pper tillbaka den och omger dig med str\u00e5lande v\u00e4rme. <\/p>\n<p>&nbsp;<\/p>\n","protected":false},"excerpt":{"rendered":"<p>2 storlekar M\/L och L\/XL<\/p>\n","protected":false},"featured_media":271818,"comment_status":"open","ping_status":"closed","template":"","meta":[],"product_brand":[],"product_cat":[2716],"product_tag":[],"class_list":{"0":"post-286193","1":"product","2":"type-product","3":"status-publish","4":"has-post-thumbnail","6":"product_cat-hattar-och-huvudbonader","8":"first","9":"instock","10":"taxable","11":"shipping-taxable","12":"purchasable","13":"product-type-variable"},"composite_virtual":false,"composite_layout":"","composite_add_to_cart_form_location":"","composite_editable_in_cart":false,"composite_sold_individually_context":"","composite_shop_price_calc":"","composite_components":[],"composite_scenarios":[],"group_of_quantity":0,"min_quantity":0,"max_quantity":"","exclude_order_quantity_value_rules":"no","exclude_category_quantity_rules":"no","combine_variations":"no","exclude_global_add_ons":[],"addons":[],"_links":{"self":[{"href":"https:\/\/www.huntersfriend.eu\/sv\/wp-json\/wp\/v2\/product\/286193","targetHints":{"allow":["GET"]}}],"collection":[{"href":"https:\/\/www.huntersfriend.eu\/sv\/wp-json\/wp\/v2\/product"}],"about":[{"href":"https:\/\/www.huntersfriend.eu\/sv\/wp-json\/wp\/v2\/types\/product"}],"replies":[{"embeddable":true,"href":"https:\/\/www.huntersfriend.eu\/sv\/wp-json\/wp\/v2\/comments?post=286193"}],"wp:featuredmedia":[{"embeddable":true,"href":"https:\/\/www.huntersfriend.eu\/sv\/wp-json\/wp\/v2\/media\/271818"}],"wp:attachment":[{"href":"https:\/\/www.huntersfriend.eu\/sv\/wp-json\/wp\/v2\/media?parent=286193"}],"wp:term":[{"taxonomy":"product_brand","embeddable":true,"href":"https:\/\/www.huntersfriend.eu\/sv\/wp-json\/wp\/v2\/product_brand?post=286193"},{"taxonomy":"product_cat","embeddable":true,"href":"https:\/\/www.huntersfriend.eu\/sv\/wp-json\/wp\/v2\/product_cat?post=286193"},{"taxonomy":"product_tag","embeddable":true,"href":"https:\/\/www.huntersfriend.eu\/sv\/wp-json\/wp\/v2\/product_tag?post=286193"}],"curies":[{"name":"wp","href":"https:\/\/api.w.org\/{rel}","templated":true}]}}