{"id":286192,"date":"2024-08-03T00:04:16","date_gmt":"2024-08-02T22:04:16","guid":{"rendered":"https:\/\/www.huntersfriend.eu\/product\/huntworth-matterhorn-jacka-dam\/"},"modified":"2025-10-14T05:00:30","modified_gmt":"2025-10-14T03:00:30","slug":"huntworth-matterhorn-jacka-dam","status":"publish","type":"product","link":"https:\/\/www.huntersfriend.eu\/sv\/produkt\/huntworth-matterhorn-jacka-dam\/","title":{"rendered":"Huntworth Matterhorn-jacka \u2013 dam"},"content":{"rendered":"<p>Matterhorn-jackan i Tarnen \u00e4r byggd f\u00f6r att klara det v\u00e4rsta v\u00e4dret och tar dig igenom kyliga stunder. Den \u00e4r vindt\u00e4t och vattent\u00e4t och tillverkad med Heat Boost grafenteknik \u2013 den har allt du beh\u00f6ver f\u00f6r att h\u00e5lla dig varm, utan extra bulk. F\u00f6r n\u00e4r det inte \u00e4r ett alternativ att frysa. (-10F till 20F)   <\/p>\n<p><strong>Matterhorn-jackan \u00e4r helfodrad med <a class=\"heat-boost-info-link\" href=\"https:\/\/huntworthgear.com\/graphene-technology-heat-boost\">Heat Boost\u2122<\/a> grafensherpa<\/strong> \u2013 ett grafenf\u00f6rst\u00e4rkt tyg konstruerat f\u00f6r \u00f6verl\u00e4gsen v\u00e4rme. Jaktjackan \u00e4r designad f\u00f6r sena s\u00e4songens benkylande kalla v\u00e4derjakter n\u00e4r det \u00e4r avg\u00f6rande att h\u00e5lla sig varm. <\/p>\n<p>Grafengarnet som stickats in i sherpan har den v\u00e4rmeledningsf\u00f6rm\u00e5ga, fukttransporterande och antimikrobiella f\u00f6rm\u00e5ga som \u00e4r inneboende i grafen. Grafenet utnyttjar din kropps energi, absorberar v\u00e4rmen och sl\u00e4pper tillbaka den och omger dig i en varaktig str\u00e5lande v\u00e4rme. Heat Boost\u2122 grafentekniken superladdar sherpans v\u00e4rme utan extra tyngd \u2013 maximerar jackans v\u00e4rme och minimerar volymen.  <\/p>\n<p>Denna Tarnen vattent\u00e4ta jacka \u00e4r designad med ett hybrid d\u00f6ljande m\u00f6nster och \u00e4r tillverkad med ett kraftigt borstat trik\u00e5tyg bundet till en vindt\u00e4t film. S\u00f6mmarna \u00e4r helt tejpade, vilket g\u00f6r jaktjackan 100 % vattent\u00e4t. Kroppen och armarna \u00e4r helt fodrade med grafensherpa. Det finns ett skyddande polyesterfoder l\u00e4ngs f\u00e5lllinjen f\u00f6r att f\u00f6rhindra att sherpan samlar kardborrar.   <\/p>\n<p>En inre stormflik bakom den fr\u00e4mre tv\u00e5v\u00e4gsdragkedjan st\u00e4nger ute kylan. Tv\u00e5 br\u00f6stv\u00e4rmarfickor fodrade med grafensherpa ger den perfekta platsen f\u00f6r att h\u00e5lla h\u00e4nderna varma. Fyra stora dragkedjefickor p\u00e5 utsidan och tre inv\u00e4ndiga f\u00f6rvaringsfickor ger dig gott om f\u00f6rvaringsutrymme. Dragkedjor under armarna m\u00f6jligg\u00f6r snabb ventilation. Dessutom g\u00f6r ett selh\u00e5l att du kan b\u00e4ra din tr\u00e4dst\u00e4llesele under jackan f\u00f6r kallt v\u00e4der.    <\/p>\n<p>Att anv\u00e4nda Heat Boost\u2122 ger en l\u00e4ttare, smalare jaktjacka f\u00f6r kallt v\u00e4der utan att ge avkall p\u00e5 v\u00e4rmen. Grafensherpan \u00e4r 30 % varmare \u00e4n v\u00e5r traditionella sherpa, vilket g\u00f6r att vi kan l\u00e4gga till v\u00e4rme, inte volym, till v\u00e5ra kl\u00e4der. Detta ger i sin tur st\u00f6rre r\u00f6rlighet. S\u00e5 \u00e4ven n\u00e4r temperaturen sjunker under noll grader kan du b\u00e4ra f\u00e4rre lager, h\u00e5lla dig varmare och jaga l\u00e4ngre utan den skrymmande som \u00e4r f\u00f6rknippad med traditionell isolerad utrustning.   <\/p>\n","protected":false},"excerpt":{"rendered":"<p>F\u00f6r damer<\/p>\n","protected":false},"featured_media":275800,"comment_status":"open","ping_status":"closed","template":"","meta":[],"product_brand":[],"product_cat":[2710],"product_tag":[],"class_list":{"0":"post-286192","1":"product","2":"type-product","3":"status-publish","4":"has-post-thumbnail","6":"product_cat-jaktklader-for-dam","8":"first","9":"instock","10":"taxable","11":"shipping-taxable","12":"purchasable","13":"product-type-variable"},"composite_virtual":false,"composite_layout":"","composite_add_to_cart_form_location":"","composite_editable_in_cart":false,"composite_sold_individually_context":"","composite_shop_price_calc":"","composite_components":[],"composite_scenarios":[],"group_of_quantity":0,"min_quantity":0,"max_quantity":"","exclude_order_quantity_value_rules":"no","exclude_category_quantity_rules":"no","combine_variations":"no","exclude_global_add_ons":[],"addons":[],"_links":{"self":[{"href":"https:\/\/www.huntersfriend.eu\/sv\/wp-json\/wp\/v2\/product\/286192","targetHints":{"allow":["GET"]}}],"collection":[{"href":"https:\/\/www.huntersfriend.eu\/sv\/wp-json\/wp\/v2\/product"}],"about":[{"href":"https:\/\/www.huntersfriend.eu\/sv\/wp-json\/wp\/v2\/types\/product"}],"replies":[{"embeddable":true,"href":"https:\/\/www.huntersfriend.eu\/sv\/wp-json\/wp\/v2\/comments?post=286192"}],"wp:featuredmedia":[{"embeddable":true,"href":"https:\/\/www.huntersfriend.eu\/sv\/wp-json\/wp\/v2\/media\/275800"}],"wp:attachment":[{"href":"https:\/\/www.huntersfriend.eu\/sv\/wp-json\/wp\/v2\/media?parent=286192"}],"wp:term":[{"taxonomy":"product_brand","embeddable":true,"href":"https:\/\/www.huntersfriend.eu\/sv\/wp-json\/wp\/v2\/product_brand?post=286192"},{"taxonomy":"product_cat","embeddable":true,"href":"https:\/\/www.huntersfriend.eu\/sv\/wp-json\/wp\/v2\/product_cat?post=286192"},{"taxonomy":"product_tag","embeddable":true,"href":"https:\/\/www.huntersfriend.eu\/sv\/wp-json\/wp\/v2\/product_tag?post=286192"}],"curies":[{"name":"wp","href":"https:\/\/api.w.org\/{rel}","templated":true}]}}