{"id":286177,"date":"2024-08-03T00:04:16","date_gmt":"2024-08-02T22:04:16","guid":{"rendered":"https:\/\/www.huntersfriend.eu\/product\/huntworth-matterhorn-hangselbyxa-dam\/"},"modified":"2025-10-14T05:00:22","modified_gmt":"2025-10-14T03:00:22","slug":"huntworth-matterhorn-hangselbyxa-dam","status":"publish","type":"product","link":"https:\/\/www.huntersfriend.eu\/sv\/produkt\/huntworth-matterhorn-hangselbyxa-dam\/","title":{"rendered":"Huntworth Matterhorn-h\u00e4ngselbyxa \u2013 dam"},"content":{"rendered":"<p>Matterhorn-h\u00e4ngselbyxorna i Tarnen \u00e4r byggda f\u00f6r att klara det v\u00e4rsta v\u00e4dret och tar dig igenom kyliga stunder. De \u00e4r vindt\u00e4ta och vattent\u00e4ta och tillverkade med Heat Boost-grafenteknik \u2013 de har allt du beh\u00f6ver f\u00f6r att h\u00e5lla dig varm, utan extra bulk. F\u00f6r n\u00e4r det inte \u00e4r ett alternativ att frysa. (-10F till 20F)   <\/p>\n<p><strong>De tunga Matterhorn-h\u00e4ngselbyxorna \u00e4r helt fodrade med Heat Boost\u2122 grafensherpa \u2013 ett grafenberikat tyg som \u00e4r konstruerat f\u00f6r \u00f6verl\u00e4gsen v\u00e4rme.<\/strong> Dessa jakt-h\u00e4ngselbyxor \u00e4r designade f\u00f6r sena s\u00e4songens benkylande kalla v\u00e4derjakter n\u00e4r det \u00e4r viktigt att h\u00e5lla sig varm.<\/p>\n<p>Det <a class=\"heat-boost-info-link\" href=\"https:\/\/huntworthgear.com\/graphene-technology-heat-boost\">grafengarn<\/a> som \u00e4r inv\u00e4vt i sherpan har den v\u00e4rmeledningsf\u00f6rm\u00e5ga, fukttransporterande och antimikrobiella f\u00f6rm\u00e5ga som \u00e4r inneboende i grafen. Grafenet utnyttjar din kropps energi, absorberar v\u00e4rmen och sl\u00e4pper tillbaka den och omger dig i en varaktig str\u00e5lande v\u00e4rme. Heat Boost\u2122-grafentekniken superladdar sherpans v\u00e4rme utan extra tyngd \u2013 vilket maximerar h\u00e4ngselbyxornas v\u00e4rme och minimerar volymen.  <\/p>\n<p>Dessa Tarnen vattent\u00e4ta h\u00e4ngselbyxor \u00e4r designade med ett digitalt kamouflagem\u00f6nster och \u00e4r tillverkade av ett kraftigt borstat trik\u00e5tyg som \u00e4r bundet till en vindt\u00e4t film. S\u00f6mmarna \u00e4r helt tejpade, vilket g\u00f6r dessa jakt-h\u00e4ngselbyxor 100 % vattent\u00e4ta. \u00d6verkroppen och underbenen \u00e4r helt fodrade med grafensherpa. Det finns ett skyddande polyesterfoder l\u00e4ngs benf\u00e5llen f\u00f6r att f\u00f6rhindra att sherpan samlar kardborrar eller absorberar \u00f6verfl\u00f6dig fukt.   <\/p>\n<p>En br\u00f6stficka med dragkedja, en br\u00f6stficka med lock och tv\u00e5 lastfickor med dragkedja ger gott om f\u00f6rvaringsutrymme. Dragkedjan p\u00e5 h\u00e4ngselbyxans framsida \u00e4r tv\u00e5v\u00e4gs vilket g\u00f6r det enkelt att komma \u00e5t byxorna utan att dra ner dragkedjan helt. De 2-v\u00e4gs dragkedjorna p\u00e5 benens sidor str\u00e4cker sig till h\u00f6ften, vilket g\u00f6r det enkelt att dra p\u00e5 och ta av h\u00e4ngselbyxorna utan att ta av sig st\u00f6vlarna. En dold grenkil och ledade kn\u00e4n g\u00f6r det enkelt att g\u00e5, kl\u00e4ttra, b\u00f6ja sig och sitta n\u00e4r du b\u00e4r dessa tunga h\u00e4ngselbyxor. En vattent\u00e4t, n\u00f6tningsbest\u00e4ndig lapp i s\u00e4tesomr\u00e5det ger extra skydd n\u00e4r du sitter i v\u00e5ta, kalla v\u00e4derf\u00f6rh\u00e5llanden.    <\/p>\n<p>Att anv\u00e4nda Heat Boost\u2122 ger l\u00e4ttare, smalare jakt-h\u00e4ngselbyxor f\u00f6r kallt v\u00e4der utan att offra v\u00e4rmen. Grafensherpan \u00e4r 30 % varmare \u00e4n v\u00e5r traditionella sherpa, vilket g\u00f6r att vi kan l\u00e4gga till v\u00e4rme, inte volym, till v\u00e5ra kl\u00e4der. Detta ger i sin tur st\u00f6rre r\u00f6rlighet. S\u00e5 \u00e4ven n\u00e4r temperaturen sjunker under noll kan du b\u00e4ra f\u00e4rre lager, h\u00e5lla dig varmare och jaga l\u00e4ngre utan den klumpighet som \u00e4r f\u00f6rknippad med andra isolerade redskap.   <\/p>\n","protected":false},"excerpt":{"rendered":"<p>F\u00f6r damer<\/p>\n","protected":false},"featured_media":275818,"comment_status":"open","ping_status":"closed","template":"","meta":[],"product_brand":[],"product_cat":[2710],"product_tag":[],"class_list":{"0":"post-286177","1":"product","2":"type-product","3":"status-publish","4":"has-post-thumbnail","6":"product_cat-jaktklader-for-dam","8":"first","9":"instock","10":"taxable","11":"shipping-taxable","12":"purchasable","13":"product-type-variable"},"composite_virtual":false,"composite_layout":"","composite_add_to_cart_form_location":"","composite_editable_in_cart":false,"composite_sold_individually_context":"","composite_shop_price_calc":"","composite_components":[],"composite_scenarios":[],"group_of_quantity":0,"min_quantity":0,"max_quantity":"","exclude_order_quantity_value_rules":"no","exclude_category_quantity_rules":"no","combine_variations":"no","exclude_global_add_ons":[],"addons":[],"_links":{"self":[{"href":"https:\/\/www.huntersfriend.eu\/sv\/wp-json\/wp\/v2\/product\/286177","targetHints":{"allow":["GET"]}}],"collection":[{"href":"https:\/\/www.huntersfriend.eu\/sv\/wp-json\/wp\/v2\/product"}],"about":[{"href":"https:\/\/www.huntersfriend.eu\/sv\/wp-json\/wp\/v2\/types\/product"}],"replies":[{"embeddable":true,"href":"https:\/\/www.huntersfriend.eu\/sv\/wp-json\/wp\/v2\/comments?post=286177"}],"wp:featuredmedia":[{"embeddable":true,"href":"https:\/\/www.huntersfriend.eu\/sv\/wp-json\/wp\/v2\/media\/275818"}],"wp:attachment":[{"href":"https:\/\/www.huntersfriend.eu\/sv\/wp-json\/wp\/v2\/media?parent=286177"}],"wp:term":[{"taxonomy":"product_brand","embeddable":true,"href":"https:\/\/www.huntersfriend.eu\/sv\/wp-json\/wp\/v2\/product_brand?post=286177"},{"taxonomy":"product_cat","embeddable":true,"href":"https:\/\/www.huntersfriend.eu\/sv\/wp-json\/wp\/v2\/product_cat?post=286177"},{"taxonomy":"product_tag","embeddable":true,"href":"https:\/\/www.huntersfriend.eu\/sv\/wp-json\/wp\/v2\/product_tag?post=286177"}],"curies":[{"name":"wp","href":"https:\/\/api.w.org\/{rel}","templated":true}]}}