{"id":286168,"date":"2024-08-02T00:24:11","date_gmt":"2024-08-01T22:24:11","guid":{"rendered":"https:\/\/www.huntersfriend.eu\/product\/huntworth-stealth-pop-top-handskar\/"},"modified":"2025-08-26T11:27:09","modified_gmt":"2025-08-26T09:27:09","slug":"huntworth-stealth-pop-top-handskar","status":"publish","type":"product","link":"https:\/\/www.huntersfriend.eu\/sv\/produkt\/huntworth-stealth-pop-top-handskar\/","title":{"rendered":"Huntworth stealth Pop top-handskar"},"content":{"rendered":"<p>Om du letar efter v\u00e4rme har du hittat r\u00e4tt. Besegra kylan och stanna ute l\u00e4ngre med denna m\u00e5ngsidiga Tarnen\u00ae camo pop-top. Det tjocka Berber-yttermaterialet f\u00f6rst\u00e4rks med mjuk sherpa-fleece f\u00f6rst\u00e4rkt med Heat Boost\u2122 grafengarn, vilket g\u00f6r ett varmt foder \u00e4nnu varmare \u2013 30 % varmare. Heat Boost\u2122, n\u00e4sta generations f\u00f6rb\u00e4ttrade tyg, anv\u00e4nder grafengarn f\u00f6r att superladda tyget med grafens v\u00e4rmeledande egenskaper som utnyttjar din kropps energi och sl\u00e4pper tillbaka den och omger dig med str\u00e5lande v\u00e4rme. B\u00e4r pop top som en handske med \u00f6ppna fingrar genom att snabbt \u00f6ppna toppen till en magnetiskt s\u00e4krad st\u00e4ngning \u2013 eller kl\u00e4 dig varmt n\u00e4r v\u00e4dret \u00e4r d\u00e5ligt. Den \u00e4r gjord f\u00f6r att hj\u00e4lpa dig att vinna sent p\u00e5 s\u00e4songen och \u00e4r utrustad med en slitstark handflata i syntetiskt l\u00e4der f\u00f6r grepp och fingerdrag f\u00f6r enkel avtagning. Leta inte l\u00e4ngre efter ditt n\u00e4sta hemliga vapen.      <\/p>\n<p>Stilnummer: 1477-TRN<\/p>\n<p>Camo: tarnen\u00ae<\/p>\n<p>Yttermaterial: V\u00e5ttryckt Berber<\/p>\n<p>Foder: Heat Boost\u2122 grafen kort lugg sherpa.<\/p>\n<p>Heat Boost\u2122: Grafengarn stickat in i sherpan ger v\u00e4rmeledningsf\u00f6rm\u00e5ga, fukttransporterande och antimikrobiella egenskaper. Grafenet utnyttjar din kropps energi, absorberar v\u00e4rmen och sl\u00e4pper tillbaka den och omger dig med str\u00e5lande v\u00e4rme. <\/p>\n<p>Vante: Flip-vante s\u00e4krad med magnet p\u00e5 handskens baksida<\/p>\n<p>Handflata: Slitstark handflata i syntetiskt l\u00e4der<\/p>\n<p>Fingrar: Fingerdrag f\u00f6r enkel borttagning<\/p>\n","protected":false},"excerpt":{"rendered":"<p>Om du letar efter v\u00e4rme har du hittat r\u00e4tt. Besegra kylan och stanna ute l\u00e4ngre med denna m\u00e5ngsidiga Tarnen\u00ae camo pop-top. Det tjocka Berber-yttermaterialet f\u00f6rst\u00e4rks med mjuk sherpa-fleece f\u00f6rst\u00e4rkt med Heat Boost\u2122 grafengarn, vilket g\u00f6r ett varmt foder \u00e4nnu varmare \u2013 30 % varmare. Heat Boost\u2122, n\u00e4sta generations f\u00f6rb\u00e4ttrade tyg, anv\u00e4nder grafengarn f\u00f6r att superladda [&#8230;]\n","protected":false},"featured_media":271856,"comment_status":"open","ping_status":"closed","template":"","meta":[],"product_brand":[],"product_cat":[2809],"product_tag":[],"class_list":{"0":"post-286168","1":"product","2":"type-product","3":"status-publish","4":"has-post-thumbnail","6":"product_cat-handskar","8":"first","9":"outofstock","10":"taxable","11":"shipping-taxable","12":"purchasable","13":"product-type-variable"},"composite_virtual":false,"composite_layout":"","composite_add_to_cart_form_location":"","composite_editable_in_cart":false,"composite_sold_individually_context":"","composite_shop_price_calc":"","composite_components":[],"composite_scenarios":[],"group_of_quantity":0,"min_quantity":0,"max_quantity":"","exclude_order_quantity_value_rules":"no","exclude_category_quantity_rules":"no","combine_variations":"no","exclude_global_add_ons":[],"addons":[],"_links":{"self":[{"href":"https:\/\/www.huntersfriend.eu\/sv\/wp-json\/wp\/v2\/product\/286168","targetHints":{"allow":["GET"]}}],"collection":[{"href":"https:\/\/www.huntersfriend.eu\/sv\/wp-json\/wp\/v2\/product"}],"about":[{"href":"https:\/\/www.huntersfriend.eu\/sv\/wp-json\/wp\/v2\/types\/product"}],"replies":[{"embeddable":true,"href":"https:\/\/www.huntersfriend.eu\/sv\/wp-json\/wp\/v2\/comments?post=286168"}],"wp:featuredmedia":[{"embeddable":true,"href":"https:\/\/www.huntersfriend.eu\/sv\/wp-json\/wp\/v2\/media\/271856"}],"wp:attachment":[{"href":"https:\/\/www.huntersfriend.eu\/sv\/wp-json\/wp\/v2\/media?parent=286168"}],"wp:term":[{"taxonomy":"product_brand","embeddable":true,"href":"https:\/\/www.huntersfriend.eu\/sv\/wp-json\/wp\/v2\/product_brand?post=286168"},{"taxonomy":"product_cat","embeddable":true,"href":"https:\/\/www.huntersfriend.eu\/sv\/wp-json\/wp\/v2\/product_cat?post=286168"},{"taxonomy":"product_tag","embeddable":true,"href":"https:\/\/www.huntersfriend.eu\/sv\/wp-json\/wp\/v2\/product_tag?post=286168"}],"curies":[{"name":"wp","href":"https:\/\/api.w.org\/{rel}","templated":true}]}}