{"id":286158,"date":"2024-08-02T00:24:10","date_gmt":"2024-08-01T22:24:10","guid":{"rendered":"https:\/\/www.huntersfriend.eu\/product\/huntworth-gadsden-1-4-zip\/"},"modified":"2025-08-26T11:27:06","modified_gmt":"2025-08-26T09:27:06","slug":"huntworth-gadsden-1-4-zip","status":"publish","type":"product","link":"https:\/\/www.huntersfriend.eu\/sv\/produkt\/huntworth-gadsden-1-4-zip\/","title":{"rendered":"Huntworth Gadsden 1\/4 zip"},"content":{"rendered":"<p>\u00d6verhetta aldrig i Gadsden l\u00e4ttvikts 1\/4 zip f\u00f6r m\u00e4n i Tarnen. Gadsden \u00e4r l\u00e4tt men slitstark, och hexagonstickningen i tyget ger \u00f6verl\u00e4gsen andningsf\u00f6rm\u00e5ga \u2013 vilket h\u00e5ller dig sval n\u00e4r du st\u00e5r stilla eller \u00e4r i r\u00f6relse. B\u00e4r den som den \u00e4r eller som ett lager f\u00f6r extra v\u00e4rme.  <\/p>\n<p><strong>Gadsden l\u00e4ttvikts jakt 1\/4 zip-pullover i Tarnen\u00ae<\/strong> \u00e4r ett viktigt jaktplagg. Tarnen\u00ae camo-pullovern \u00e4r tillverkad med ett hybridm\u00f6nster f\u00f6r att d\u00f6lja dig och \u00e4r konstruerad med ett ventilerande och fukttransporterande pik\u00e9stickat tyg. Den l\u00f6st stickade v\u00e4ven till\u00e5ter luftfl\u00f6de f\u00f6r att h\u00e5lla dig sval och drar bort fukt fr\u00e5n huden f\u00f6r att h\u00e5lla dig torr. En kemisk antimikrobiell behandling kontrollerar din doft och g\u00f6r att du f\u00f6rblir dold \u00e4ven i motvind.   <\/p>\n<p>Den l\u00e4tta och robusta 1\/4 zip-pullovern \u00e4r idealisk f\u00f6r en m\u00e4ngd olika jaktf\u00f6rh\u00e5llanden. Den h\u00e5ller dig sval under varmare dagar, skyddad mot sn\u00e5r och tagg, och varm som ett lager senare under s\u00e4songen. Den h\u00f6ga st\u00e5kragen skyddar dig fr\u00e5n solen eller vinden beroende p\u00e5 v\u00e4dret. Br\u00f6stfickan med dragkedja \u00e4r ett bra st\u00e4lle att f\u00f6rvara sm\u00e5saker.   <\/p>\n<p>Fantastiska jakter b\u00f6rjar med fantastisk utrustning \u2013 1\/4 zip med Tarnen\u00ae-m\u00f6nster kommer snabbt att bli ett basplagg som du tar med dig p\u00e5 m\u00e5nga jakter.<\/p>\n","protected":false},"excerpt":{"rendered":"<p>\u00d6verhetta aldrig i Gadsden l\u00e4ttvikts 1\/4 zip f\u00f6r m\u00e4n i Tarnen. Gadsden \u00e4r l\u00e4tt men slitstark, och hexagonstickningen i tyget ger \u00f6verl\u00e4gsen andningsf\u00f6rm\u00e5ga \u2013 vilket h\u00e5ller dig sval n\u00e4r du st\u00e5r stilla eller \u00e4r i r\u00f6relse. B\u00e4r den som den \u00e4r eller som ett lager f\u00f6r extra v\u00e4rme. Gadsden l\u00e4ttvikts jakt 1\/4 zip-pullover i Tarnen\u00ae [&#8230;]\n","protected":false},"featured_media":271508,"comment_status":"open","ping_status":"closed","template":"","meta":[],"product_brand":[],"product_cat":[2580,2813],"product_tag":[],"class_list":{"0":"post-286158","1":"product","2":"type-product","3":"status-publish","4":"has-post-thumbnail","6":"product_cat-lager-pa-lager","7":"product_cat-skjortor-hoodies","9":"first","10":"instock","11":"taxable","12":"shipping-taxable","13":"purchasable","14":"product-type-variable"},"composite_virtual":false,"composite_layout":"","composite_add_to_cart_form_location":"","composite_editable_in_cart":false,"composite_sold_individually_context":"","composite_shop_price_calc":"","composite_components":[],"composite_scenarios":[],"group_of_quantity":0,"min_quantity":0,"max_quantity":"","exclude_order_quantity_value_rules":"no","exclude_category_quantity_rules":"no","combine_variations":"no","exclude_global_add_ons":[],"addons":[],"_links":{"self":[{"href":"https:\/\/www.huntersfriend.eu\/sv\/wp-json\/wp\/v2\/product\/286158","targetHints":{"allow":["GET"]}}],"collection":[{"href":"https:\/\/www.huntersfriend.eu\/sv\/wp-json\/wp\/v2\/product"}],"about":[{"href":"https:\/\/www.huntersfriend.eu\/sv\/wp-json\/wp\/v2\/types\/product"}],"replies":[{"embeddable":true,"href":"https:\/\/www.huntersfriend.eu\/sv\/wp-json\/wp\/v2\/comments?post=286158"}],"wp:featuredmedia":[{"embeddable":true,"href":"https:\/\/www.huntersfriend.eu\/sv\/wp-json\/wp\/v2\/media\/271508"}],"wp:attachment":[{"href":"https:\/\/www.huntersfriend.eu\/sv\/wp-json\/wp\/v2\/media?parent=286158"}],"wp:term":[{"taxonomy":"product_brand","embeddable":true,"href":"https:\/\/www.huntersfriend.eu\/sv\/wp-json\/wp\/v2\/product_brand?post=286158"},{"taxonomy":"product_cat","embeddable":true,"href":"https:\/\/www.huntersfriend.eu\/sv\/wp-json\/wp\/v2\/product_cat?post=286158"},{"taxonomy":"product_tag","embeddable":true,"href":"https:\/\/www.huntersfriend.eu\/sv\/wp-json\/wp\/v2\/product_tag?post=286158"}],"curies":[{"name":"wp","href":"https:\/\/api.w.org\/{rel}","templated":true}]}}