{"id":286154,"date":"2024-08-03T00:04:14","date_gmt":"2024-08-02T22:04:14","guid":{"rendered":"https:\/\/www.huntersfriend.eu\/product\/huntworth-tricot-haklapp\/"},"modified":"2025-08-26T11:27:04","modified_gmt":"2025-08-26T09:27:04","slug":"huntworth-tricot-haklapp","status":"publish","type":"product","link":"https:\/\/www.huntersfriend.eu\/sv\/produkt\/huntworth-tricot-haklapp\/","title":{"rendered":"Huntworth tricot haklapp"},"content":{"rendered":"<p>Klara dig igenom v\u00e4tan med dessa robusta Tarnen\u00ae camo vattent\u00e4ta regnbyxor. Konstruerade med ett mjukt Tricot-skal med tejpade s\u00f6mmar och en vindt\u00e4t film f\u00f6r full vattent\u00e4thet och f\u00f6r att blockera kylan, dessa byxor har dig t\u00e4ckt i d\u00e5ligt v\u00e4der. Ett sl\u00e4tt polyesterfoder f\u00f6rst\u00e4rkt med polyesterfiberfyllningsisolering h\u00e5ller dig varm medan du sp\u00e5rar din bock. H\u00e4ngslen utan sp\u00e4nne ger en perfekt passform, och tv\u00e5 snedfickor och tv\u00e5 lastfickor ger gott om f\u00f6rvaring f\u00f6r din avst\u00e5ndsm\u00e4tare, telefon eller kniv. Du kommer att vara bekv\u00e4m n\u00e4r du g\u00e5r, sitter eller kn\u00e4b\u00f6jer med ledade kn\u00e4n, och tv\u00e5v\u00e4gs dragkedjor i sidan av benen \u00e4r bra f\u00f6r att enkelt ta av och p\u00e5 och ta p\u00e5 st\u00f6vlar, och en stormflik med tryckknappar ger extra skydd. Anv\u00e4nd dem n\u00e4r du \u00e5ker sl\u00e4de med barnen, p\u00e5 fotbollsmatchen och definitivt p\u00e5 r\u00e5djursjakts\u00e4songen. Dessa byxor h\u00e5ller v\u00e4dret i schack.      <\/p>\n<p>Stilnummer: 9362-TRN<\/p>\n<p>Camo: tarnen\u00ae<\/p>\n<p>Skalmaterial: Tricot med en vindt\u00e4t\/ventilerande filmmembran<\/p>\n<p>Vattent\u00e4t: Vattent\u00e4t med tejpade s\u00f6mmar<\/p>\n<p>Foder: 190T Polyesterfoder<\/p>\n<p>Isolering: Polyesterfiberfyllningsisolering<\/p>\n<p>Fickor: Tv\u00e5 snedfickor och tv\u00e5 lastfickor<\/p>\n<p>H\u00e4ngslen: Justerbara, elastiska h\u00e4ngslen utan sp\u00e4nne<\/p>\n<p>Dragkedja: Full dragkedja fram med stormflik<\/p>\n<p>Kn\u00e4n: Ledade kn\u00e4n<\/p>\n<p>Blixtl\u00e5s i benen: 2-v\u00e4gs \u00e5tkomst dragkedjor i sidan av benen med stormflik, cirka 15 \u00be tum<\/p>\n<p>F\u00f6reslaget temperaturintervall: -7 \u00b0C till 4 \u00b0C med lager efter behov<\/p>\n","protected":false},"excerpt":{"rendered":"<p>Klara dig igenom v\u00e4tan med dessa robusta Tarnen\u00ae camo vattent\u00e4ta regnbyxor. Konstruerade med ett mjukt Tricot-skal med tejpade s\u00f6mmar och en vindt\u00e4t film f\u00f6r full vattent\u00e4thet och f\u00f6r att blockera kylan, dessa byxor har dig t\u00e4ckt i d\u00e5ligt v\u00e4der. Ett sl\u00e4tt polyesterfoder f\u00f6rst\u00e4rkt med polyesterfiberfyllningsisolering h\u00e5ller dig varm medan du sp\u00e5rar din bock. H\u00e4ngslen utan [&#8230;]\n","protected":false},"featured_media":271798,"comment_status":"open","ping_status":"closed","template":"","meta":[],"product_brand":[],"product_cat":[2814],"product_tag":[],"class_list":{"0":"post-286154","1":"product","2":"type-product","3":"status-publish","4":"has-post-thumbnail","6":"product_cat-byxor-sv","8":"first","9":"instock","10":"taxable","11":"shipping-taxable","12":"purchasable","13":"product-type-variable"},"composite_virtual":false,"composite_layout":"","composite_add_to_cart_form_location":"","composite_editable_in_cart":false,"composite_sold_individually_context":"","composite_shop_price_calc":"","composite_components":[],"composite_scenarios":[],"group_of_quantity":0,"min_quantity":0,"max_quantity":"","exclude_order_quantity_value_rules":"no","exclude_category_quantity_rules":"no","combine_variations":"no","exclude_global_add_ons":[],"addons":[],"_links":{"self":[{"href":"https:\/\/www.huntersfriend.eu\/sv\/wp-json\/wp\/v2\/product\/286154","targetHints":{"allow":["GET"]}}],"collection":[{"href":"https:\/\/www.huntersfriend.eu\/sv\/wp-json\/wp\/v2\/product"}],"about":[{"href":"https:\/\/www.huntersfriend.eu\/sv\/wp-json\/wp\/v2\/types\/product"}],"replies":[{"embeddable":true,"href":"https:\/\/www.huntersfriend.eu\/sv\/wp-json\/wp\/v2\/comments?post=286154"}],"wp:featuredmedia":[{"embeddable":true,"href":"https:\/\/www.huntersfriend.eu\/sv\/wp-json\/wp\/v2\/media\/271798"}],"wp:attachment":[{"href":"https:\/\/www.huntersfriend.eu\/sv\/wp-json\/wp\/v2\/media?parent=286154"}],"wp:term":[{"taxonomy":"product_brand","embeddable":true,"href":"https:\/\/www.huntersfriend.eu\/sv\/wp-json\/wp\/v2\/product_brand?post=286154"},{"taxonomy":"product_cat","embeddable":true,"href":"https:\/\/www.huntersfriend.eu\/sv\/wp-json\/wp\/v2\/product_cat?post=286154"},{"taxonomy":"product_tag","embeddable":true,"href":"https:\/\/www.huntersfriend.eu\/sv\/wp-json\/wp\/v2\/product_tag?post=286154"}],"curies":[{"name":"wp","href":"https:\/\/api.w.org\/{rel}","templated":true}]}}