{"id":286148,"date":"2024-08-02T00:16:15","date_gmt":"2024-08-01T22:16:15","guid":{"rendered":"https:\/\/www.huntersfriend.eu\/product\/huntworth-fallon-kortarmad-skjorta\/"},"modified":"2025-08-26T11:27:01","modified_gmt":"2025-08-26T09:27:01","slug":"huntworth-fallon-kortarmad-skjorta","status":"publish","type":"product","link":"https:\/\/www.huntersfriend.eu\/sv\/produkt\/huntworth-fallon-kortarmad-skjorta\/","title":{"rendered":"Huntworth Fallon kort\u00e4rmad skjorta"},"content":{"rendered":"<p>Fallon l\u00e4ttvikts jakt-t-shirt f\u00f6r m\u00e4n i Tarnen \u00e4r gjord av ett fukttransporterande polyester\/spandex-material som behandlats f\u00f6r att kontrollera lukt. Detta kommer snart att bli ditt favoritplagg f\u00f6r varmt v\u00e4der. Eller anv\u00e4nd den som ett baslager under jakt i kallt v\u00e4der.  <\/p>\n<p><strong>Fallon l\u00e4ttvikts jakt-t-shirt i Tarnen\u00ae<\/strong> \u00e4r ett basplagg f\u00f6r jakt i varmt v\u00e4der. Denna Tarnen\u00ae camo-skjorta \u00e4r tillverkad med ett hybridm\u00f6nster och \u00e4r konstruerad av ett prestanda poly\/spandex-tyg. Skjortans svala k\u00e4nsla och svetttransporterande egenskaper s\u00e4kerst\u00e4ller att du h\u00e5ller dig torr och bekv\u00e4m.  <\/p>\n<p>Skjortan \u00e4r skuren f\u00f6r en avslappnad passform och full r\u00f6rlighet. En kemisk, antimikrobiell behandling kontrollerar din doft och g\u00f6r att du kan f\u00f6rbli dold, \u00e4ven i motvind. <\/p>\n<p>Ett m\u00e5ste i varmt v\u00e4der &#8211; Tarnen\u00ae-m\u00f6nstrad T-shirt h\u00e5ller dig sval och fokuserad p\u00e5 det som r\u00e4knas.<\/p>\n","protected":false},"excerpt":{"rendered":"<p>Fallon l\u00e4ttvikts jakt-t-shirt f\u00f6r m\u00e4n i Tarnen \u00e4r gjord av ett fukttransporterande polyester\/spandex-material som behandlats f\u00f6r att kontrollera lukt. Detta kommer snart att bli ditt favoritplagg f\u00f6r varmt v\u00e4der. Eller anv\u00e4nd den som ett baslager under jakt i kallt v\u00e4der. Fallon l\u00e4ttvikts jakt-t-shirt i Tarnen\u00ae \u00e4r ett basplagg f\u00f6r jakt i varmt v\u00e4der. Denna Tarnen\u00ae [&#8230;]\n","protected":false},"featured_media":271495,"comment_status":"open","ping_status":"closed","template":"","meta":[],"product_brand":[],"product_cat":[2813],"product_tag":[],"class_list":{"0":"post-286148","1":"product","2":"type-product","3":"status-publish","4":"has-post-thumbnail","6":"product_cat-skjortor-hoodies","8":"first","9":"instock","10":"taxable","11":"shipping-taxable","12":"purchasable","13":"product-type-variable"},"composite_virtual":false,"composite_layout":"","composite_add_to_cart_form_location":"","composite_editable_in_cart":false,"composite_sold_individually_context":"","composite_shop_price_calc":"","composite_components":[],"composite_scenarios":[],"group_of_quantity":0,"min_quantity":0,"max_quantity":"","exclude_order_quantity_value_rules":"no","exclude_category_quantity_rules":"no","combine_variations":"no","exclude_global_add_ons":[],"addons":[],"_links":{"self":[{"href":"https:\/\/www.huntersfriend.eu\/sv\/wp-json\/wp\/v2\/product\/286148","targetHints":{"allow":["GET"]}}],"collection":[{"href":"https:\/\/www.huntersfriend.eu\/sv\/wp-json\/wp\/v2\/product"}],"about":[{"href":"https:\/\/www.huntersfriend.eu\/sv\/wp-json\/wp\/v2\/types\/product"}],"replies":[{"embeddable":true,"href":"https:\/\/www.huntersfriend.eu\/sv\/wp-json\/wp\/v2\/comments?post=286148"}],"wp:featuredmedia":[{"embeddable":true,"href":"https:\/\/www.huntersfriend.eu\/sv\/wp-json\/wp\/v2\/media\/271495"}],"wp:attachment":[{"href":"https:\/\/www.huntersfriend.eu\/sv\/wp-json\/wp\/v2\/media?parent=286148"}],"wp:term":[{"taxonomy":"product_brand","embeddable":true,"href":"https:\/\/www.huntersfriend.eu\/sv\/wp-json\/wp\/v2\/product_brand?post=286148"},{"taxonomy":"product_cat","embeddable":true,"href":"https:\/\/www.huntersfriend.eu\/sv\/wp-json\/wp\/v2\/product_cat?post=286148"},{"taxonomy":"product_tag","embeddable":true,"href":"https:\/\/www.huntersfriend.eu\/sv\/wp-json\/wp\/v2\/product_tag?post=286148"}],"curies":[{"name":"wp","href":"https:\/\/api.w.org\/{rel}","templated":true}]}}