{"id":286144,"date":"2024-08-03T00:04:14","date_gmt":"2024-08-02T22:04:14","guid":{"rendered":"https:\/\/www.huntersfriend.eu\/product\/huntworth-harrison-hoodie-for-dam\/"},"modified":"2025-08-26T11:27:00","modified_gmt":"2025-08-26T09:27:00","slug":"huntworth-harrison-hoodie-for-dam","status":"publish","type":"product","link":"https:\/\/www.huntersfriend.eu\/sv\/produkt\/huntworth-harrison-hoodie-for-dam\/","title":{"rendered":"Huntworth Harrison hoodie f\u00f6r dam"},"content":{"rendered":"<p>Harrison jakt-hoodie f\u00f6r dam i mellanvikt i Tarnen \u00e4r tillverkad av en silkeslen, mjukt ruggad fleece f\u00f6r en mysig och varm k\u00e4nsla. Den kommer snabbt att bli en av dina favorithoodies f\u00f6r jakt, h\u00e4nga runt i l\u00e4gret eller g\u00e5 ut p\u00e5 stan. B\u00e4r den ensam eller som ett lager p\u00e5 pass.  <\/p>\n<p><b>Harrison jakt-hoodie f\u00f6r dam i mellanvikt i Tarnen\u00ae<\/b> \u00e4r ett basplagg i garderoben f\u00f6r alla j\u00e4gare. Tarnen\u00ae camo jakt-hoodie \u00e4r tillverkad med ett hybrid kamouflagem\u00f6nster och \u00e4r konstruerad med en tjock 2-v\u00e4gs stretch fleece. <\/p>\n<p>Den fr\u00e4mre k\u00e4ngurufickan ger gott om f\u00f6rvaringsutrymme. En praktisk armficka med dragkedja kan rymma sm\u00e5 f\u00f6rem\u00e5l. Den fodrade huvan ger extra v\u00e4rme n\u00e4r den b\u00e4rs upp \u00f6ver huvudet.  <\/p>\n<p>En klassisk bit som alla borde \u00e4ga &#8211; Tarnen\u00ae m\u00f6nsterhoodie kan b\u00e4ras ensam tidigt p\u00e5 s\u00e4songen eller som ett lager n\u00e4r temperaturen sjunker.<\/p>\n","protected":false},"excerpt":{"rendered":"<p>Harrison jakt-hoodie f\u00f6r dam i mellanvikt i Tarnen \u00e4r tillverkad av en silkeslen, mjukt ruggad fleece f\u00f6r en mysig och varm k\u00e4nsla. Den kommer snabbt att bli en av dina favorithoodies f\u00f6r jakt, h\u00e4nga runt i l\u00e4gret eller g\u00e5 ut p\u00e5 stan. B\u00e4r den ensam eller som ett lager p\u00e5 pass. Harrison jakt-hoodie f\u00f6r dam [&#8230;]\n","protected":false},"featured_media":271303,"comment_status":"open","ping_status":"closed","template":"","meta":[],"product_brand":[],"product_cat":[2813],"product_tag":[],"class_list":{"0":"post-286144","1":"product","2":"type-product","3":"status-publish","4":"has-post-thumbnail","6":"product_cat-skjortor-hoodies","8":"first","9":"instock","10":"taxable","11":"shipping-taxable","12":"purchasable","13":"product-type-variable"},"composite_virtual":false,"composite_layout":"","composite_add_to_cart_form_location":"","composite_editable_in_cart":false,"composite_sold_individually_context":"","composite_shop_price_calc":"","composite_components":[],"composite_scenarios":[],"group_of_quantity":0,"min_quantity":0,"max_quantity":"","exclude_order_quantity_value_rules":"no","exclude_category_quantity_rules":"no","combine_variations":"no","exclude_global_add_ons":[],"addons":[],"_links":{"self":[{"href":"https:\/\/www.huntersfriend.eu\/sv\/wp-json\/wp\/v2\/product\/286144","targetHints":{"allow":["GET"]}}],"collection":[{"href":"https:\/\/www.huntersfriend.eu\/sv\/wp-json\/wp\/v2\/product"}],"about":[{"href":"https:\/\/www.huntersfriend.eu\/sv\/wp-json\/wp\/v2\/types\/product"}],"replies":[{"embeddable":true,"href":"https:\/\/www.huntersfriend.eu\/sv\/wp-json\/wp\/v2\/comments?post=286144"}],"wp:featuredmedia":[{"embeddable":true,"href":"https:\/\/www.huntersfriend.eu\/sv\/wp-json\/wp\/v2\/media\/271303"}],"wp:attachment":[{"href":"https:\/\/www.huntersfriend.eu\/sv\/wp-json\/wp\/v2\/media?parent=286144"}],"wp:term":[{"taxonomy":"product_brand","embeddable":true,"href":"https:\/\/www.huntersfriend.eu\/sv\/wp-json\/wp\/v2\/product_brand?post=286144"},{"taxonomy":"product_cat","embeddable":true,"href":"https:\/\/www.huntersfriend.eu\/sv\/wp-json\/wp\/v2\/product_cat?post=286144"},{"taxonomy":"product_tag","embeddable":true,"href":"https:\/\/www.huntersfriend.eu\/sv\/wp-json\/wp\/v2\/product_tag?post=286144"}],"curies":[{"name":"wp","href":"https:\/\/api.w.org\/{rel}","templated":true}]}}