{"id":286139,"date":"2024-08-02T00:16:14","date_gmt":"2024-08-01T22:16:14","guid":{"rendered":"https:\/\/www.huntersfriend.eu\/product\/huntworth-bonded-softshell-jacka\/"},"modified":"2025-08-26T11:26:59","modified_gmt":"2025-08-26T09:26:59","slug":"huntworth-bonded-softshell-jacka","status":"publish","type":"product","link":"https:\/\/www.huntersfriend.eu\/sv\/produkt\/huntworth-bonded-softshell-jacka\/","title":{"rendered":"Huntworth bonded softshell-jacka"},"content":{"rendered":"<p style=\"margin: 0cm;\"><span lang=\"EN-US\" style=\"font-size: 10.0pt; font-family: 'Arial',sans-serif; color: black;\">V\u00e5r softshell-jaktjacka har v\u00e4rmen du beh\u00f6ver utan extra tyngd. Den vattenavvisande stretchexteri\u00f6ren i polyester \u00e4r sammanfogad med tjock, noppfri fleece, vilket ger en dubbellagersdesign som h\u00e5ller dig varm och skyddad under mellans\u00e4songens kyla. Den h\u00f6ga st\u00e5kragen och den inre stormsl\u00e5n blockerar bitande kalla vindar, medan DWR-finishen p\u00e5 det yttre tyget st\u00f6ter bort l\u00e4tt sn\u00f6 och regn. Tryckt i m\u00e5ngsidigt Tarnen\u00ae-kamouflage ger den h\u00e4r jackan den d\u00f6ljning du beh\u00f6ver f\u00f6r att f\u00e4lla din bock. F\u00f6rvara din telefon och andra viktiga saker n\u00e4ra till hands i fyra stora fickor \u2013 tv\u00e5 sidfickor med dragkedja och tv\u00e5 \u00f6ppna fickor inuti. Jackan \u00e4r mjuk och flexibel, med smygande tysta material s\u00e5 att du kan smyga dig p\u00e5 den d\u00e4r bocken. Oavsett vad, kommer du att vara redo n\u00e4r han dyker upp.      <\/span><\/p>\n<p style=\"margin: 0cm;\"><span lang=\"EN-US\" style=\"font-size: 10.0pt; font-family: 'Arial',sans-serif; color: black;\"> <\/span><\/p>\n<p style=\"margin: 0cm 0cm 0cm 18.0pt;\"><span lang=\"EN-US\" style=\"font-size: 10.0pt; font-family: 'Arial',sans-serif;\">Stilnummer: 9186-TRN<\/span><\/p>\n<p style=\"margin: 0cm 0cm 0cm 18.0pt;\"><span lang=\"EN-US\" style=\"font-size: 10.0pt; font-family: 'Arial',sans-serif;\">Camo: tarnen\u00ae<\/span><\/p>\n<p style=\"margin: 0cm 0cm 0cm 18.0pt;\"><span lang=\"EN-US\" style=\"font-size: 10.0pt; font-family: 'Arial',sans-serif; color: black;\">Yttertyg: Stretchpolyester sammanfogad med en tjock, noppfri fleece f\u00f6r en sammanlagd vikt p\u00e5 cirka 340 g. 100 % polyester. <\/span><\/p>\n<p style=\"margin: 0cm 0cm 0cm 18.0pt;\"><span lang=\"EN-US\" style=\"font-size: 10.0pt; font-family: 'Arial',sans-serif; color: black;\">Behandling: Slitstark vattenavvisande (DWR) finish st\u00f6ter bort fukt och l\u00e4tt sn\u00f6<\/span><\/p>\n<p style=\"margin: 0cm 0cm 0cm 18.0pt;\"><span lang=\"EN-US\" style=\"font-size: 10.0pt; font-family: 'Arial',sans-serif; color: black;\">Fickor: Tv\u00e5 stora handfickor med dragkedja och tv\u00e5 stora inv\u00e4ndiga snedfickor<\/span><\/p>\n<p style=\"margin: 0cm 0cm 0cm 18.0pt;\"><span lang=\"EN-US\" style=\"font-size: 10.0pt; font-family: 'Arial',sans-serif; color: black;\">Krage: H\u00f6g st\u00e5krage<\/span><\/p>\n<p style=\"margin: 0cm 0cm 0cm 18.0pt;\"><span lang=\"EN-US\" style=\"font-size: 10.0pt; font-family: 'Arial',sans-serif; color: black;\">Dragkedja: Full dragkedja med hakskydd<\/span><\/p>\n<p style=\"margin: 0cm; text-indent: 18.0pt;\"><span lang=\"EN-US\" style=\"font-size: 10.0pt; font-family: 'Arial',sans-serif;\">Rekommenderat temperaturomr\u00e5de: -1 \u00b0C till 10 \u00b0C med lager efter behov<\/span><\/p>\n","protected":false},"excerpt":{"rendered":"<p>V\u00e5r softshell-jaktjacka har v\u00e4rmen du beh\u00f6ver utan extra tyngd. Den vattenavvisande stretchexteri\u00f6ren i polyester \u00e4r sammanfogad med tjock, noppfri fleece, vilket ger en dubbellagersdesign som h\u00e5ller dig varm och skyddad under mellans\u00e4songens kyla. Den h\u00f6ga st\u00e5kragen och den inre stormsl\u00e5n blockerar bitande kalla vindar, medan DWR-finishen p\u00e5 det yttre tyget st\u00f6ter bort l\u00e4tt sn\u00f6 och [&#8230;]\n","protected":false},"featured_media":271836,"comment_status":"open","ping_status":"closed","template":"","meta":[],"product_brand":[],"product_cat":[2741],"product_tag":[],"class_list":{"0":"post-286139","1":"product","2":"type-product","3":"status-publish","4":"has-post-thumbnail","6":"product_cat-jackor","8":"first","9":"instock","10":"taxable","11":"shipping-taxable","12":"purchasable","13":"product-type-variable"},"composite_virtual":false,"composite_layout":"","composite_add_to_cart_form_location":"","composite_editable_in_cart":false,"composite_sold_individually_context":"","composite_shop_price_calc":"","composite_components":[],"composite_scenarios":[],"group_of_quantity":0,"min_quantity":0,"max_quantity":"","exclude_order_quantity_value_rules":"no","exclude_category_quantity_rules":"no","combine_variations":"no","exclude_global_add_ons":[],"addons":[],"_links":{"self":[{"href":"https:\/\/www.huntersfriend.eu\/sv\/wp-json\/wp\/v2\/product\/286139","targetHints":{"allow":["GET"]}}],"collection":[{"href":"https:\/\/www.huntersfriend.eu\/sv\/wp-json\/wp\/v2\/product"}],"about":[{"href":"https:\/\/www.huntersfriend.eu\/sv\/wp-json\/wp\/v2\/types\/product"}],"replies":[{"embeddable":true,"href":"https:\/\/www.huntersfriend.eu\/sv\/wp-json\/wp\/v2\/comments?post=286139"}],"wp:featuredmedia":[{"embeddable":true,"href":"https:\/\/www.huntersfriend.eu\/sv\/wp-json\/wp\/v2\/media\/271836"}],"wp:attachment":[{"href":"https:\/\/www.huntersfriend.eu\/sv\/wp-json\/wp\/v2\/media?parent=286139"}],"wp:term":[{"taxonomy":"product_brand","embeddable":true,"href":"https:\/\/www.huntersfriend.eu\/sv\/wp-json\/wp\/v2\/product_brand?post=286139"},{"taxonomy":"product_cat","embeddable":true,"href":"https:\/\/www.huntersfriend.eu\/sv\/wp-json\/wp\/v2\/product_cat?post=286139"},{"taxonomy":"product_tag","embeddable":true,"href":"https:\/\/www.huntersfriend.eu\/sv\/wp-json\/wp\/v2\/product_tag?post=286139"}],"curies":[{"name":"wp","href":"https:\/\/api.w.org\/{rel}","templated":true}]}}