{"id":286134,"date":"2024-08-03T00:04:13","date_gmt":"2024-08-02T22:04:13","guid":{"rendered":"https:\/\/www.huntersfriend.eu\/product\/huntworth-tricotjacka\/"},"modified":"2025-08-26T11:26:58","modified_gmt":"2025-08-26T09:26:58","slug":"huntworth-tricotjacka","status":"publish","type":"product","link":"https:\/\/www.huntersfriend.eu\/sv\/produkt\/huntworth-tricotjacka\/","title":{"rendered":"Huntworth tricotjacka"},"content":{"rendered":"<p>Klara dig igenom v\u00e4ta med denna robusta Tarnen\u00ae camo vattent\u00e4ta regnjacka. Konstruerad med ett mjukt Tricot-skal med tejpade s\u00f6mmar och en vindt\u00e4t film f\u00f6r full vattent\u00e4thet och f\u00f6r att blockera kylan, den h\u00e4r jackan skyddar dig i d\u00e5ligt v\u00e4der. Ett sl\u00e4tt polyesterfoder f\u00f6rst\u00e4rkt med polyesterfiberfyllningsisolering h\u00e5ller dig varm medan du sp\u00e5rar din bock. Tv\u00e5 sidfickor med dragkedja och en br\u00f6stficka med dragkedja h\u00e5ller din utrustning n\u00e4ra, och ett h\u00e5l f\u00f6r sele ger s\u00e4kerhet. En inre stormflik, en justerbar huva och en droppf\u00e5ll i nederkant samverkar f\u00f6r att h\u00e5lla dig torr och bekv\u00e4m s\u00e5 l\u00e4nge det tar.    <\/p>\n<p>Stilnummer: 9361-TRN<\/p>\n<p>Camo: tarnen\u00ae<\/p>\n<p>Skalmaterial: Tricot med ett vindt\u00e4tt\/ventilerande filmmembran<\/p>\n<p>Vattent\u00e4t: Vattent\u00e4t med tejpade s\u00f6mmar<\/p>\n<p>Foder: 190T Polyesterfoder<\/p>\n<p>Isolering: Polyesterfiberfyllningsisolering<\/p>\n<p>Fickor: Tv\u00e5 sidfickor med dragkedja och en br\u00f6stficka med dragkedja<\/p>\n<p>Huva: Justerbar huva med kardborreband mitt bak och dragsko<\/p>\n<p>Speciella funktioner: H\u00e5l f\u00f6r sele baktill<\/p>\n<p>Dragkedja: Full dragkedja fram med stormflik<\/p>\n<p>F\u00e5ll: Justerbar dragsko med sn\u00f6rl\u00e5s i f\u00e5llen<\/p>\n<p>Mudd: Elastisk handled med sn\u00e4ppst\u00e4ngning<\/p>\n<p>Droppf\u00e5ll i nederkant: L\u00e4ngre baktill f\u00f6r mer t\u00e4ckning och justerbar dragsko i nederkant med sn\u00f6rl\u00e5s.<\/p>\n<p>F\u00f6reslaget temperaturintervall: -7 \u00b0C till 4 \u00b0C med lager efter behov<\/p>\n","protected":false},"excerpt":{"rendered":"<p>Klara dig igenom v\u00e4ta med denna robusta Tarnen\u00ae camo vattent\u00e4ta regnjacka. Konstruerad med ett mjukt Tricot-skal med tejpade s\u00f6mmar och en vindt\u00e4t film f\u00f6r full vattent\u00e4thet och f\u00f6r att blockera kylan, den h\u00e4r jackan skyddar dig i d\u00e5ligt v\u00e4der. Ett sl\u00e4tt polyesterfoder f\u00f6rst\u00e4rkt med polyesterfiberfyllningsisolering h\u00e5ller dig varm medan du sp\u00e5rar din bock. Tv\u00e5 sidfickor [&#8230;]\n","protected":false},"featured_media":271789,"comment_status":"open","ping_status":"closed","template":"","meta":[],"product_brand":[],"product_cat":[2741],"product_tag":[],"class_list":{"0":"post-286134","1":"product","2":"type-product","3":"status-publish","4":"has-post-thumbnail","6":"product_cat-jackor","8":"first","9":"instock","10":"taxable","11":"shipping-taxable","12":"purchasable","13":"product-type-variable"},"composite_virtual":false,"composite_layout":"","composite_add_to_cart_form_location":"","composite_editable_in_cart":false,"composite_sold_individually_context":"","composite_shop_price_calc":"","composite_components":[],"composite_scenarios":[],"group_of_quantity":0,"min_quantity":0,"max_quantity":"","exclude_order_quantity_value_rules":"no","exclude_category_quantity_rules":"no","combine_variations":"no","exclude_global_add_ons":[],"addons":[],"_links":{"self":[{"href":"https:\/\/www.huntersfriend.eu\/sv\/wp-json\/wp\/v2\/product\/286134","targetHints":{"allow":["GET"]}}],"collection":[{"href":"https:\/\/www.huntersfriend.eu\/sv\/wp-json\/wp\/v2\/product"}],"about":[{"href":"https:\/\/www.huntersfriend.eu\/sv\/wp-json\/wp\/v2\/types\/product"}],"replies":[{"embeddable":true,"href":"https:\/\/www.huntersfriend.eu\/sv\/wp-json\/wp\/v2\/comments?post=286134"}],"wp:featuredmedia":[{"embeddable":true,"href":"https:\/\/www.huntersfriend.eu\/sv\/wp-json\/wp\/v2\/media\/271789"}],"wp:attachment":[{"href":"https:\/\/www.huntersfriend.eu\/sv\/wp-json\/wp\/v2\/media?parent=286134"}],"wp:term":[{"taxonomy":"product_brand","embeddable":true,"href":"https:\/\/www.huntersfriend.eu\/sv\/wp-json\/wp\/v2\/product_brand?post=286134"},{"taxonomy":"product_cat","embeddable":true,"href":"https:\/\/www.huntersfriend.eu\/sv\/wp-json\/wp\/v2\/product_cat?post=286134"},{"taxonomy":"product_tag","embeddable":true,"href":"https:\/\/www.huntersfriend.eu\/sv\/wp-json\/wp\/v2\/product_tag?post=286134"}],"curies":[{"name":"wp","href":"https:\/\/api.w.org\/{rel}","templated":true}]}}