{"id":286129,"date":"2024-08-02T00:16:14","date_gmt":"2024-08-01T22:16:14","guid":{"rendered":"https:\/\/www.huntersfriend.eu\/product\/huntworth-fallon-langarmad-skjorta\/"},"modified":"2025-08-26T11:26:56","modified_gmt":"2025-08-26T09:26:56","slug":"huntworth-fallon-langarmad-skjorta","status":"publish","type":"product","link":"https:\/\/www.huntersfriend.eu\/sv\/produkt\/huntworth-fallon-langarmad-skjorta\/","title":{"rendered":"Huntworth Fallon l\u00e5ng\u00e4rmad skjorta"},"content":{"rendered":"<p>Fallon, den l\u00e4tta l\u00e5ng\u00e4rmade jakttr\u00f6jan f\u00f6r m\u00e4n i Tarnen, fungerar som ett yttre lager under varmare v\u00e4der eller som ett lagerplagg under kallare dagar. Den \u00e4r fukttransporterande och snabbtorkande och h\u00e5ller dig sval, torr och bekv\u00e4m \u00e5ret runt. <\/p>\n<p><strong>Fallon, den l\u00e4tta l\u00e5ng\u00e4rmade jakttr\u00f6jan i Tarnen\u00ae \u00e4r ett m\u00e5ngsidigt plagg som fungerar under alla \u00e5rstider.<\/strong> Tarnen\u00ae-kamouflageskjortan \u00e4r tillverkad med ett hybridm\u00f6nster och \u00e4r konstruerad av ett poly\/spandex-tyg med h\u00f6g prestanda. Skjortans svala k\u00e4nsla och svetttransporterande egenskaper s\u00e4kerst\u00e4ller att du h\u00e5ller dig torr och bekv\u00e4m. <\/p>\n<p>Skjortan \u00e4r skuren f\u00f6r en avslappnad passform och full r\u00f6rlighet. En kemisk antimikrobiell behandling kontrollerar din doft och g\u00f6r att du kan f\u00f6rbli dold \u00e4ven i motvind. Inre tumremmar vid manschettens kant g\u00f6r det enkelt att tr\u00e4 armarna i ett annat mellanlager eller en jacka.  <\/p>\n<p>Bara att dra p\u00e5 den och k\u00f6ra \u2013 den l\u00e5ng\u00e4rmade skjortan med Tarnen\u00ae-m\u00f6nster h\u00e5ller dig kvar i spelet oavsett om du b\u00e4r den ensam eller som ett lagerplagg.<\/p>\n","protected":false},"excerpt":{"rendered":"<p>Fallon, den l\u00e4tta l\u00e5ng\u00e4rmade jakttr\u00f6jan f\u00f6r m\u00e4n i Tarnen, fungerar som ett yttre lager under varmare v\u00e4der eller som ett lagerplagg under kallare dagar. Den \u00e4r fukttransporterande och snabbtorkande och h\u00e5ller dig sval, torr och bekv\u00e4m \u00e5ret runt. Fallon, den l\u00e4tta l\u00e5ng\u00e4rmade jakttr\u00f6jan i Tarnen\u00ae \u00e4r ett m\u00e5ngsidigt plagg som fungerar under alla \u00e5rstider. Tarnen\u00ae-kamouflageskjortan [&#8230;]\n","protected":false},"featured_media":271476,"comment_status":"open","ping_status":"closed","template":"","meta":[],"product_brand":[],"product_cat":[2813],"product_tag":[],"class_list":{"0":"post-286129","1":"product","2":"type-product","3":"status-publish","4":"has-post-thumbnail","6":"product_cat-skjortor-hoodies","8":"first","9":"instock","10":"taxable","11":"shipping-taxable","12":"purchasable","13":"product-type-variable"},"composite_virtual":false,"composite_layout":"","composite_add_to_cart_form_location":"","composite_editable_in_cart":false,"composite_sold_individually_context":"","composite_shop_price_calc":"","composite_components":[],"composite_scenarios":[],"group_of_quantity":0,"min_quantity":0,"max_quantity":"","exclude_order_quantity_value_rules":"no","exclude_category_quantity_rules":"no","combine_variations":"no","exclude_global_add_ons":[],"addons":[],"_links":{"self":[{"href":"https:\/\/www.huntersfriend.eu\/sv\/wp-json\/wp\/v2\/product\/286129","targetHints":{"allow":["GET"]}}],"collection":[{"href":"https:\/\/www.huntersfriend.eu\/sv\/wp-json\/wp\/v2\/product"}],"about":[{"href":"https:\/\/www.huntersfriend.eu\/sv\/wp-json\/wp\/v2\/types\/product"}],"replies":[{"embeddable":true,"href":"https:\/\/www.huntersfriend.eu\/sv\/wp-json\/wp\/v2\/comments?post=286129"}],"wp:featuredmedia":[{"embeddable":true,"href":"https:\/\/www.huntersfriend.eu\/sv\/wp-json\/wp\/v2\/media\/271476"}],"wp:attachment":[{"href":"https:\/\/www.huntersfriend.eu\/sv\/wp-json\/wp\/v2\/media?parent=286129"}],"wp:term":[{"taxonomy":"product_brand","embeddable":true,"href":"https:\/\/www.huntersfriend.eu\/sv\/wp-json\/wp\/v2\/product_brand?post=286129"},{"taxonomy":"product_cat","embeddable":true,"href":"https:\/\/www.huntersfriend.eu\/sv\/wp-json\/wp\/v2\/product_cat?post=286129"},{"taxonomy":"product_tag","embeddable":true,"href":"https:\/\/www.huntersfriend.eu\/sv\/wp-json\/wp\/v2\/product_tag?post=286129"}],"curies":[{"name":"wp","href":"https:\/\/api.w.org\/{rel}","templated":true}]}}