{"id":286128,"date":"2024-08-02T00:24:11","date_gmt":"2024-08-01T22:24:11","guid":{"rendered":"https:\/\/www.huntersfriend.eu\/product\/huntworth-stealth-1-2-fingers-handske\/"},"modified":"2025-08-26T11:26:56","modified_gmt":"2025-08-26T09:26:56","slug":"huntworth-stealth-1-2-fingers-handske","status":"publish","type":"product","link":"https:\/\/www.huntersfriend.eu\/sv\/produkt\/huntworth-stealth-1-2-fingers-handske\/","title":{"rendered":"Huntworth stealth 1\/2 fingers handske"},"content":{"rendered":"<p>Du beh\u00f6ver inte klippa av fingrarna f\u00f6r att k\u00e4nna din pilb\u00e5ge eller avtryckare. Vi har gjort det \u00e5t dig med den h\u00e4r smart konstruerade handsken i 4-v\u00e4gs stretch Actistretch\u2122-stickad jersey. Den \u00e4r d\u00f6dligt tyst, ofodrad f\u00f6r att ge dig flexibilitet och total kontroll, och har en bedr\u00e4gligt mjuk fleeceinsida. Tarnen\u00ae-camouflagem\u00f6nstret fungerar med Microban\u00ae antimikrobiellt skydd f\u00f6r att h\u00e5lla dig dold, b\u00e5de visuellt och doftm\u00e4ssigt. En DWR-finish avvisar fukt och l\u00e4tt sn\u00f6 f\u00f6r att h\u00e5lla dig torr. Det finns ett topografiskt inspirerat silikontryck i handflatan f\u00f6r maximalt grepp om ditt vapen. Allt som allt \u00e4r det en bra passform. Dags att ta skottet.       <\/p>\n<p>Stilnummer: 1471-TRN<\/p>\n<p>Camo: tarnen\u00ae<\/p>\n<p>Yttermaterial: 4-v\u00e4gs stretch Actistretch\u2122-stickad jersey bunden till en mjuk fleeceinsida<\/p>\n<p>Foder: ofodrad<\/p>\n<p>Behandling: Slitstark vattenavvisande (DWR) finish p\u00e5 tygets yta som st\u00f6ter bort fukt och l\u00e4tt sn\u00f6<\/p>\n<p>Doftkontroll: Microban\u00ae antimikrobiellt produktskydd p\u00e5 bunden fleece f\u00f6r doftreducering<\/p>\n<p>Handflata: Silikontryck i handflatan f\u00f6r f\u00f6rb\u00e4ttrat grepp<\/p>\n","protected":false},"excerpt":{"rendered":"<p>Du beh\u00f6ver inte klippa av fingrarna f\u00f6r att k\u00e4nna din pilb\u00e5ge eller avtryckare. Vi har gjort det \u00e5t dig med den h\u00e4r smart konstruerade handsken i 4-v\u00e4gs stretch Actistretch\u2122-stickad jersey. Den \u00e4r d\u00f6dligt tyst, ofodrad f\u00f6r att ge dig flexibilitet och total kontroll, och har en bedr\u00e4gligt mjuk fleeceinsida. Tarnen\u00ae-camouflagem\u00f6nstret fungerar med Microban\u00ae antimikrobiellt skydd [&#8230;]\n","protected":false},"featured_media":271846,"comment_status":"open","ping_status":"closed","template":"","meta":[],"product_brand":[],"product_cat":[2809],"product_tag":[],"class_list":{"0":"post-286128","1":"product","2":"type-product","3":"status-publish","4":"has-post-thumbnail","6":"product_cat-handskar","8":"first","9":"instock","10":"taxable","11":"shipping-taxable","12":"purchasable","13":"product-type-variable"},"composite_virtual":false,"composite_layout":"","composite_add_to_cart_form_location":"","composite_editable_in_cart":false,"composite_sold_individually_context":"","composite_shop_price_calc":"","composite_components":[],"composite_scenarios":[],"group_of_quantity":0,"min_quantity":0,"max_quantity":"","exclude_order_quantity_value_rules":"no","exclude_category_quantity_rules":"no","combine_variations":"no","exclude_global_add_ons":[],"addons":[],"_links":{"self":[{"href":"https:\/\/www.huntersfriend.eu\/sv\/wp-json\/wp\/v2\/product\/286128","targetHints":{"allow":["GET"]}}],"collection":[{"href":"https:\/\/www.huntersfriend.eu\/sv\/wp-json\/wp\/v2\/product"}],"about":[{"href":"https:\/\/www.huntersfriend.eu\/sv\/wp-json\/wp\/v2\/types\/product"}],"replies":[{"embeddable":true,"href":"https:\/\/www.huntersfriend.eu\/sv\/wp-json\/wp\/v2\/comments?post=286128"}],"wp:featuredmedia":[{"embeddable":true,"href":"https:\/\/www.huntersfriend.eu\/sv\/wp-json\/wp\/v2\/media\/271846"}],"wp:attachment":[{"href":"https:\/\/www.huntersfriend.eu\/sv\/wp-json\/wp\/v2\/media?parent=286128"}],"wp:term":[{"taxonomy":"product_brand","embeddable":true,"href":"https:\/\/www.huntersfriend.eu\/sv\/wp-json\/wp\/v2\/product_brand?post=286128"},{"taxonomy":"product_cat","embeddable":true,"href":"https:\/\/www.huntersfriend.eu\/sv\/wp-json\/wp\/v2\/product_cat?post=286128"},{"taxonomy":"product_tag","embeddable":true,"href":"https:\/\/www.huntersfriend.eu\/sv\/wp-json\/wp\/v2\/product_tag?post=286128"}],"curies":[{"name":"wp","href":"https:\/\/api.w.org\/{rel}","templated":true}]}}