{"id":286110,"date":"2024-08-02T00:16:12","date_gmt":"2024-08-01T22:16:12","guid":{"rendered":"https:\/\/www.huntersfriend.eu\/product\/huntworth-klassiska-handskar\/"},"modified":"2025-08-26T11:26:49","modified_gmt":"2025-08-26T09:26:49","slug":"huntworth-klassiska-handskar","status":"publish","type":"product","link":"https:\/\/www.huntersfriend.eu\/sv\/produkt\/huntworth-klassiska-handskar\/","title":{"rendered":"Huntworth klassiska handskar"},"content":{"rendered":"<p>L\u00e5t de kalla jakterna b\u00f6rja. Den h\u00e4r flexibla, \u00e5tsittande Tarnen\u00ae-kamouflagehandsken \u00e4r gjord f\u00f6r jaktprestanda. Konstruerad med ett stickat softshell och fodrad med Heat Boost\u2122 grafenfleece, kommer du att stanna kvar i jakten l\u00e4ngre med mer v\u00e4rme och mindre bulk. Grafenen transporterar ocks\u00e5 naturligt bort fukt och bek\u00e4mpar lukt f\u00f6r att h\u00e5lla dig torr och bekv\u00e4m. En Hydrashield\u00ae vattent\u00e4tt andningsbart inl\u00e4gg plus DWR-finish ger ett sn\u00f6- och regnskydd, en bandad mudd st\u00e4nger ute kyla och en slitstark syntetisk l\u00e4derhandflata och formpassande pekfinger l\u00e5ter dig \u00e4ga ditt vapen s\u00e5 att du kan fokusera p\u00e5 att g\u00f6ra d\u00f6dandet.    <\/p>\n<p>Stilnummer: 1497-TRN<\/p>\n<p>Camo: tarnen\u00ae<\/p>\n<p>Yttermaterial: Stickat softshell<\/p>\n<p>Behandling: Slitstark vattenavvisande (DWR) finish p\u00e5 tygets yta avvisar fukt och l\u00e4tt sn\u00f6<\/p>\n<p>Foder: Heat Boost\u2122 grafenfleece<\/p>\n<p>Heat Boost\u2122: Grafengarn stickat in i fleecen ger v\u00e4rmeledningsf\u00f6rm\u00e5ga, fukttransport och antimikrobiella egenskaper. Grafenen utnyttjar din kropps energi, absorberar v\u00e4rmen och sl\u00e4pper tillbaka den och omger dig i str\u00e5lande v\u00e4rme. <\/p>\n<p>Vattent\u00e4t: Hydrashield\u00ae vattent\u00e4tt andningsbart inl\u00e4gg<\/p>\n<p>Handflatsgrepp: Slitstark syntetisk l\u00e4derhandflata<\/p>\n<p>Fingrar: Formpassande pekfinger<\/p>\n<p>Mudd: Bandad mudd<\/p>\n<p>Passform: Formpassande<\/p>\n","protected":false},"excerpt":{"rendered":"<p>L\u00e5t de kalla jakterna b\u00f6rja. Den h\u00e4r flexibla, \u00e5tsittande Tarnen\u00ae-kamouflagehandsken \u00e4r gjord f\u00f6r jaktprestanda. Konstruerad med ett stickat softshell och fodrad med Heat Boost\u2122 grafenfleece, kommer du att stanna kvar i jakten l\u00e4ngre med mer v\u00e4rme och mindre bulk. Grafenen transporterar ocks\u00e5 naturligt bort fukt och bek\u00e4mpar lukt f\u00f6r att h\u00e5lla dig torr och bekv\u00e4m. [&#8230;]\n","protected":false},"featured_media":271815,"comment_status":"open","ping_status":"closed","template":"","meta":[],"product_brand":[],"product_cat":[2809],"product_tag":[],"class_list":{"0":"post-286110","1":"product","2":"type-product","3":"status-publish","4":"has-post-thumbnail","6":"product_cat-handskar","8":"first","9":"instock","10":"taxable","11":"shipping-taxable","12":"purchasable","13":"product-type-variable"},"composite_virtual":false,"composite_layout":"","composite_add_to_cart_form_location":"","composite_editable_in_cart":false,"composite_sold_individually_context":"","composite_shop_price_calc":"","composite_components":[],"composite_scenarios":[],"group_of_quantity":0,"min_quantity":0,"max_quantity":"","exclude_order_quantity_value_rules":"no","exclude_category_quantity_rules":"no","combine_variations":"no","exclude_global_add_ons":[],"addons":[],"_links":{"self":[{"href":"https:\/\/www.huntersfriend.eu\/sv\/wp-json\/wp\/v2\/product\/286110","targetHints":{"allow":["GET"]}}],"collection":[{"href":"https:\/\/www.huntersfriend.eu\/sv\/wp-json\/wp\/v2\/product"}],"about":[{"href":"https:\/\/www.huntersfriend.eu\/sv\/wp-json\/wp\/v2\/types\/product"}],"replies":[{"embeddable":true,"href":"https:\/\/www.huntersfriend.eu\/sv\/wp-json\/wp\/v2\/comments?post=286110"}],"wp:featuredmedia":[{"embeddable":true,"href":"https:\/\/www.huntersfriend.eu\/sv\/wp-json\/wp\/v2\/media\/271815"}],"wp:attachment":[{"href":"https:\/\/www.huntersfriend.eu\/sv\/wp-json\/wp\/v2\/media?parent=286110"}],"wp:term":[{"taxonomy":"product_brand","embeddable":true,"href":"https:\/\/www.huntersfriend.eu\/sv\/wp-json\/wp\/v2\/product_brand?post=286110"},{"taxonomy":"product_cat","embeddable":true,"href":"https:\/\/www.huntersfriend.eu\/sv\/wp-json\/wp\/v2\/product_cat?post=286110"},{"taxonomy":"product_tag","embeddable":true,"href":"https:\/\/www.huntersfriend.eu\/sv\/wp-json\/wp\/v2\/product_tag?post=286110"}],"curies":[{"name":"wp","href":"https:\/\/api.w.org\/{rel}","templated":true}]}}