{"id":286106,"date":"2024-07-29T10:48:44","date_gmt":"2024-07-29T08:48:44","guid":{"rendered":"https:\/\/www.huntersfriend.eu\/product\/darton-consequence-2-i-lager\/"},"modified":"2026-03-18T22:00:53","modified_gmt":"2026-03-18T20:00:53","slug":"darton-consequence-2-i-lager","status":"publish","type":"product","link":"https:\/\/www.huntersfriend.eu\/sv\/produkt\/darton-consequence-2-i-lager\/","title":{"rendered":"Darton consequence 2 \u2013 i lager"},"content":{"rendered":"<p><span data-fontfamily=\"Oswald\">Upplev evolutionen inom b\u00e5gskytte med Darton Archerys senaste erbjudande \u2013 Consequence 2. Den h\u00e4r nya compoundb\u00e5gen bygger vidare p\u00e5 f\u00f6reg\u00e5ngarens framg\u00e5ngar och erbjuder avancerade funktioner f\u00f6r \u00e4nnu b\u00e4ttre prestanda. <\/span><\/p>\n<p><span data-fontfamily=\"Oswald\">Consequence 2 \u00e4r konstruerad med en helt ny design p\u00e5 upph\u00f6jningen och tillverkad av smidd aluminium, vilket g\u00f6r den inte bara robust utan ocks\u00e5 l\u00e4tt. Den har BBS Dual Sync Cams, 1\/4&#8243; Axles och .870 Limbs and Limb Pockets f\u00f6r \u00f6kad stabilitet. Darton Grip s\u00e4kerst\u00e4ller ett bekv\u00e4mt och fast grepp medan Hamskea C.O.R Mount och Roller Guard bidrar till dess \u00f6verl\u00e4gsna design.  <\/span><\/p>\n<p><span data-fontfamily=\"Oswald\">Men det \u00e4r inte allt. Consequence 2 levereras med 2 upps\u00e4ttningar roterande MOD:ar \u2013 en standardupps\u00e4ttning och en prestandaupps\u00e4ttning, vilket g\u00f6r att du kan anpassa din b\u00e5ge efter dina behov. Den \u00e4r designad med exakta specifikationer, vilket s\u00e4kerst\u00e4ller precision i varje skott. Med en hastighet p\u00e5 325 FPS med standard-Mod och 331 FPS med prestanda-Mod, s\u00e4kerst\u00e4ller den h\u00e4r b\u00e5gen att dina pilar tr\u00e4ffar sitt m\u00e5l snabbt.   <\/span><\/p>\n<p><span data-fontfamily=\"Oswald\">Consequence 2 \u00e4r verkligen en game-changer i b\u00e5gskyttets v\u00e4rld. Oavsett om du \u00e4r en erfaren b\u00e5gskytt eller nyb\u00f6rjare \u00e4r den h\u00e4r b\u00e5gen designad f\u00f6r att f\u00f6rb\u00e4ttra din b\u00e5gskytteupplevelse. <\/span><\/p>\n<div id=\"s-af8de722-f346-48b5-aa00-6b93820e1e65\" class=\"shg-c \">\n<div class=\"shg-rich-text shg-theme-text-content\">\n<p>HELT NY UPP\u00d6JD DESIGN<\/p>\n<p>7075 T6 aluminium BBS dual sync cams<\/p>\n<p>1\/4&#8243; axlar<\/p>\n<p>5\/8&#8243; lager<\/p>\n<p>.870 Limbs and Limb Pockets (\u00d6kar stabiliteten)<\/p>\n<p>Darton-greppet<\/p>\n<p>Rullskydd<\/p>\n<p>Hamskea C.O.R Mount (inkluderar inte resten)<\/p>\n<p>2 upps\u00e4ttningar roterande MOD:ar<\/p>\n<p>1 standardupps\u00e4ttning och 1 prestandaupps\u00e4ttning<\/p>\n<\/div>\n<\/div>\n<div id=\"s-e726ad1c-9aff-460d-9420-854302020b8a\" class=\"shg-c \">\n<div class=\"shg-rich-text shg-theme-text-content\">\n<p>&nbsp;<\/p>\n<p><span data-fontweight=\"300\">PRECISIONSPECIFIKATIONER<\/span><\/p>\n<p>HASTIGHET: 325 FPS Standard Mod | 331 FPS Performance Mod<\/p>\n<p>AXEL-TILL-AXEL: 29,5 \u201c<\/p>\n<p>BRACE HEIGHT: 7,5\u201d<\/p>\n<p>MASSAVIKT: 4,3 LBS.<\/p>\n<p>DRAGL\u00c4NGDER: 26 \u201c-31,5\u201d<\/p>\n<p>DRAGVIKTER: 50, 60, 70<\/p>\n<p>LET-OFF: 84\u201378 % (justerbar med Draw Stop-stolpar)<\/p>\n<\/div>\n<\/div>\n","protected":false},"excerpt":{"rendered":"<p>Upplev evolutionen inom b\u00e5gskytte med Darton Archerys senaste erbjudande \u2013 Consequence 2. Den h\u00e4r nya compoundb\u00e5gen bygger vidare p\u00e5 f\u00f6reg\u00e5ngarens framg\u00e5ngar och erbjuder avancerade funktioner f\u00f6r \u00e4nnu b\u00e4ttre prestanda. Consequence 2 \u00e4r konstruerad med en helt ny design p\u00e5 upph\u00f6jningen och tillverkad av smidd aluminium, vilket g\u00f6r den inte bara robust utan ocks\u00e5 l\u00e4tt. Den [&#8230;]\n","protected":false},"featured_media":271109,"comment_status":"open","ping_status":"closed","template":"","meta":[],"product_brand":[],"product_cat":[2652],"product_tag":[],"class_list":{"0":"post-286106","1":"product","2":"type-product","3":"status-publish","4":"has-post-thumbnail","6":"product_cat-compound-bagar","7":"product_shipping_class-big-sv","9":"first","10":"instock","11":"sale","12":"taxable","13":"shipping-taxable","14":"purchasable","15":"product-type-variable"},"composite_virtual":false,"composite_layout":"","composite_add_to_cart_form_location":"","composite_editable_in_cart":false,"composite_sold_individually_context":"","composite_shop_price_calc":"","composite_components":[],"composite_scenarios":[],"group_of_quantity":0,"min_quantity":0,"max_quantity":"","exclude_order_quantity_value_rules":"no","exclude_category_quantity_rules":"no","combine_variations":"no","exclude_global_add_ons":[],"addons":[],"_links":{"self":[{"href":"https:\/\/www.huntersfriend.eu\/sv\/wp-json\/wp\/v2\/product\/286106","targetHints":{"allow":["GET"]}}],"collection":[{"href":"https:\/\/www.huntersfriend.eu\/sv\/wp-json\/wp\/v2\/product"}],"about":[{"href":"https:\/\/www.huntersfriend.eu\/sv\/wp-json\/wp\/v2\/types\/product"}],"replies":[{"embeddable":true,"href":"https:\/\/www.huntersfriend.eu\/sv\/wp-json\/wp\/v2\/comments?post=286106"}],"wp:featuredmedia":[{"embeddable":true,"href":"https:\/\/www.huntersfriend.eu\/sv\/wp-json\/wp\/v2\/media\/271109"}],"wp:attachment":[{"href":"https:\/\/www.huntersfriend.eu\/sv\/wp-json\/wp\/v2\/media?parent=286106"}],"wp:term":[{"taxonomy":"product_brand","embeddable":true,"href":"https:\/\/www.huntersfriend.eu\/sv\/wp-json\/wp\/v2\/product_brand?post=286106"},{"taxonomy":"product_cat","embeddable":true,"href":"https:\/\/www.huntersfriend.eu\/sv\/wp-json\/wp\/v2\/product_cat?post=286106"},{"taxonomy":"product_tag","embeddable":true,"href":"https:\/\/www.huntersfriend.eu\/sv\/wp-json\/wp\/v2\/product_tag?post=286106"}],"curies":[{"name":"wp","href":"https:\/\/api.w.org\/{rel}","templated":true}]}}