{"id":286105,"date":"2024-08-02T00:16:12","date_gmt":"2024-08-01T22:16:12","guid":{"rendered":"https:\/\/www.huntersfriend.eu\/product\/huntworth-trapper-mossa\/"},"modified":"2025-08-26T11:26:48","modified_gmt":"2025-08-26T09:26:48","slug":"huntworth-trapper-mossa","status":"publish","type":"product","link":"https:\/\/www.huntersfriend.eu\/sv\/produkt\/huntworth-trapper-mossa\/","title":{"rendered":"Huntworth Trapper-m\u00f6ssa"},"content":{"rendered":"<p>Vostok Heat Boost trapper-m\u00f6ssan f\u00f6r m\u00e4n i Tarnen \u00e4r den ultimata m\u00f6ssan f\u00f6r kallt v\u00e4der. En vattent\u00e4t konstruktion blockerar regn, sn\u00f6 och vind f\u00f6r att h\u00e5lla huvudet och \u00f6ronen varma under de kallaste jakterna. Tillsammans med ett fuskp\u00e4lsfoder och grafeninfuserat garn kan detta vara den varmaste m\u00f6ssan du n\u00e5gonsin kommer att \u00e4ga.  <\/p>\n<p><strong>Vostok Heat Boost trapper-m\u00f6ssan f\u00f6r m\u00e4n i Tarnen anv\u00e4nder Heast Boost grafenteknik och en vindt\u00e4t\/vattent\u00e4t film f\u00f6r att h\u00e5lla den kalla luften ute och den varma luften inne.<\/strong> Grafeninfuserat garn f\u00e5ngar kroppsv\u00e4rme och str\u00e5lar tillbaka den p\u00e5 din kropp, vilket effektivt g\u00f6r dig varmare med mindre bulk.<\/p>\n<p>Ett tjockt fuskp\u00e4lsfoder omsluter sidorna av ditt huvud och str\u00e4cker sig genom \u00f6ronlapparna f\u00f6r extra v\u00e4rme. \u00d6ronlapparna kan kn\u00e4ppas ner f\u00f6r mer isolerande t\u00e4ckning eller f\u00e4llas upp f\u00f6r b\u00e4ttre h\u00f6rsel. Vi har ocks\u00e5 placerat ett \u00f6ljetth\u00e5l \u00f6ver \u00f6ronen f\u00f6r att underl\u00e4tta ljudh\u00f6rbarheten. En justerbar rem har ett snabbsp\u00e4nne f\u00f6r enkel p\u00e5- och avtagning &#8211; f\u00e4st dem st\u00e4ngda under hakan eller upp \u00f6ver huvudet.   <\/p>\n<p>En klassisk jaktm\u00f6ssa gjord f\u00f6r det v\u00e4rsta v\u00e4dret, lita p\u00e5 Vostok trapper-m\u00f6ssan i Tarnen f\u00f6r alla dina sena jakter.<\/p>\n","protected":false},"excerpt":{"rendered":"<p>Vostok Heat Boost trapper-m\u00f6ssan f\u00f6r m\u00e4n i Tarnen \u00e4r den ultimata m\u00f6ssan f\u00f6r kallt v\u00e4der. En vattent\u00e4t konstruktion blockerar regn, sn\u00f6 och vind f\u00f6r att h\u00e5lla huvudet och \u00f6ronen varma under de kallaste jakterna. Tillsammans med ett fuskp\u00e4lsfoder och grafeninfuserat garn kan detta vara den varmaste m\u00f6ssan du n\u00e5gonsin kommer att \u00e4ga. Vostok Heat Boost [&#8230;]\n","protected":false},"featured_media":271316,"comment_status":"open","ping_status":"closed","template":"","meta":[],"product_brand":[],"product_cat":[2716],"product_tag":[],"class_list":{"0":"post-286105","1":"product","2":"type-product","3":"status-publish","4":"has-post-thumbnail","6":"product_cat-hattar-och-huvudbonader","8":"first","9":"instock","10":"taxable","11":"shipping-taxable","12":"purchasable","13":"product-type-variable"},"composite_virtual":false,"composite_layout":"","composite_add_to_cart_form_location":"","composite_editable_in_cart":false,"composite_sold_individually_context":"","composite_shop_price_calc":"","composite_components":[],"composite_scenarios":[],"group_of_quantity":0,"min_quantity":0,"max_quantity":"","exclude_order_quantity_value_rules":"no","exclude_category_quantity_rules":"no","combine_variations":"no","exclude_global_add_ons":[],"addons":[],"_links":{"self":[{"href":"https:\/\/www.huntersfriend.eu\/sv\/wp-json\/wp\/v2\/product\/286105","targetHints":{"allow":["GET"]}}],"collection":[{"href":"https:\/\/www.huntersfriend.eu\/sv\/wp-json\/wp\/v2\/product"}],"about":[{"href":"https:\/\/www.huntersfriend.eu\/sv\/wp-json\/wp\/v2\/types\/product"}],"replies":[{"embeddable":true,"href":"https:\/\/www.huntersfriend.eu\/sv\/wp-json\/wp\/v2\/comments?post=286105"}],"wp:featuredmedia":[{"embeddable":true,"href":"https:\/\/www.huntersfriend.eu\/sv\/wp-json\/wp\/v2\/media\/271316"}],"wp:attachment":[{"href":"https:\/\/www.huntersfriend.eu\/sv\/wp-json\/wp\/v2\/media?parent=286105"}],"wp:term":[{"taxonomy":"product_brand","embeddable":true,"href":"https:\/\/www.huntersfriend.eu\/sv\/wp-json\/wp\/v2\/product_brand?post=286105"},{"taxonomy":"product_cat","embeddable":true,"href":"https:\/\/www.huntersfriend.eu\/sv\/wp-json\/wp\/v2\/product_cat?post=286105"},{"taxonomy":"product_tag","embeddable":true,"href":"https:\/\/www.huntersfriend.eu\/sv\/wp-json\/wp\/v2\/product_tag?post=286105"}],"curies":[{"name":"wp","href":"https:\/\/api.w.org\/{rel}","templated":true}]}}