{"id":286104,"date":"2024-07-23T00:04:09","date_gmt":"2024-07-22T22:04:09","guid":{"rendered":"https:\/\/www.huntersfriend.eu\/product\/darton-consequence-2-anpassad-pilbage\/"},"modified":"2025-08-26T11:26:46","modified_gmt":"2025-08-26T09:26:46","slug":"darton-consequence-2-anpassad-pilbage","status":"publish","type":"product","link":"https:\/\/www.huntersfriend.eu\/sv\/produkt\/darton-consequence-2-anpassad-pilbage\/","title":{"rendered":"Darton consequence 2 anpassad pilb\u00e5ge"},"content":{"rendered":"<p><span data-text-color=\"alert\"><strong>Kontrollera v\u00e5r Darton Consequence 2 I lager-sida f\u00f6r att se om vi har pilb\u00e5gen innan du best\u00e4ller h\u00e4rifr\u00e5n. Du kan ocks\u00e5 kontakta oss direkt f\u00f6r mer information om tillg\u00e4nglighet och leveranstider. <\/strong><\/span><\/p>\n<p><span data-fontfamily=\"Oswald\">Upplev utvecklingen inom b\u00e5gskytte med Darton Archerys senaste erbjudande &#8211; Consequence 2. Denna nya compoundb\u00e5ge bygger vidare p\u00e5 framg\u00e5ngen fr\u00e5n sin f\u00f6reg\u00e5ngare och erbjuder avancerade funktioner f\u00f6r \u00e4nnu b\u00e4ttre prestanda. <\/span><\/p>\n<p><span data-fontfamily=\"Oswald\">Consequence 2 \u00e4r konstruerad med en helt ny design p\u00e5 upph\u00f6jningen och tillverkad av smidd aluminium, vilket g\u00f6r den inte bara robust utan ocks\u00e5 l\u00e4tt. Den har BBS Dual Sync Cams, 1\/4&#8243; Axles och .870 Limbs and Limb Pockets f\u00f6r \u00f6kad stabilitet. Darton Grip s\u00e4kerst\u00e4ller ett bekv\u00e4mt och fast grepp medan Hamskea C.O.R Mount och Roller Guard bidrar till dess \u00f6verl\u00e4gsna design.  <\/span><\/p>\n<p><span data-fontfamily=\"Oswald\">Men det \u00e4r inte allt. Consequence 2 levereras med 2 upps\u00e4ttningar roterande MOD:ar &#8211; en standardupps\u00e4ttning och en prestandaupps\u00e4ttning, vilket g\u00f6r att du kan anpassa din pilb\u00e5ge efter dina behov. Den \u00e4r designad med exakta specifikationer, vilket s\u00e4kerst\u00e4ller noggrannhet i varje skott. Med en hastighet p\u00e5 325 FPS med standardmodden och 331 FPS med prestandamodden s\u00e4kerst\u00e4ller denna pilb\u00e5ge att dina pilar tr\u00e4ffar sitt m\u00e5l snabbt.   <\/span><\/p>\n<p><span data-fontfamily=\"Oswald\">Consequence 2 \u00e4r verkligen en spelv\u00e4xlare i b\u00e5gskyttets v\u00e4rld. Oavsett om du \u00e4r en erfaren b\u00e5gskytt eller nyb\u00f6rjare \u00e4r denna pilb\u00e5ge designad f\u00f6r att f\u00f6rb\u00e4ttra din b\u00e5gskytteupplevelse. <\/span><\/p>\n<p>Nytt &#8211; Mossy Oak Bottomland Camo finns nu tillg\u00e4ngligt mot en liten extra kostnad.<\/p>\n<div id=\"s-af8de722-f346-48b5-aa00-6b93820e1e65\" class=\"shg-c \">\n<div class=\"shg-rich-text shg-theme-text-content\">\n<p>HELT NY UPP\u00d6JNINGSDESIGN<\/p>\n<p>7075 T6 aluminium BBS dual sync cams<\/p>\n<p>1\/4&#8243; axlar<\/p>\n<p>5\/8&#8243; lager<\/p>\n<p>.870 Lemmar och lemmfickor (\u00f6kar stabiliteten)<\/p>\n<p>Darton-greppet<\/p>\n<p>Rullskydd<\/p>\n<p>Hamskea C.O.R Mount (st\u00f6d ing\u00e5r ej)<\/p>\n<p>2 upps\u00e4ttningar roterande MOD:ar<\/p>\n<p>1 standardupps\u00e4ttning och 1 prestandaupps\u00e4ttning<\/p>\n<\/div>\n<\/div>\n<div id=\"s-e726ad1c-9aff-460d-9420-854302020b8a\" class=\"shg-c \">\n<div class=\"shg-rich-text shg-theme-text-content\">\n<p>&nbsp;<\/p>\n<p><span data-fontweight=\"300\">PRECISIONS SPECIFIKATIONER<\/span><\/p>\n<p>HASTIGHET: 325 FPS Standard Mod | 331 FPS Performance Mod<\/p>\n<p>AXEL-TILL-AXEL: 29.5 \u201c<\/p>\n<p>BRACE HEIGHT: 7.5\u201d<\/p>\n<p>MASSAVIKT: 4.3 LBS.<\/p>\n<p>DRAGL\u00c4NGDER: 26 \u201c-31.5\u201d<\/p>\n<p>DRAGVIKTER: 50, 60, 70<\/p>\n<p>LET-OFF: 84-78% (Justerbar med Draw Stop-stolpar)<\/p>\n<\/div>\n<\/div>\n","protected":false},"excerpt":{"rendered":"<p>Kontrollera v\u00e5r Darton Consequence 2 I lager-sida f\u00f6r att se om vi har pilb\u00e5gen innan du best\u00e4ller h\u00e4rifr\u00e5n. Du kan ocks\u00e5 kontakta oss direkt f\u00f6r mer information om tillg\u00e4nglighet och leveranstider. Upplev utvecklingen inom b\u00e5gskytte med Darton Archerys senaste erbjudande &#8211; Consequence 2. Denna nya compoundb\u00e5ge bygger vidare p\u00e5 framg\u00e5ngen fr\u00e5n sin f\u00f6reg\u00e5ngare och erbjuder [&#8230;]\n","protected":false},"featured_media":271100,"comment_status":"open","ping_status":"closed","template":"","meta":[],"product_brand":[],"product_cat":[2652],"product_tag":[],"class_list":{"0":"post-286104","1":"product","2":"type-product","3":"status-publish","4":"has-post-thumbnail","6":"product_cat-compound-bagar","7":"product_shipping_class-big-sv","9":"first","10":"onbackorder","11":"taxable","12":"shipping-taxable","13":"purchasable","14":"product-type-simple"},"composite_virtual":false,"composite_layout":"","composite_add_to_cart_form_location":"","composite_editable_in_cart":false,"composite_sold_individually_context":"","composite_shop_price_calc":"","composite_components":[],"composite_scenarios":[],"group_of_quantity":0,"min_quantity":0,"max_quantity":"","exclude_order_quantity_value_rules":"no","exclude_category_quantity_rules":"no","combine_variations":"no","exclude_global_add_ons":false,"addons":[{"name":"B\u00e5ghand","type":"multiple_choice","position":0,"required":true,"title_format":"label","default":"","description_enable":false,"description":null,"placeholder_enable":false,"placeholder":null,"display":"select","restrictions_type":"any_text","adjust_price":false,"price":"","price_type":"flat_fee","restrictions":false,"min":"0","max":"0","options":[{"label":"H\u00f6ger hand","price":"","price_type":"flat_fee","image":0,"visibility":true},{"label":"V\u00e4nster hand","price":"","price_type":"flat_fee","image":0,"visibility":true}],"id":1722250194},{"name":"F\u00e4rg","type":"multiple_choice","position":1,"required":true,"title_format":"label","default":"","description_enable":false,"description":null,"placeholder_enable":false,"placeholder":null,"display":"select","restrictions_type":"any_text","adjust_price":false,"price":"","price_type":"flat_fee","restrictions":false,"min":"0","max":"0","options":[{"label":"Svart med svarta lemmar","price":"","price_type":"flat_fee","image":0,"visibility":true},{"label":"Matt m\u00f6rk jord med svarta lemmar","price":"","price_type":"flat_fee","image":0,"visibility":true},{"label":"OD Green med svarta lemmar","price":"","price_type":"flat_fee","image":0,"visibility":true},{"label":"Stengr\u00e5 med svarta lemmar","price":"","price_type":"flat_fee","image":0,"visibility":true},{"label":"Mossy Oak Bottom land","price":"0","price_type":"flat_fee","image":0,"visibility":true}],"id":1722250195},{"name":"Dragvikt","type":"multiple_choice","position":2,"required":true,"title_format":"label","default":"","description_enable":false,"description":null,"placeholder_enable":false,"placeholder":null,"display":"select","restrictions_type":"any_text","adjust_price":false,"price":"","price_type":"flat_fee","restrictions":false,"min":"0","max":"0","options":[{"label":"40-50#","price":"","price_type":"flat_fee","image":0,"visibility":true},{"label":"50-60#","price":"","price_type":"flat_fee","image":0,"visibility":true},{"label":"60-70#","price":"","price_type":"flat_fee","image":0,"visibility":true}],"id":1722250196}],"_links":{"self":[{"href":"https:\/\/www.huntersfriend.eu\/sv\/wp-json\/wp\/v2\/product\/286104","targetHints":{"allow":["GET"]}}],"collection":[{"href":"https:\/\/www.huntersfriend.eu\/sv\/wp-json\/wp\/v2\/product"}],"about":[{"href":"https:\/\/www.huntersfriend.eu\/sv\/wp-json\/wp\/v2\/types\/product"}],"replies":[{"embeddable":true,"href":"https:\/\/www.huntersfriend.eu\/sv\/wp-json\/wp\/v2\/comments?post=286104"}],"wp:featuredmedia":[{"embeddable":true,"href":"https:\/\/www.huntersfriend.eu\/sv\/wp-json\/wp\/v2\/media\/271100"}],"wp:attachment":[{"href":"https:\/\/www.huntersfriend.eu\/sv\/wp-json\/wp\/v2\/media?parent=286104"}],"wp:term":[{"taxonomy":"product_brand","embeddable":true,"href":"https:\/\/www.huntersfriend.eu\/sv\/wp-json\/wp\/v2\/product_brand?post=286104"},{"taxonomy":"product_cat","embeddable":true,"href":"https:\/\/www.huntersfriend.eu\/sv\/wp-json\/wp\/v2\/product_cat?post=286104"},{"taxonomy":"product_tag","embeddable":true,"href":"https:\/\/www.huntersfriend.eu\/sv\/wp-json\/wp\/v2\/product_tag?post=286104"}],"curies":[{"name":"wp","href":"https:\/\/api.w.org\/{rel}","templated":true}]}}